{"id":69146,"date":"2024-09-18T23:03:10","date_gmt":"2024-09-18T20:03:10","guid":{"rendered":"https:\/\/nautical.store\/?post_type=product&#038;p=69146"},"modified":"2026-01-09T10:48:18","modified_gmt":"2026-01-09T08:48:18","slug":"crushed-satin-toppi","status":"publish","type":"product","link":"https:\/\/nautical.store\/fi\/tuote\/crushed-satin-toppi\/","title":{"rendered":"Crushed Satin Toppi"},"content":{"rendered":"<p>L\u00f6yd\u00e4 eleganssi ja luksus t\u00e4m\u00e4n pehme\u00e4st\u00e4 ja hohtavasta kankaasta valmistetun puseron avulla. P\u00e4\u00e4ntien reunaa koristaa kimaltava lurexlanka, joka antaa hienostuneen ja glamourisen viimeistelyn.<\/p>\n<ul>\n<li>100% asetaatti<\/li>\n<li>Asetaatti on eritt\u00e4in joustava ja s\u00e4ilytt\u00e4\u00e4 hyvin muotonsa.<\/li>\n<li>Koko 38: kokonaispituus 62 cm.<\/li>\n<\/ul>\n<p>Huom! Chocolate\u2011v\u00e4rikoodilla n\u00e4kyv\u00e4 kuva on havainnollistava, jotta v\u00e4ris\u00e4vy olisi paremmin n\u00e4ht\u00e4viss\u00e4.<\/p>\n<p><!--EndFragment --><\/p>\n","protected":false},"excerpt":{"rendered":"<p>L\u00f6yd\u00e4 eleganssi ja luksus t\u00e4m\u00e4n pehme\u00e4st\u00e4 ja hohtavasta kankaasta valmistetun puseron avulla. P\u00e4\u00e4ntien reunaa koristaa kimaltava lurexlanka, joka antaa hienostuneen ja glamourisen viimeistelyn. 100% asetaatti Asetaatti on eritt\u00e4in joustava ja s\u00e4ilytt\u00e4\u00e4 hyvin muotonsa. Koko 38: kokonaispituus 62 cm. Huom! Chocolate\u2011v\u00e4rikoodilla n\u00e4kyv\u00e4 kuva on havainnollistava, jotta v\u00e4ris\u00e4vy olisi paremmin n\u00e4ht\u00e4viss\u00e4.<\/p>\n","protected":false},"featured_media":69020,"template":"","meta":{"_acf_changed":false},"pwb-brand":[1640],"product_brand":[],"product_cat":[877,827,2183,590],"product_tag":[],"woo-feed-brand":[],"class_list":{"0":"post-69146","1":"product","2":"type-product","3":"status-publish","4":"has-post-thumbnail","6":"pwb-brand-esqualo-fi","7":"product_cat-edullinen-hinta-naiset","8":"product_cat-naiset","9":"product_cat-outlet-fi","10":"product_cat-paidat","12":"first","13":"instock","14":"sale","15":"taxable","16":"shipping-taxable","17":"purchasable","18":"product-type-variable","19":"wvs-archive-product-wrapper"},"acf":[],"brands":[{"id":1640,"name":"EsQualo","slug":"esqualo-fi"}],"_links":{"self":[{"href":"https:\/\/nautical.store\/fi\/wp-json\/wp\/v2\/product\/69146","targetHints":{"allow":["GET"]}}],"collection":[{"href":"https:\/\/nautical.store\/fi\/wp-json\/wp\/v2\/product"}],"about":[{"href":"https:\/\/nautical.store\/fi\/wp-json\/wp\/v2\/types\/product"}],"wp:featuredmedia":[{"embeddable":true,"href":"https:\/\/nautical.store\/fi\/wp-json\/wp\/v2\/media\/69020"}],"wp:attachment":[{"href":"https:\/\/nautical.store\/fi\/wp-json\/wp\/v2\/media?parent=69146"}],"wp:term":[{"taxonomy":"pwb-brand","embeddable":true,"href":"https:\/\/nautical.store\/fi\/wp-json\/wp\/v2\/pwb-brand?post=69146"},{"taxonomy":"product_brand","embeddable":true,"href":"https:\/\/nautical.store\/fi\/wp-json\/wp\/v2\/product_brand?post=69146"},{"taxonomy":"product_cat","embeddable":true,"href":"https:\/\/nautical.store\/fi\/wp-json\/wp\/v2\/product_cat?post=69146"},{"taxonomy":"product_tag","embeddable":true,"href":"https:\/\/nautical.store\/fi\/wp-json\/wp\/v2\/product_tag?post=69146"},{"taxonomy":"woo-feed-brand","embeddable":true,"href":"https:\/\/nautical.store\/fi\/wp-json\/wp\/v2\/woo-feed-brand?post=69146"}],"curies":[{"name":"wp","href":"https:\/\/api.w.org\/{rel}","templated":true}]}}