{"id":69206,"date":"2024-09-07T22:31:24","date_gmt":"2024-09-07T19:31:24","guid":{"rendered":"https:\/\/nautical.store\/toode\/matilda-pitka-liivi\/"},"modified":"2026-01-09T11:25:46","modified_gmt":"2026-01-09T09:25:46","slug":"matilda-pitka-liivi","status":"publish","type":"product","link":"https:\/\/nautical.store\/fi\/tuote\/matilda-pitka-liivi\/","title":{"rendered":"Matilda Pitk\u00e4 Liivi"},"content":{"rendered":"<p><!--StartFragment --><\/p>\n<p>Neulottu liivi, valmistettu ilmavasta ja erityisen hienosta RWS\u2011sertifioidun merinovillan ja alpakavillan sekoitteesta. Korkeat halkiot molemmilla sivuilla ja laskettu olkalinja. Valmistettu Euroopassa.<\/p>\n<p>RWS (Responsible Wool Standard) \u2011sertifikaatti takaa el\u00e4inten hyvinvoinnin, villan vastuullisen k\u00e4sittelyn koko tuotantoprosessin ajan sek\u00e4 laidunten kest\u00e4v\u00e4n k\u00e4yt\u00f6n.<\/p>\n<ul>\n<li>Halkiot molemmilla sivuilla<\/li>\n<li>Viimeistelem\u00e4tt\u00f6m\u00e4t (raw) reunat<\/li>\n<li>V\u00e4lj\u00e4, rento mitoitus<\/li>\n<li>Suunniteltu Ruotsissa<\/li>\n<li>Valmistettu Euroopassa<\/li>\n<li>Materiaali: 32% hieno alpakanvilla, 32% extra fine RWS\u2011merinovilla, 34% polyamidi, 2% elastaani<\/li>\n<li>Koko M: kokonaispituus 126 cm<\/li>\n<\/ul>\n<p>&nbsp;<\/p>\n<p>&nbsp;<\/p>\n<p><!--EndFragment --><\/p>\n","protected":false},"excerpt":{"rendered":"<p>Neulottu pitk\u00e4 liivi merino\u2011 ja alpakavillasta<\/p>\n","protected":false},"featured_media":68158,"template":"","meta":{"_acf_changed":false},"pwb-brand":[836],"product_brand":[],"product_cat":[877,827,601],"product_tag":[],"woo-feed-brand":[],"class_list":{"0":"post-69206","1":"product","2":"type-product","3":"status-publish","4":"has-post-thumbnail","6":"pwb-brand-holebrook-fi","7":"product_cat-edullinen-hinta-naiset","8":"product_cat-naiset","9":"product_cat-neuleet","11":"first","12":"instock","13":"sale","14":"taxable","15":"shipping-taxable","16":"purchasable","17":"product-type-variable","18":"wvs-archive-product-wrapper"},"acf":[],"brands":[{"id":836,"name":"Holebrook","slug":"holebrook-fi"}],"_links":{"self":[{"href":"https:\/\/nautical.store\/fi\/wp-json\/wp\/v2\/product\/69206","targetHints":{"allow":["GET"]}}],"collection":[{"href":"https:\/\/nautical.store\/fi\/wp-json\/wp\/v2\/product"}],"about":[{"href":"https:\/\/nautical.store\/fi\/wp-json\/wp\/v2\/types\/product"}],"wp:featuredmedia":[{"embeddable":true,"href":"https:\/\/nautical.store\/fi\/wp-json\/wp\/v2\/media\/68158"}],"wp:attachment":[{"href":"https:\/\/nautical.store\/fi\/wp-json\/wp\/v2\/media?parent=69206"}],"wp:term":[{"taxonomy":"pwb-brand","embeddable":true,"href":"https:\/\/nautical.store\/fi\/wp-json\/wp\/v2\/pwb-brand?post=69206"},{"taxonomy":"product_brand","embeddable":true,"href":"https:\/\/nautical.store\/fi\/wp-json\/wp\/v2\/product_brand?post=69206"},{"taxonomy":"product_cat","embeddable":true,"href":"https:\/\/nautical.store\/fi\/wp-json\/wp\/v2\/product_cat?post=69206"},{"taxonomy":"product_tag","embeddable":true,"href":"https:\/\/nautical.store\/fi\/wp-json\/wp\/v2\/product_tag?post=69206"},{"taxonomy":"woo-feed-brand","embeddable":true,"href":"https:\/\/nautical.store\/fi\/wp-json\/wp\/v2\/woo-feed-brand?post=69206"}],"curies":[{"name":"wp","href":"https:\/\/api.w.org\/{rel}","templated":true}]}}