{"id":69214,"date":"2024-09-07T22:16:12","date_gmt":"2024-09-07T19:16:12","guid":{"rendered":"https:\/\/nautical.store\/toode\/kristina-crew\/"},"modified":"2026-01-09T12:06:06","modified_gmt":"2026-01-09T10:06:06","slug":"kristina-crew","status":"publish","type":"product","link":"https:\/\/nautical.store\/fi\/tuote\/kristina-crew\/","title":{"rendered":"Kristina Crew"},"content":{"rendered":"<p><!--StartFragment --><\/p>\n<p>Kristina Crew on klassinen, suoralla leikkauksella ja pitkill\u00e4 hihoilla varustettu neulepusero, valmistettu korkealaatuisesta merinovillasta.<\/p>\n<p>Materiaali: 100 % extra fine \u2011merinovilla<\/p>\n<ul>\n<li>Py\u00f6re\u00e4 p\u00e4\u00e4ntie<\/li>\n<li>Sopii erinomaisesti jokap\u00e4iv\u00e4iseen k\u00e4ytt\u00f6\u00f6n<\/li>\n<li>Joustinneulotut hihansuut, helma ja p\u00e4\u00e4ntie<\/li>\n<li>Hell\u00e4varainen joustinneulos sel\u00e4ss\u00e4, joka lis\u00e4\u00e4 eleganttia ja naisellista ilmett\u00e4<\/li>\n<li>Halkio takana helmassa: 6 cm<\/li>\n<li>Koko M: kokonaispituus 62 cm<\/li>\n<\/ul>\n<p><!--EndFragment --><\/p>\n","protected":false},"excerpt":{"rendered":"<p>100 % merinovillasta valmistettu klassinen neulepusero<\/p>\n","protected":false},"featured_media":68127,"template":"","meta":{"_acf_changed":false},"pwb-brand":[836],"product_brand":[],"product_cat":[877,827,601,2183],"product_tag":[],"woo-feed-brand":[],"class_list":{"0":"post-69214","1":"product","2":"type-product","3":"status-publish","4":"has-post-thumbnail","6":"pwb-brand-holebrook-fi","7":"product_cat-edullinen-hinta-naiset","8":"product_cat-naiset","9":"product_cat-neuleet","10":"product_cat-outlet-fi","12":"first","13":"instock","14":"sale","15":"taxable","16":"shipping-taxable","17":"purchasable","18":"product-type-variable","19":"wvs-archive-product-wrapper"},"acf":[],"brands":[{"id":836,"name":"Holebrook","slug":"holebrook-fi"}],"_links":{"self":[{"href":"https:\/\/nautical.store\/fi\/wp-json\/wp\/v2\/product\/69214","targetHints":{"allow":["GET"]}}],"collection":[{"href":"https:\/\/nautical.store\/fi\/wp-json\/wp\/v2\/product"}],"about":[{"href":"https:\/\/nautical.store\/fi\/wp-json\/wp\/v2\/types\/product"}],"wp:featuredmedia":[{"embeddable":true,"href":"https:\/\/nautical.store\/fi\/wp-json\/wp\/v2\/media\/68127"}],"wp:attachment":[{"href":"https:\/\/nautical.store\/fi\/wp-json\/wp\/v2\/media?parent=69214"}],"wp:term":[{"taxonomy":"pwb-brand","embeddable":true,"href":"https:\/\/nautical.store\/fi\/wp-json\/wp\/v2\/pwb-brand?post=69214"},{"taxonomy":"product_brand","embeddable":true,"href":"https:\/\/nautical.store\/fi\/wp-json\/wp\/v2\/product_brand?post=69214"},{"taxonomy":"product_cat","embeddable":true,"href":"https:\/\/nautical.store\/fi\/wp-json\/wp\/v2\/product_cat?post=69214"},{"taxonomy":"product_tag","embeddable":true,"href":"https:\/\/nautical.store\/fi\/wp-json\/wp\/v2\/product_tag?post=69214"},{"taxonomy":"woo-feed-brand","embeddable":true,"href":"https:\/\/nautical.store\/fi\/wp-json\/wp\/v2\/woo-feed-brand?post=69214"}],"curies":[{"name":"wp","href":"https:\/\/api.w.org\/{rel}","templated":true}]}}