{"id":69221,"date":"2024-09-07T22:23:44","date_gmt":"2024-09-07T19:23:44","guid":{"rendered":"https:\/\/nautical.store\/toode\/kristina-hame\/"},"modified":"2025-10-12T14:39:45","modified_gmt":"2025-10-12T11:39:45","slug":"kristina-hame","status":"publish","type":"product","link":"https:\/\/nautical.store\/fi\/tuote\/kristina-hame\/","title":{"rendered":"Kristina Hame"},"content":{"rendered":"<p>Elegantti ja naisellinen pitk\u00e4 neulehame pehme\u00e4st\u00e4 ja laadukkaasta merinovillasta. Ribattu pinta tuo ilmett\u00e4, ja leve\u00e4 vy\u00f6t\u00e4r\u00f6resori takaa mukavan istuvuuden. Suora malli, sivuhalkiot ja hienostunut materiaali tekev\u00e4t t\u00e4st\u00e4 arjen ja juhlan luottovaatekappaleen. Sopii t\u00e4ydellisesti yhteen Kristina-neuleen kanssa.<br \/>\n\u2022 Materiaali: 100 % extra fine merinovilla<br \/>\n\u2022 Leve\u00e4 vy\u00f6t\u00e4r\u00f6resori<br \/>\n\u2022 Suora leikkaus<br \/>\n\u2022 Sivuhalkiot<br \/>\n\u2022 Pituus koossa M: 85 cm<\/p>\n","protected":false},"excerpt":{"rendered":"<p>Elegantti ja naisellinen pitk\u00e4 neulehame pehme\u00e4st\u00e4 ja laadukkaasta merinovillasta. Ribattu pinta tuo ilmett\u00e4, ja leve\u00e4 vy\u00f6t\u00e4r\u00f6resori takaa mukavan istuvuuden. Suora malli, sivuhalkiot ja hienostunut materiaali tekev\u00e4t t\u00e4st\u00e4 arjen ja juhlan luottovaatekappaleen. Sopii t\u00e4ydellisesti yhteen Kristina-neuleen kanssa. \u2022 Materiaali: 100 % extra fine merinovilla \u2022 Leve\u00e4 vy\u00f6t\u00e4r\u00f6resori \u2022 Suora leikkaus \u2022 Sivuhalkiot \u2022 Pituus koossa M: [&hellip;]<\/p>\n","protected":false},"featured_media":68108,"template":"","meta":{"_acf_changed":false},"pwb-brand":[836],"product_brand":[],"product_cat":[877,639,827,601],"product_tag":[],"woo-feed-brand":[],"class_list":{"0":"post-69221","1":"product","2":"type-product","3":"status-publish","4":"has-post-thumbnail","6":"pwb-brand-holebrook-fi","7":"product_cat-edullinen-hinta-naiset","8":"product_cat-hameet","9":"product_cat-naiset","10":"product_cat-neuleet","12":"first","13":"instock","14":"sale","15":"taxable","16":"shipping-taxable","17":"purchasable","18":"product-type-variable","19":"wvs-archive-product-wrapper"},"acf":[],"brands":[{"id":836,"name":"Holebrook","slug":"holebrook-fi"}],"_links":{"self":[{"href":"https:\/\/nautical.store\/fi\/wp-json\/wp\/v2\/product\/69221","targetHints":{"allow":["GET"]}}],"collection":[{"href":"https:\/\/nautical.store\/fi\/wp-json\/wp\/v2\/product"}],"about":[{"href":"https:\/\/nautical.store\/fi\/wp-json\/wp\/v2\/types\/product"}],"wp:featuredmedia":[{"embeddable":true,"href":"https:\/\/nautical.store\/fi\/wp-json\/wp\/v2\/media\/68108"}],"wp:attachment":[{"href":"https:\/\/nautical.store\/fi\/wp-json\/wp\/v2\/media?parent=69221"}],"wp:term":[{"taxonomy":"pwb-brand","embeddable":true,"href":"https:\/\/nautical.store\/fi\/wp-json\/wp\/v2\/pwb-brand?post=69221"},{"taxonomy":"product_brand","embeddable":true,"href":"https:\/\/nautical.store\/fi\/wp-json\/wp\/v2\/product_brand?post=69221"},{"taxonomy":"product_cat","embeddable":true,"href":"https:\/\/nautical.store\/fi\/wp-json\/wp\/v2\/product_cat?post=69221"},{"taxonomy":"product_tag","embeddable":true,"href":"https:\/\/nautical.store\/fi\/wp-json\/wp\/v2\/product_tag?post=69221"},{"taxonomy":"woo-feed-brand","embeddable":true,"href":"https:\/\/nautical.store\/fi\/wp-json\/wp\/v2\/woo-feed-brand?post=69221"}],"curies":[{"name":"wp","href":"https:\/\/api.w.org\/{rel}","templated":true}]}}