{"id":69228,"date":"2024-09-07T22:19:44","date_gmt":"2024-09-07T19:19:44","guid":{"rendered":"https:\/\/nautical.store\/toode\/kristina-sviiteri\/"},"modified":"2025-10-09T23:39:17","modified_gmt":"2025-10-09T20:39:17","slug":"kristina-sviiteri","status":"publish","type":"product","link":"https:\/\/nautical.store\/fi\/tuote\/kristina-sviiteri\/","title":{"rendered":"Kristiina merinovillainen toppi"},"content":{"rendered":"<p>Neulottu lyhythihainen pusero erityisen hienosta merinovillasta. Py\u00f6re\u00e4 p\u00e4\u00e4ntie ja ranskalainen olkalinja. Kyljiss\u00e4 ribbineulosta, suora ja v\u00e4lj\u00e4 istuvuus. Yhdist\u00e4 samanlaatuiseen Wendela-hameeseen saadaksesi harmonisen kokonaisuuden. Lanka on Woolmark-sertifioitu, mik\u00e4 takaa, ett\u00e4 tuote on valmistettu 100 % puhtaasta villasta ja t\u00e4ytt\u00e4\u00e4 korkeat laatustandardit. Valmistettu Euroopassa kest\u00e4v\u00e4n kehityksen periaattein.<\/p>\n<ul>\n<li>Materiaali: 100 % extra fine merinovilla<\/li>\n<li>Lyhyet, v\u00e4lj\u00e4t hihat<\/li>\n<li>Ribbineulos hihansuissa, helmassa ja p\u00e4\u00e4ntien reunassa<\/li>\n<li>Ribbineulos sivuilla<\/li>\n<li>V\u00e4lj\u00e4 istuvuus<\/li>\n<li>Koko S: pituus 57 cm, leveys 54 cm<\/li>\n<\/ul>\n","protected":false},"excerpt":{"rendered":"<p>Neulottu lyhythihainen toppi 100 % erityisen hienosta merinovillasta<\/p>\n","protected":false},"featured_media":85717,"template":"","meta":{"_acf_changed":false},"pwb-brand":[836],"product_brand":[],"product_cat":[877,827,601],"product_tag":[],"woo-feed-brand":[],"class_list":{"0":"post-69228","1":"product","2":"type-product","3":"status-publish","4":"has-post-thumbnail","6":"pwb-brand-holebrook-fi","7":"product_cat-edullinen-hinta-naiset","8":"product_cat-naiset","9":"product_cat-neuleet","11":"first","12":"instock","13":"sale","14":"taxable","15":"shipping-taxable","16":"purchasable","17":"product-type-variable","18":"wvs-archive-product-wrapper"},"acf":[],"brands":[{"id":836,"name":"Holebrook","slug":"holebrook-fi"}],"_links":{"self":[{"href":"https:\/\/nautical.store\/fi\/wp-json\/wp\/v2\/product\/69228","targetHints":{"allow":["GET"]}}],"collection":[{"href":"https:\/\/nautical.store\/fi\/wp-json\/wp\/v2\/product"}],"about":[{"href":"https:\/\/nautical.store\/fi\/wp-json\/wp\/v2\/types\/product"}],"wp:featuredmedia":[{"embeddable":true,"href":"https:\/\/nautical.store\/fi\/wp-json\/wp\/v2\/media\/85717"}],"wp:attachment":[{"href":"https:\/\/nautical.store\/fi\/wp-json\/wp\/v2\/media?parent=69228"}],"wp:term":[{"taxonomy":"pwb-brand","embeddable":true,"href":"https:\/\/nautical.store\/fi\/wp-json\/wp\/v2\/pwb-brand?post=69228"},{"taxonomy":"product_brand","embeddable":true,"href":"https:\/\/nautical.store\/fi\/wp-json\/wp\/v2\/product_brand?post=69228"},{"taxonomy":"product_cat","embeddable":true,"href":"https:\/\/nautical.store\/fi\/wp-json\/wp\/v2\/product_cat?post=69228"},{"taxonomy":"product_tag","embeddable":true,"href":"https:\/\/nautical.store\/fi\/wp-json\/wp\/v2\/product_tag?post=69228"},{"taxonomy":"woo-feed-brand","embeddable":true,"href":"https:\/\/nautical.store\/fi\/wp-json\/wp\/v2\/woo-feed-brand?post=69228"}],"curies":[{"name":"wp","href":"https:\/\/api.w.org\/{rel}","templated":true}]}}