{"id":69503,"date":"2024-09-26T13:50:42","date_gmt":"2024-09-26T10:50:42","guid":{"rendered":"https:\/\/nautical.store\/?post_type=product&#038;p=69503"},"modified":"2026-01-12T13:11:12","modified_gmt":"2026-01-12T11:11:12","slug":"anita-hame","status":"publish","type":"product","link":"https:\/\/nautical.store\/fi\/tuote\/anita-hame\/","title":{"rendered":"Anita Hame"},"content":{"rendered":"<p>Anita on ylellisest\u00e4 merinovillasekoitteesta neulottu hame. Se pit\u00e4\u00e4 l\u00e4mpim\u00e4n\u00e4 ja tuntuu miellytt\u00e4v\u00e4n pehme\u00e4lt\u00e4 ihoa vasten.<\/p>\n<ul>\n<li>\u00a077 % extra fine merinovillaa, 22 % polyamidia, 1 % elastaania<\/li>\n<li>A-linja<\/li>\n<li>Joustava vy\u00f6t\u00e4r\u00f6 takaa erinomaisen istuvuuden, tarjoten liikkumisvapautta ja mukavuutta<\/li>\n<li>Normaali istuvuus<\/li>\n<\/ul>\n","protected":false},"excerpt":{"rendered":"<p>Merinovillasekoitteesta neulottu hame<\/p>\n","protected":false},"featured_media":69543,"template":"","meta":{"_acf_changed":false},"pwb-brand":[836],"product_brand":[],"product_cat":[877,639,827,601,2183],"product_tag":[],"woo-feed-brand":[],"class_list":{"0":"post-69503","1":"product","2":"type-product","3":"status-publish","4":"has-post-thumbnail","6":"pwb-brand-holebrook-fi","7":"product_cat-edullinen-hinta-naiset","8":"product_cat-hameet","9":"product_cat-naiset","10":"product_cat-neuleet","11":"product_cat-outlet-fi","13":"first","14":"instock","15":"sale","16":"taxable","17":"shipping-taxable","18":"purchasable","19":"product-type-variable","20":"wvs-archive-product-wrapper"},"acf":[],"brands":[{"id":836,"name":"Holebrook","slug":"holebrook-fi"}],"_links":{"self":[{"href":"https:\/\/nautical.store\/fi\/wp-json\/wp\/v2\/product\/69503","targetHints":{"allow":["GET"]}}],"collection":[{"href":"https:\/\/nautical.store\/fi\/wp-json\/wp\/v2\/product"}],"about":[{"href":"https:\/\/nautical.store\/fi\/wp-json\/wp\/v2\/types\/product"}],"wp:featuredmedia":[{"embeddable":true,"href":"https:\/\/nautical.store\/fi\/wp-json\/wp\/v2\/media\/69543"}],"wp:attachment":[{"href":"https:\/\/nautical.store\/fi\/wp-json\/wp\/v2\/media?parent=69503"}],"wp:term":[{"taxonomy":"pwb-brand","embeddable":true,"href":"https:\/\/nautical.store\/fi\/wp-json\/wp\/v2\/pwb-brand?post=69503"},{"taxonomy":"product_brand","embeddable":true,"href":"https:\/\/nautical.store\/fi\/wp-json\/wp\/v2\/product_brand?post=69503"},{"taxonomy":"product_cat","embeddable":true,"href":"https:\/\/nautical.store\/fi\/wp-json\/wp\/v2\/product_cat?post=69503"},{"taxonomy":"product_tag","embeddable":true,"href":"https:\/\/nautical.store\/fi\/wp-json\/wp\/v2\/product_tag?post=69503"},{"taxonomy":"woo-feed-brand","embeddable":true,"href":"https:\/\/nautical.store\/fi\/wp-json\/wp\/v2\/woo-feed-brand?post=69503"}],"curies":[{"name":"wp","href":"https:\/\/api.w.org\/{rel}","templated":true}]}}