{"id":69656,"date":"2024-09-26T15:04:03","date_gmt":"2024-09-26T12:04:03","guid":{"rendered":"https:\/\/nautical.store\/toode\/bobby-vintage-corduroy\/"},"modified":"2025-10-16T09:46:41","modified_gmt":"2025-10-16T06:46:41","slug":"bobby-vintage-corduroy","status":"publish","type":"product","link":"https:\/\/nautical.store\/fi\/tuote\/bobby-vintage-corduroy\/","title":{"rendered":"Bobby Vintage Corduroy"},"content":{"rendered":"<p><!--StartFragment --><\/p>\n<p>Bobby Vintage Corduroy -housut ovat tyylikk\u00e4\u00e4t, korkeavy\u00f6t\u00e4r\u00f6iset vakosamettihousut suoralla lahkeella.<\/p>\n<ul>\n<li>Materiaali: 98 % puuvillaa, 2 % elastaania<\/li>\n<li>Lahkeet ovat polvesta alasp\u00e4in suorat<\/li>\n<li>Vy\u00f6t\u00e4r\u00f6ll\u00e4 koristeellinen punottu ny\u00f6ri<\/li>\n<li>4 taskua: 2 edess\u00e4 ja 2 takana<\/li>\n<li>Valmistettu puuvillan ja elastaanin sekoitteesta \u2013 mukavat ja joustavat p\u00e4\u00e4ll\u00e4<\/li>\n<li>Sopivat hyvin sek\u00e4 lenkkareiden ett\u00e4 nilkkureiden kanssa<\/li>\n<li>Koko 36: lahkeen sis\u00e4pituus 76 cm, kokonaispituus 101 cm<\/li>\n<\/ul>\n<p><!--EndFragment --><\/p>\n","protected":false},"excerpt":{"rendered":"<p>Korkeavy\u00f6t\u00e4r\u00f6iset vakosamettihousut<\/p>\n","protected":false},"featured_media":69628,"template":"","meta":{"_acf_changed":false},"pwb-brand":[959],"product_brand":[],"product_cat":[877,640,827],"product_tag":[],"woo-feed-brand":[],"class_list":{"0":"post-69656","1":"product","2":"type-product","3":"status-publish","4":"has-post-thumbnail","6":"pwb-brand-para-mi-fi","7":"product_cat-edullinen-hinta-naiset","8":"product_cat-housut-fi","9":"product_cat-naiset","11":"first","12":"instock","13":"sale","14":"taxable","15":"shipping-taxable","16":"purchasable","17":"product-type-variable","18":"wvs-archive-product-wrapper"},"acf":[],"brands":[{"id":959,"name":"Para Mi","slug":"para-mi-fi"}],"_links":{"self":[{"href":"https:\/\/nautical.store\/fi\/wp-json\/wp\/v2\/product\/69656","targetHints":{"allow":["GET"]}}],"collection":[{"href":"https:\/\/nautical.store\/fi\/wp-json\/wp\/v2\/product"}],"about":[{"href":"https:\/\/nautical.store\/fi\/wp-json\/wp\/v2\/types\/product"}],"wp:featuredmedia":[{"embeddable":true,"href":"https:\/\/nautical.store\/fi\/wp-json\/wp\/v2\/media\/69628"}],"wp:attachment":[{"href":"https:\/\/nautical.store\/fi\/wp-json\/wp\/v2\/media?parent=69656"}],"wp:term":[{"taxonomy":"pwb-brand","embeddable":true,"href":"https:\/\/nautical.store\/fi\/wp-json\/wp\/v2\/pwb-brand?post=69656"},{"taxonomy":"product_brand","embeddable":true,"href":"https:\/\/nautical.store\/fi\/wp-json\/wp\/v2\/product_brand?post=69656"},{"taxonomy":"product_cat","embeddable":true,"href":"https:\/\/nautical.store\/fi\/wp-json\/wp\/v2\/product_cat?post=69656"},{"taxonomy":"product_tag","embeddable":true,"href":"https:\/\/nautical.store\/fi\/wp-json\/wp\/v2\/product_tag?post=69656"},{"taxonomy":"woo-feed-brand","embeddable":true,"href":"https:\/\/nautical.store\/fi\/wp-json\/wp\/v2\/woo-feed-brand?post=69656"}],"curies":[{"name":"wp","href":"https:\/\/api.w.org\/{rel}","templated":true}]}}