{"id":69683,"date":"2024-09-26T14:57:31","date_gmt":"2024-09-26T11:57:31","guid":{"rendered":"https:\/\/nautical.store\/toode\/cate-ribcord-samettihousut\/"},"modified":"2026-02-27T12:36:21","modified_gmt":"2026-02-27T10:36:21","slug":"cate-ribcord-samettihousut","status":"publish","type":"product","link":"https:\/\/nautical.store\/fi\/tuote\/cate-ribcord-samettihousut\/","title":{"rendered":"Cate Ribcord -samettihousut"},"content":{"rendered":"<p>Cate Ribcord ovat korkeavy\u00f6t\u00e4r\u00f6iset, suoralahkeiset samettihousut.<br \/>\nPuuvilla-elastaanisekoitus tekee housuista mukavat ja joustavat. Housut sopivat hyvin sek\u00e4 lenkkareiden ett\u00e4 nilkkureiden kanssa. Mukana kangasvy\u00f6.<br \/>\n\u2022 materiaali: 98 % puuvillaa, 2 % elastaania<br \/>\n\u2022 2 sivutaskua<br \/>\n\u2022 nappi- ja vetoketjukiinnitys<br \/>\n\u2022 koko 36: lahkeen sis\u00e4pituus 77 cm, kokonaispituus 105 cm<\/p>\n","protected":false},"excerpt":{"rendered":"<p>Cate Ribcord ovat korkeavy\u00f6t\u00e4r\u00f6iset, suoralahkeiset samettihousut. Puuvilla-elastaanisekoitus tekee housuista mukavat ja joustavat. Housut sopivat hyvin sek\u00e4 lenkkareiden ett\u00e4 nilkkureiden kanssa. Mukana kangasvy\u00f6. \u2022 materiaali: 98 % puuvillaa, 2 % elastaania \u2022 2 sivutaskua \u2022 nappi- ja vetoketjukiinnitys \u2022 koko 36: lahkeen sis\u00e4pituus 77 cm, kokonaispituus 105 cm<\/p>\n","protected":false},"featured_media":69589,"template":"","meta":{"_acf_changed":false},"pwb-brand":[959],"product_brand":[],"product_cat":[877,640,827],"product_tag":[],"woo-feed-brand":[],"class_list":{"0":"post-69683","1":"product","2":"type-product","3":"status-publish","4":"has-post-thumbnail","6":"pwb-brand-para-mi-fi","7":"product_cat-edullinen-hinta-naiset","8":"product_cat-housut-fi","9":"product_cat-naiset","11":"first","12":"instock","13":"sale","14":"taxable","15":"shipping-taxable","16":"purchasable","17":"product-type-variable","18":"wvs-archive-product-wrapper"},"acf":[],"brands":[{"id":959,"name":"Para Mi","slug":"para-mi-fi"}],"_links":{"self":[{"href":"https:\/\/nautical.store\/fi\/wp-json\/wp\/v2\/product\/69683","targetHints":{"allow":["GET"]}}],"collection":[{"href":"https:\/\/nautical.store\/fi\/wp-json\/wp\/v2\/product"}],"about":[{"href":"https:\/\/nautical.store\/fi\/wp-json\/wp\/v2\/types\/product"}],"wp:featuredmedia":[{"embeddable":true,"href":"https:\/\/nautical.store\/fi\/wp-json\/wp\/v2\/media\/69589"}],"wp:attachment":[{"href":"https:\/\/nautical.store\/fi\/wp-json\/wp\/v2\/media?parent=69683"}],"wp:term":[{"taxonomy":"pwb-brand","embeddable":true,"href":"https:\/\/nautical.store\/fi\/wp-json\/wp\/v2\/pwb-brand?post=69683"},{"taxonomy":"product_brand","embeddable":true,"href":"https:\/\/nautical.store\/fi\/wp-json\/wp\/v2\/product_brand?post=69683"},{"taxonomy":"product_cat","embeddable":true,"href":"https:\/\/nautical.store\/fi\/wp-json\/wp\/v2\/product_cat?post=69683"},{"taxonomy":"product_tag","embeddable":true,"href":"https:\/\/nautical.store\/fi\/wp-json\/wp\/v2\/product_tag?post=69683"},{"taxonomy":"woo-feed-brand","embeddable":true,"href":"https:\/\/nautical.store\/fi\/wp-json\/wp\/v2\/woo-feed-brand?post=69683"}],"curies":[{"name":"wp","href":"https:\/\/api.w.org\/{rel}","templated":true}]}}