{"id":69978,"date":"2024-10-16T00:11:31","date_gmt":"2024-10-15T21:11:31","guid":{"rendered":"https:\/\/nautical.store\/?post_type=product&#038;p=69978"},"modified":"2024-10-16T00:11:32","modified_gmt":"2024-10-15T21:11:32","slug":"w-crew-paita-2","status":"publish","type":"product","link":"https:\/\/nautical.store\/fi\/tuote\/w-crew-paita-2\/","title":{"rendered":"W Crew Paita"},"content":{"rendered":"<p>Klassinen Oxford-paita, joka on valmistettu 100 % pehme\u00e4st\u00e4 puuvillasta. Ajaton design.<\/p>\n<ul>\n<li>Materiaali: 100 % puuvilla<\/li>\n<li>Nappikaulus<\/li>\n<li>Pelle P -brodeeraus vasemmassa rinnassa<\/li>\n<li>Pelle P -brodeeraus sel\u00e4ss\u00e4<\/li>\n<li>True Experience -brodeeraus takana ripustuslenkiss\u00e4<\/li>\n<li>Navigare necesse est -brodeeraus kauluksen sis\u00e4puolella<\/li>\n<\/ul>\n","protected":false},"excerpt":{"rendered":"<p>Klassinen Oxford-paita, joka on valmistettu 100 % pehme\u00e4st\u00e4 puuvillasta. Ajaton design. Materiaali: 100 % puuvilla Nappikaulus Pelle P -brodeeraus vasemmassa rinnassa Pelle P -brodeeraus sel\u00e4ss\u00e4 True Experience -brodeeraus takana ripustuslenkiss\u00e4 Navigare necesse est -brodeeraus kauluksen sis\u00e4puolella<\/p>\n","protected":false},"featured_media":70615,"template":"","meta":{"_acf_changed":false},"pwb-brand":[838],"product_brand":[],"product_cat":[827,590],"product_tag":[],"woo-feed-brand":[],"class_list":{"0":"post-69978","1":"product","2":"type-product","3":"status-publish","4":"has-post-thumbnail","6":"pwb-brand-pelle-petterson-fi","7":"product_cat-naiset","8":"product_cat-paidat","10":"first","11":"outofstock","12":"taxable","13":"shipping-taxable","14":"product-type-variable","15":"wvs-archive-product-wrapper"},"acf":[],"brands":[{"id":838,"name":"Pelle Petterson","slug":"pelle-petterson-fi"}],"_links":{"self":[{"href":"https:\/\/nautical.store\/fi\/wp-json\/wp\/v2\/product\/69978","targetHints":{"allow":["GET"]}}],"collection":[{"href":"https:\/\/nautical.store\/fi\/wp-json\/wp\/v2\/product"}],"about":[{"href":"https:\/\/nautical.store\/fi\/wp-json\/wp\/v2\/types\/product"}],"wp:featuredmedia":[{"embeddable":true,"href":"https:\/\/nautical.store\/fi\/wp-json\/wp\/v2\/media\/70615"}],"wp:attachment":[{"href":"https:\/\/nautical.store\/fi\/wp-json\/wp\/v2\/media?parent=69978"}],"wp:term":[{"taxonomy":"pwb-brand","embeddable":true,"href":"https:\/\/nautical.store\/fi\/wp-json\/wp\/v2\/pwb-brand?post=69978"},{"taxonomy":"product_brand","embeddable":true,"href":"https:\/\/nautical.store\/fi\/wp-json\/wp\/v2\/product_brand?post=69978"},{"taxonomy":"product_cat","embeddable":true,"href":"https:\/\/nautical.store\/fi\/wp-json\/wp\/v2\/product_cat?post=69978"},{"taxonomy":"product_tag","embeddable":true,"href":"https:\/\/nautical.store\/fi\/wp-json\/wp\/v2\/product_tag?post=69978"},{"taxonomy":"woo-feed-brand","embeddable":true,"href":"https:\/\/nautical.store\/fi\/wp-json\/wp\/v2\/woo-feed-brand?post=69978"}],"curies":[{"name":"wp","href":"https:\/\/api.w.org\/{rel}","templated":true}]}}