{"id":69984,"date":"2024-10-15T16:59:00","date_gmt":"2024-10-15T13:59:00","guid":{"rendered":"https:\/\/nautical.store\/?post_type=product&#038;p=69984"},"modified":"2025-10-20T11:16:58","modified_gmt":"2025-10-20T08:16:58","slug":"navigo-rugby-paita","status":"publish","type":"product","link":"https:\/\/nautical.store\/fi\/tuote\/navigo-rugby-paita\/","title":{"rendered":"Navigo Rugby Paita"},"content":{"rendered":"<p>Pitk\u00e4hihainen, mukava ja pehme, laadukkaasta puuvillasta valmistettu pikeepaita. Valmistettu kest\u00e4v\u00e4st\u00e4 yksikerroksisesta jersey-kankaasta. Sopii p\u00e4ivitt\u00e4iseen k\u00e4ytt\u00f6\u00f6n.<\/p>\n<ul>\n<li>Koostumus: 100 % puuvilla<\/li>\n<li>3-nappinen kiinnitys ja kaulus<\/li>\n<li>Vetoketjullinen tasku vasemmassa rinnassa<\/li>\n<li>Pelle P -brodeeraus sel\u00e4ss\u00e4<\/li>\n<\/ul>\n","protected":false},"excerpt":{"rendered":"<p>Pitk\u00e4hihainen, mukava ja pehme, laadukkaasta puuvillasta valmistettu pikeepaita. Valmistettu kest\u00e4v\u00e4st\u00e4 yksikerroksisesta jersey-kankaasta. Sopii p\u00e4ivitt\u00e4iseen k\u00e4ytt\u00f6\u00f6n. Koostumus: 100 % puuvilla 3-nappinen kiinnitys ja kaulus Vetoketjullinen tasku vasemmassa rinnassa Pelle P -brodeeraus sel\u00e4ss\u00e4<\/p>\n","protected":false},"featured_media":86590,"template":"","meta":{"_acf_changed":false},"pwb-brand":[838],"product_brand":[],"product_cat":[876,777,1259,633],"product_tag":[],"woo-feed-brand":[],"class_list":{"0":"post-69984","1":"product","2":"type-product","3":"status-publish","4":"has-post-thumbnail","6":"pwb-brand-pelle-petterson-fi","7":"product_cat-edullinen-hinta-miehet-fi","8":"product_cat-miehet","9":"product_cat-miesten-golfvaatteet","10":"product_cat-paidat-fi","12":"first","13":"instock","14":"sale","15":"taxable","16":"shipping-taxable","17":"purchasable","18":"product-type-variable","19":"wvs-archive-product-wrapper"},"acf":[],"brands":[{"id":838,"name":"Pelle Petterson","slug":"pelle-petterson-fi"}],"_links":{"self":[{"href":"https:\/\/nautical.store\/fi\/wp-json\/wp\/v2\/product\/69984","targetHints":{"allow":["GET"]}}],"collection":[{"href":"https:\/\/nautical.store\/fi\/wp-json\/wp\/v2\/product"}],"about":[{"href":"https:\/\/nautical.store\/fi\/wp-json\/wp\/v2\/types\/product"}],"wp:featuredmedia":[{"embeddable":true,"href":"https:\/\/nautical.store\/fi\/wp-json\/wp\/v2\/media\/86590"}],"wp:attachment":[{"href":"https:\/\/nautical.store\/fi\/wp-json\/wp\/v2\/media?parent=69984"}],"wp:term":[{"taxonomy":"pwb-brand","embeddable":true,"href":"https:\/\/nautical.store\/fi\/wp-json\/wp\/v2\/pwb-brand?post=69984"},{"taxonomy":"product_brand","embeddable":true,"href":"https:\/\/nautical.store\/fi\/wp-json\/wp\/v2\/product_brand?post=69984"},{"taxonomy":"product_cat","embeddable":true,"href":"https:\/\/nautical.store\/fi\/wp-json\/wp\/v2\/product_cat?post=69984"},{"taxonomy":"product_tag","embeddable":true,"href":"https:\/\/nautical.store\/fi\/wp-json\/wp\/v2\/product_tag?post=69984"},{"taxonomy":"woo-feed-brand","embeddable":true,"href":"https:\/\/nautical.store\/fi\/wp-json\/wp\/v2\/woo-feed-brand?post=69984"}],"curies":[{"name":"wp","href":"https:\/\/api.w.org\/{rel}","templated":true}]}}