{"id":69993,"date":"2024-10-15T15:50:41","date_gmt":"2024-10-15T12:50:41","guid":{"rendered":"https:\/\/nautical.store\/?post_type=product&#038;p=69993"},"modified":"2025-11-19T23:37:44","modified_gmt":"2025-11-19T21:37:44","slug":"plannard-flex-urheilutakki","status":"publish","type":"product","link":"https:\/\/nautical.store\/fi\/tuote\/plannard-flex-urheilutakki\/","title":{"rendered":"pelleP Plannard Flex Urheilutakki"},"content":{"rendered":"<p>Monik\u00e4ytt\u00f6inen takki, joka sopii erinomaisesti sek\u00e4 maastohiihtoon ett\u00e4 suosikkifarkkujen kanssa k\u00e4ytett\u00e4v\u00e4ksi tai v\u00e4likerrokseksi, kun s\u00e4\u00e4 muuttuu todella viile\u00e4ksi. Plannard Flex -takin etupuolella on k\u00e4ytetty Plannard Grid\u2122 -tuulenpit\u00e4v\u00e4\u00e4 ja joustavaa kangasta, joka liikkuu kanssasi. Erityinen sis\u00e4pinta pit\u00e4\u00e4 sinut kuivana ja l\u00e4mpim\u00e4n\u00e4. Miesten takissa on heijastavia yksityiskohtia n\u00e4kyvyyden parantamiseksi ja kaksi k\u00e4yt\u00e4nn\u00f6llist\u00e4 vetoketjullista sivutaskua.<\/p>\n<ul>\n<li>Koostumus: 100 % polyesteri<\/li>\n<li>Edess\u00e4 tuulenpit\u00e4v\u00e4 materiaali<\/li>\n<li>Imukykyinen<\/li>\n<li>2 vetoketjullista sivutaskua<\/li>\n<li>Pelle P heijastava painatus hihoissa<\/li>\n<li>P-logo heijastava painatus kauluksen takana<\/li>\n<li>P-logolla varustettu vetoketju<\/li>\n<li>Normaali istuvuus<\/li>\n<li>Koko L sel\u00e4n pituus 72 cm<\/li>\n<\/ul>\n","protected":false},"excerpt":{"rendered":"<p>L\u00e4mmin ja kevyt treenitakki talven aktiiviseen liikuntaan<\/p>\n","protected":false},"featured_media":70103,"template":"","meta":{"_acf_changed":false},"pwb-brand":[838],"product_brand":[],"product_cat":[1180,716,777,1259,1261,1269,682],"product_tag":[],"woo-feed-brand":[],"class_list":{"0":"post-69993","1":"product","2":"type-product","3":"status-publish","4":"has-post-thumbnail","6":"pwb-brand-pelle-petterson-fi","7":"product_cat-golf-fi","8":"product_cat-hupparit-ja-fleecet-miehet","9":"product_cat-miehet","10":"product_cat-miesten-golfvaatteet","11":"product_cat-miesten-purjehdusvaatteet","12":"product_cat-purjehdus","13":"product_cat-tekniset-vaatteet","15":"first","16":"instock","17":"taxable","18":"shipping-taxable","19":"purchasable","20":"product-type-variable","21":"wvs-archive-product-wrapper"},"acf":[],"brands":[{"id":838,"name":"Pelle Petterson","slug":"pelle-petterson-fi"}],"_links":{"self":[{"href":"https:\/\/nautical.store\/fi\/wp-json\/wp\/v2\/product\/69993","targetHints":{"allow":["GET"]}}],"collection":[{"href":"https:\/\/nautical.store\/fi\/wp-json\/wp\/v2\/product"}],"about":[{"href":"https:\/\/nautical.store\/fi\/wp-json\/wp\/v2\/types\/product"}],"wp:featuredmedia":[{"embeddable":true,"href":"https:\/\/nautical.store\/fi\/wp-json\/wp\/v2\/media\/70103"}],"wp:attachment":[{"href":"https:\/\/nautical.store\/fi\/wp-json\/wp\/v2\/media?parent=69993"}],"wp:term":[{"taxonomy":"pwb-brand","embeddable":true,"href":"https:\/\/nautical.store\/fi\/wp-json\/wp\/v2\/pwb-brand?post=69993"},{"taxonomy":"product_brand","embeddable":true,"href":"https:\/\/nautical.store\/fi\/wp-json\/wp\/v2\/product_brand?post=69993"},{"taxonomy":"product_cat","embeddable":true,"href":"https:\/\/nautical.store\/fi\/wp-json\/wp\/v2\/product_cat?post=69993"},{"taxonomy":"product_tag","embeddable":true,"href":"https:\/\/nautical.store\/fi\/wp-json\/wp\/v2\/product_tag?post=69993"},{"taxonomy":"woo-feed-brand","embeddable":true,"href":"https:\/\/nautical.store\/fi\/wp-json\/wp\/v2\/woo-feed-brand?post=69993"}],"curies":[{"name":"wp","href":"https:\/\/api.w.org\/{rel}","templated":true}]}}