{"id":70008,"date":"2024-10-15T16:26:09","date_gmt":"2024-10-15T13:26:09","guid":{"rendered":"https:\/\/nautical.store\/?post_type=product&#038;p=70008"},"modified":"2025-10-16T12:05:31","modified_gmt":"2025-10-16T09:05:31","slug":"w-plannard-flex-urheiluhousut","status":"publish","type":"product","link":"https:\/\/nautical.store\/fi\/tuote\/w-plannard-flex-urheiluhousut\/","title":{"rendered":"PelleP naisten Plannard Flex -urheiluhousut"},"content":{"rendered":"<p>Monik\u00e4ytt\u00f6iset housut, jotka sopivat erinomaisesti maastohiihtoon sek\u00e4 viile\u00e4mmill\u00e4 p\u00e4ivill\u00e4 suksihousujen alle, kun s\u00e4\u00e4 muuttuu todella kylm\u00e4ksi. Plannard Flex -housujen etupuolella on k\u00e4ytetty Plannard Grid\u2122 -tuulenpit\u00e4v\u00e4\u00e4 ja joustavaa kangasta, joka liikkuu kanssasi. Erityinen sis\u00e4pinta pit\u00e4\u00e4 sinut kuivana ja l\u00e4mpim\u00e4n\u00e4. Naisten housuissa on heijastavia yksityiskohtia n\u00e4kyvyyden parantamiseksi ja k\u00e4yt\u00e4nn\u00f6llinen vetoketjullinen takatasku.<\/p>\n<ul>\n<li>Koostumus: 100 % polyesteri<\/li>\n<li>Edess\u00e4 tuulenpit\u00e4v\u00e4 materiaali<\/li>\n<li>K\u00e4yt\u00e4nn\u00f6llinen vetoketjullinen takatasku<\/li>\n<li>Pelle P heijastava yksityiskohta oikeassa lahkeessa<\/li>\n<li>Normaali istuvuus<\/li>\n<li>Koko M lahkeen sis\u00e4pituus 79 cm, kokonaispituus 105 cm<\/li>\n<\/ul>\n","protected":false},"excerpt":{"rendered":"<p>Mukavat ja hengitt\u00e4v\u00e4t urheiluhousut aktiiviseen liikkumiseen \u2013 pehme\u00e4\u00e4 fleece\u00e4 ja edess\u00e4 tuulenpit\u00e4v\u00e4t paneelit<\/p>\n","protected":false},"featured_media":70127,"template":"","meta":{"_acf_changed":false},"pwb-brand":[838],"product_brand":[],"product_cat":[1180,640,827,1260,1262,1269,726],"product_tag":[],"woo-feed-brand":[],"class_list":{"0":"post-70008","1":"product","2":"type-product","3":"status-publish","4":"has-post-thumbnail","6":"pwb-brand-pelle-petterson-fi","7":"product_cat-golf-fi","8":"product_cat-housut-fi","9":"product_cat-naiset","10":"product_cat-naisten-golfvaatteet","11":"product_cat-naisten-purjehdusvaatteet","12":"product_cat-purjehdus","13":"product_cat-tekniset-vaatteet-naiset","15":"first","16":"instock","17":"taxable","18":"shipping-taxable","19":"purchasable","20":"product-type-variable","21":"wvs-archive-product-wrapper"},"acf":[],"brands":[{"id":838,"name":"Pelle Petterson","slug":"pelle-petterson-fi"}],"_links":{"self":[{"href":"https:\/\/nautical.store\/fi\/wp-json\/wp\/v2\/product\/70008","targetHints":{"allow":["GET"]}}],"collection":[{"href":"https:\/\/nautical.store\/fi\/wp-json\/wp\/v2\/product"}],"about":[{"href":"https:\/\/nautical.store\/fi\/wp-json\/wp\/v2\/types\/product"}],"wp:featuredmedia":[{"embeddable":true,"href":"https:\/\/nautical.store\/fi\/wp-json\/wp\/v2\/media\/70127"}],"wp:attachment":[{"href":"https:\/\/nautical.store\/fi\/wp-json\/wp\/v2\/media?parent=70008"}],"wp:term":[{"taxonomy":"pwb-brand","embeddable":true,"href":"https:\/\/nautical.store\/fi\/wp-json\/wp\/v2\/pwb-brand?post=70008"},{"taxonomy":"product_brand","embeddable":true,"href":"https:\/\/nautical.store\/fi\/wp-json\/wp\/v2\/product_brand?post=70008"},{"taxonomy":"product_cat","embeddable":true,"href":"https:\/\/nautical.store\/fi\/wp-json\/wp\/v2\/product_cat?post=70008"},{"taxonomy":"product_tag","embeddable":true,"href":"https:\/\/nautical.store\/fi\/wp-json\/wp\/v2\/product_tag?post=70008"},{"taxonomy":"woo-feed-brand","embeddable":true,"href":"https:\/\/nautical.store\/fi\/wp-json\/wp\/v2\/woo-feed-brand?post=70008"}],"curies":[{"name":"wp","href":"https:\/\/api.w.org\/{rel}","templated":true}]}}