{"id":70013,"date":"2024-10-15T15:58:23","date_gmt":"2024-10-15T12:58:23","guid":{"rendered":"https:\/\/nautical.store\/?post_type=product&#038;p=70013"},"modified":"2026-01-12T13:09:01","modified_gmt":"2026-01-12T11:09:01","slug":"tiller-hame","status":"publish","type":"product","link":"https:\/\/nautical.store\/fi\/tuote\/tiller-hame\/","title":{"rendered":"PelleP Tiller Hame"},"content":{"rendered":"<p><!--StartFragment --><\/p>\n<p>Pehme\u00e4st\u00e4 luomupuuvillan ja kashmirin sekoitteesta valmistettu neulottu hame, joka tuntuu miellytt\u00e4v\u00e4lt\u00e4 ja hienostuneelta. Malli on regular fit, sile\u00e4neuloksinen ja helmassa on joustinneulos. Vasemmalla sivulla oleva halkio lis\u00e4\u00e4 liikkumavapautta. Vy\u00f6t\u00e4r\u00f6 on joustava mukavan istuvuuden takaamiseksi, ja metallinen Pelle P \u2011logomerkki tuo viimeistellyn yksityiskohdan.<\/p>\n<p>Materiaali: 92 % luomupuuvilla, 8 % kashmir<\/p>\n<ul>\n<li>Regular fit<\/li>\n<li>Sile\u00e4neulos<\/li>\n<li>Joustinneulos helmassa<\/li>\n<li>Halkio vasemmalla sivulla<\/li>\n<li>Joustava vy\u00f6t\u00e4r\u00f6<\/li>\n<li>Metallinen Pelle P \u2011logomerkki<\/li>\n<li>Koko M kokonaispituus 61 cm<\/li>\n<\/ul>\n<p><!--EndFragment --><\/p>\n","protected":false},"excerpt":{"rendered":"<p>Pehme\u00e4st\u00e4 luomupuuvillan ja kashmirin sekoitteesta valmistettu neulottu hame, joka tuntuu miellytt\u00e4v\u00e4lt\u00e4 ja hienostuneelta. Malli on regular fit, sile\u00e4neuloksinen ja helmassa on joustinneulos. Vasemmalla sivulla oleva halkio lis\u00e4\u00e4 liikkumavapautta. Vy\u00f6t\u00e4r\u00f6 on joustava mukavan istuvuuden takaamiseksi, ja metallinen Pelle P \u2011logomerkki tuo viimeistellyn yksityiskohdan. Materiaali: 92 % luomupuuvilla, 8 % kashmir Regular fit Sile\u00e4neulos Joustinneulos helmassa Halkio [&hellip;]<\/p>\n","protected":false},"featured_media":70140,"template":"","meta":{"_acf_changed":false},"pwb-brand":[838],"product_brand":[],"product_cat":[877,639,827],"product_tag":[],"woo-feed-brand":[],"class_list":{"0":"post-70013","1":"product","2":"type-product","3":"status-publish","4":"has-post-thumbnail","6":"pwb-brand-pelle-petterson-fi","7":"product_cat-edullinen-hinta-naiset","8":"product_cat-hameet","9":"product_cat-naiset","11":"first","12":"instock","13":"sale","14":"taxable","15":"shipping-taxable","16":"purchasable","17":"product-type-variable","18":"wvs-archive-product-wrapper"},"acf":[],"brands":[{"id":838,"name":"Pelle Petterson","slug":"pelle-petterson-fi"}],"_links":{"self":[{"href":"https:\/\/nautical.store\/fi\/wp-json\/wp\/v2\/product\/70013","targetHints":{"allow":["GET"]}}],"collection":[{"href":"https:\/\/nautical.store\/fi\/wp-json\/wp\/v2\/product"}],"about":[{"href":"https:\/\/nautical.store\/fi\/wp-json\/wp\/v2\/types\/product"}],"wp:featuredmedia":[{"embeddable":true,"href":"https:\/\/nautical.store\/fi\/wp-json\/wp\/v2\/media\/70140"}],"wp:attachment":[{"href":"https:\/\/nautical.store\/fi\/wp-json\/wp\/v2\/media?parent=70013"}],"wp:term":[{"taxonomy":"pwb-brand","embeddable":true,"href":"https:\/\/nautical.store\/fi\/wp-json\/wp\/v2\/pwb-brand?post=70013"},{"taxonomy":"product_brand","embeddable":true,"href":"https:\/\/nautical.store\/fi\/wp-json\/wp\/v2\/product_brand?post=70013"},{"taxonomy":"product_cat","embeddable":true,"href":"https:\/\/nautical.store\/fi\/wp-json\/wp\/v2\/product_cat?post=70013"},{"taxonomy":"product_tag","embeddable":true,"href":"https:\/\/nautical.store\/fi\/wp-json\/wp\/v2\/product_tag?post=70013"},{"taxonomy":"woo-feed-brand","embeddable":true,"href":"https:\/\/nautical.store\/fi\/wp-json\/wp\/v2\/woo-feed-brand?post=70013"}],"curies":[{"name":"wp","href":"https:\/\/api.w.org\/{rel}","templated":true}]}}