{"id":70024,"date":"2024-10-15T16:02:28","date_gmt":"2024-10-15T13:02:28","guid":{"rendered":"https:\/\/nautical.store\/?post_type=product&#038;p=70024"},"modified":"2025-12-09T23:14:30","modified_gmt":"2025-12-09T21:14:30","slug":"tiller-poolomekko","status":"publish","type":"product","link":"https:\/\/nautical.store\/fi\/tuote\/tiller-poolomekko\/","title":{"rendered":"PelleP Tiller \u2013 pehme poolomekko"},"content":{"rendered":"<p><!--StartFragment --><\/p>\n<p>T\u00e4m\u00e4 pehme\u00e4 neulottu poolomekko on valmistettu laadukkaasta orgaanisen puuvillan ja kashmirin sekoituksesta. Materiaali tuntuu miellytt\u00e4v\u00e4lt\u00e4 iholla ja tarjoaa sek\u00e4 mukavuutta ett\u00e4 elegantin ilmeen arkeen ja juhlaan.<\/p>\n<p>Tuotetiedot:<\/p>\n<ul>\n<li>Materiaali: 92 % orgaanista puuvillaa, 8 % kashmiria<\/li>\n<li>Resorit hihansuissa ja helmassa<\/li>\n<li>Halkiot hihoissa ja helmassa tuovat keveytt\u00e4 liikkeeseen<\/li>\n<li>Napiton, avoin kaulus<\/li>\n<li>Vy\u00f6 korostaa siluettia<\/li>\n<li>Metallinen embleemi vasemmassa helmassa, P-logolla<\/li>\n<li>Normaali istuvuus<\/li>\n<li>Koko M: kokonaispituus 136 cm<\/li>\n<\/ul>\n<p><!--EndFragment --><\/p>\n","protected":false},"excerpt":{"rendered":"<p>L\u00e4mmin ja mukava puuvilla\u2013kashmirmekko<\/p>\n","protected":false},"featured_media":90125,"template":"","meta":{"_acf_changed":false},"pwb-brand":[838],"product_brand":[],"product_cat":[877,593,827,601],"product_tag":[],"woo-feed-brand":[],"class_list":{"0":"post-70024","1":"product","2":"type-product","3":"status-publish","4":"has-post-thumbnail","6":"pwb-brand-pelle-petterson-fi","7":"product_cat-edullinen-hinta-naiset","8":"product_cat-mekot","9":"product_cat-naiset","10":"product_cat-neuleet","12":"first","13":"instock","14":"sale","15":"taxable","16":"shipping-taxable","17":"purchasable","18":"product-type-variable","19":"wvs-archive-product-wrapper"},"acf":[],"brands":[{"id":838,"name":"Pelle Petterson","slug":"pelle-petterson-fi"}],"_links":{"self":[{"href":"https:\/\/nautical.store\/fi\/wp-json\/wp\/v2\/product\/70024","targetHints":{"allow":["GET"]}}],"collection":[{"href":"https:\/\/nautical.store\/fi\/wp-json\/wp\/v2\/product"}],"about":[{"href":"https:\/\/nautical.store\/fi\/wp-json\/wp\/v2\/types\/product"}],"wp:featuredmedia":[{"embeddable":true,"href":"https:\/\/nautical.store\/fi\/wp-json\/wp\/v2\/media\/90125"}],"wp:attachment":[{"href":"https:\/\/nautical.store\/fi\/wp-json\/wp\/v2\/media?parent=70024"}],"wp:term":[{"taxonomy":"pwb-brand","embeddable":true,"href":"https:\/\/nautical.store\/fi\/wp-json\/wp\/v2\/pwb-brand?post=70024"},{"taxonomy":"product_brand","embeddable":true,"href":"https:\/\/nautical.store\/fi\/wp-json\/wp\/v2\/product_brand?post=70024"},{"taxonomy":"product_cat","embeddable":true,"href":"https:\/\/nautical.store\/fi\/wp-json\/wp\/v2\/product_cat?post=70024"},{"taxonomy":"product_tag","embeddable":true,"href":"https:\/\/nautical.store\/fi\/wp-json\/wp\/v2\/product_tag?post=70024"},{"taxonomy":"woo-feed-brand","embeddable":true,"href":"https:\/\/nautical.store\/fi\/wp-json\/wp\/v2\/woo-feed-brand?post=70024"}],"curies":[{"name":"wp","href":"https:\/\/api.w.org\/{rel}","templated":true}]}}