{"id":70031,"date":"2024-10-14T20:09:14","date_gmt":"2024-10-14T17:09:14","guid":{"rendered":"https:\/\/nautical.store\/?post_type=product&#038;p=70031"},"modified":"2025-11-11T20:59:05","modified_gmt":"2025-11-11T18:59:05","slug":"w-flow-naisten-hiihtotakki","status":"publish","type":"product","link":"https:\/\/nautical.store\/fi\/tuote\/w-flow-naisten-hiihtotakki\/","title":{"rendered":"PelleP Flow Naisten Hiihtotakki"},"content":{"rendered":"<p>Flow on topattu naisten hiihtotakki, joka on valmistettu vedenpit\u00e4v\u00e4st\u00e4 ja hengitt\u00e4v\u00e4st\u00e4 Hi:res\u00ae 20K2L joustavasta kalvokankaasta. Saumat ovat t\u00e4ysin teipatut ja takki on topattu 100 % kierr\u00e4tetyll\u00e4 polyesterill\u00e4. Edess\u00e4 keskell\u00e4 YKK VISLON AquaGuard\u00ae vetoketju, rintatasku, kaksi vetoketjullista sivutaskua ja hihassa piilotettu hissilipputasku. Lis\u00e4ksi tuuletusaukot ja s\u00e4\u00e4dett\u00e4v\u00e4 huppu, joka sopii hyvin kyp\u00e4r\u00e4n kanssa.<\/p>\n<ul>\n<li>Koostumus: 100 % polyesteri<\/li>\n<li>T\u00e4ysin teipatut saumat<\/li>\n<li>Piilotettu hissilipputasku hihassa<\/li>\n<li>S\u00e4\u00e4dett\u00e4v\u00e4t hihansuut tarrakiinnityksell\u00e4<\/li>\n<li>Keltaiset yksityiskohdat hupussa ja kaulan takaosassa hyv\u00e4n n\u00e4kyvyyden takaamiseksi<\/li>\n<li>Pelle P -heijastin kaulan takana ja rinnassa<\/li>\n<li>Peukaloaukot hihoissa RECCO\u00ae kansainv\u00e4linen heijastinj\u00e4rjestelm\u00e4 hihassa<\/li>\n<li>Normaali istuvuus<\/li>\n<li>Koko S sel\u00e4n pituus 68 cm<\/li>\n<\/ul>\n","protected":false},"excerpt":{"rendered":"<p><!--StartFragment --><\/p>\n<p>Naisten l\u00e4mmin talviurheilutakki<\/p>\n<p><!--EndFragment --><\/p>\n","protected":false},"featured_media":70512,"template":"","meta":{"_acf_changed":false},"pwb-brand":[838],"product_brand":[],"product_cat":[877,827,617,726],"product_tag":[],"woo-feed-brand":[],"class_list":{"0":"post-70031","1":"product","2":"type-product","3":"status-publish","4":"has-post-thumbnail","6":"pwb-brand-pelle-petterson-fi","7":"product_cat-edullinen-hinta-naiset","8":"product_cat-naiset","9":"product_cat-paallysvaatteet","10":"product_cat-tekniset-vaatteet-naiset","12":"first","13":"instock","14":"sale","15":"taxable","16":"shipping-taxable","17":"purchasable","18":"product-type-variable","19":"wvs-archive-product-wrapper"},"acf":[],"brands":[{"id":838,"name":"Pelle Petterson","slug":"pelle-petterson-fi"}],"_links":{"self":[{"href":"https:\/\/nautical.store\/fi\/wp-json\/wp\/v2\/product\/70031","targetHints":{"allow":["GET"]}}],"collection":[{"href":"https:\/\/nautical.store\/fi\/wp-json\/wp\/v2\/product"}],"about":[{"href":"https:\/\/nautical.store\/fi\/wp-json\/wp\/v2\/types\/product"}],"wp:featuredmedia":[{"embeddable":true,"href":"https:\/\/nautical.store\/fi\/wp-json\/wp\/v2\/media\/70512"}],"wp:attachment":[{"href":"https:\/\/nautical.store\/fi\/wp-json\/wp\/v2\/media?parent=70031"}],"wp:term":[{"taxonomy":"pwb-brand","embeddable":true,"href":"https:\/\/nautical.store\/fi\/wp-json\/wp\/v2\/pwb-brand?post=70031"},{"taxonomy":"product_brand","embeddable":true,"href":"https:\/\/nautical.store\/fi\/wp-json\/wp\/v2\/product_brand?post=70031"},{"taxonomy":"product_cat","embeddable":true,"href":"https:\/\/nautical.store\/fi\/wp-json\/wp\/v2\/product_cat?post=70031"},{"taxonomy":"product_tag","embeddable":true,"href":"https:\/\/nautical.store\/fi\/wp-json\/wp\/v2\/product_tag?post=70031"},{"taxonomy":"woo-feed-brand","embeddable":true,"href":"https:\/\/nautical.store\/fi\/wp-json\/wp\/v2\/woo-feed-brand?post=70031"}],"curies":[{"name":"wp","href":"https:\/\/api.w.org\/{rel}","templated":true}]}}