{"id":70035,"date":"2024-10-14T17:03:43","date_gmt":"2024-10-14T14:03:43","guid":{"rendered":"https:\/\/nautical.store\/?post_type=product&#038;p=70035"},"modified":"2025-11-05T13:29:50","modified_gmt":"2025-11-05T11:29:50","slug":"flow-hiihtotakki","status":"publish","type":"product","link":"https:\/\/nautical.store\/fi\/tuote\/flow-hiihtotakki\/","title":{"rendered":"PelleP Flow Hiihtotakki"},"content":{"rendered":"<p>Flow on topattu miesten hiihtotakki, joka on valmistettu joustavasta Hi:res\u00ae 20K2L-kalvokankaasta. Materiaali on sek\u00e4 vedenpit\u00e4v\u00e4 ett\u00e4 hengitt\u00e4v\u00e4, tarjoten erinomaisen suojan vaihtelevissa s\u00e4\u00e4olosuhteissa. Kaikki saumat ovat t\u00e4ysin teipatut, ja takin toppaus on valmistettu 100 % kierr\u00e4tetyst\u00e4 polyesterist\u00e4.<\/p>\n<p>Takissa on keskell\u00e4 edess\u00e4 YKK VISLON AquaGuard\u00ae -vetoketju, rintatasku, kaksi vetoketjullista sivutaskua sek\u00e4 hihassa piilotettu hissilipputasku. Tuuletusaukot ja s\u00e4\u00e4dett\u00e4v\u00e4 huppu, joka sopii hyvin kyp\u00e4r\u00e4n kanssa, lis\u00e4\u00e4v\u00e4t k\u00e4ytt\u00f6mukavuutta aktiivisessa liikkumisessa.<\/p>\n<p>Materiaali: 100 % polyesteri<\/p>\n<ul>\n<li>T\u00e4ysin teipatut saumat<\/li>\n<li>Piilotettu hissilipputasku hihassa<\/li>\n<li>S\u00e4\u00e4dett\u00e4v\u00e4t hihansuut tarrakiinnityksell\u00e4<\/li>\n<li>S\u00e4\u00e4dett\u00e4v\u00e4 huppu, yhteensopiva kyp\u00e4r\u00e4n kanssa<\/li>\n<li>Keltaiset yksityiskohdat hupussa ja kaulan takaosassa parantavat n\u00e4kyvyytt\u00e4<\/li>\n<li>Pelle P -heijastin kaulan takana ja rinnassa<\/li>\n<li>Peukaloaukot hihoissa<\/li>\n<li>RECCO\u00ae-heijastinj\u00e4rjestelm\u00e4 hihassa<\/li>\n<li>Normaali istuvuus<\/li>\n<li>Koko M: sel\u00e4n pituus 78 cm<\/li>\n<\/ul>\n","protected":false},"excerpt":{"rendered":"<p>Mukava tekninen laskettelutakk<\/p>\n","protected":false},"featured_media":70504,"template":"","meta":{"_acf_changed":false},"pwb-brand":[838],"product_brand":[],"product_cat":[777,702,682],"product_tag":[],"woo-feed-brand":[],"class_list":{"0":"post-70035","1":"product","2":"type-product","3":"status-publish","4":"has-post-thumbnail","6":"pwb-brand-pelle-petterson-fi","7":"product_cat-miehet","8":"product_cat-paallysvaatteet-miehet","9":"product_cat-tekniset-vaatteet","11":"first","12":"instock","13":"taxable","14":"shipping-taxable","15":"purchasable","16":"product-type-variable","17":"wvs-archive-product-wrapper"},"acf":[],"brands":[{"id":838,"name":"Pelle Petterson","slug":"pelle-petterson-fi"}],"_links":{"self":[{"href":"https:\/\/nautical.store\/fi\/wp-json\/wp\/v2\/product\/70035","targetHints":{"allow":["GET"]}}],"collection":[{"href":"https:\/\/nautical.store\/fi\/wp-json\/wp\/v2\/product"}],"about":[{"href":"https:\/\/nautical.store\/fi\/wp-json\/wp\/v2\/types\/product"}],"wp:featuredmedia":[{"embeddable":true,"href":"https:\/\/nautical.store\/fi\/wp-json\/wp\/v2\/media\/70504"}],"wp:attachment":[{"href":"https:\/\/nautical.store\/fi\/wp-json\/wp\/v2\/media?parent=70035"}],"wp:term":[{"taxonomy":"pwb-brand","embeddable":true,"href":"https:\/\/nautical.store\/fi\/wp-json\/wp\/v2\/pwb-brand?post=70035"},{"taxonomy":"product_brand","embeddable":true,"href":"https:\/\/nautical.store\/fi\/wp-json\/wp\/v2\/product_brand?post=70035"},{"taxonomy":"product_cat","embeddable":true,"href":"https:\/\/nautical.store\/fi\/wp-json\/wp\/v2\/product_cat?post=70035"},{"taxonomy":"product_tag","embeddable":true,"href":"https:\/\/nautical.store\/fi\/wp-json\/wp\/v2\/product_tag?post=70035"},{"taxonomy":"woo-feed-brand","embeddable":true,"href":"https:\/\/nautical.store\/fi\/wp-json\/wp\/v2\/woo-feed-brand?post=70035"}],"curies":[{"name":"wp","href":"https:\/\/api.w.org\/{rel}","templated":true}]}}