{"id":70040,"date":"2024-10-14T21:57:33","date_gmt":"2024-10-14T18:57:33","guid":{"rendered":"https:\/\/nautical.store\/?post_type=product&#038;p=70040"},"modified":"2026-03-31T08:20:52","modified_gmt":"2026-03-31T05:20:52","slug":"flow-toppahousut","status":"publish","type":"product","link":"https:\/\/nautical.store\/fi\/tuote\/flow-toppahousut\/","title":{"rendered":"PelleP Flow miesten lasketteluhousut"},"content":{"rendered":"<p><!--StartFragment --><\/p>\n<p>Flow on topatut miesten lasketteluhousut, jotka on valmistettu vedenpit\u00e4v\u00e4st\u00e4 ja hengitt\u00e4v\u00e4st\u00e4 Hi:res\u00ae 20K2L joustavasta kalvokankaasta. Kaikki saumat ovat t\u00e4ysin teipatut, ja housut on topattu 100 % kierr\u00e4tetyll\u00e4 polyesterill\u00e4. Housuissa on YKK\u00ae-vetoketjut ja useita k\u00e4yt\u00e4nn\u00f6llisi\u00e4 taskuja, mukaan lukien kaksi lahjetaskua YKK VISLON\u00ae AquaGuard\u00ae -vetoketjuilla. Vy\u00f6t\u00e4r\u00f6 on s\u00e4\u00e4dett\u00e4viss\u00e4 tarrakiinnityksell\u00e4. Lahkeessa ja takavy\u00f6lenkiss\u00e4 on heijastavat Pelle P -logot sek\u00e4 RECCO\u00ae-pelastusj\u00e4rjestelm\u00e4.<\/p>\n<ul>\n<li>P\u00e4\u00e4materiaali: 100 % polyesteri<\/li>\n<li>Vahvikekangas: 100 % polyamidi<\/li>\n<li>Cordura\u00ae-vahvistetut lahkeensuut<\/li>\n<li>YKK\u00ae Coil -vetoketju<\/li>\n<li>Kaksi vetoketjullista sivutaskua ja yksi takatasku<\/li>\n<li>Heijastavat Pelle P -logot lahkeessa ja takavy\u00f6lenkiss\u00e4<\/li>\n<li>RECCO\u00ae kansainv\u00e4linen pelastusj\u00e4rjestelm\u00e4<\/li>\n<li>Normaali istuvuus<\/li>\n<li>Koko M: s\u00e4\u00e4ren sis\u00e4pituus 76 cm, kokonaispituus 107 cm<\/li>\n<\/ul>\n<p><!--EndFragment --><\/p>\n","protected":false},"excerpt":{"rendered":"<p>Miesten lasketteluhousut talviurheiluun<\/p>\n","protected":false},"featured_media":70560,"template":"","meta":{"_acf_changed":false},"pwb-brand":[838],"product_brand":[],"product_cat":[610,777,682],"product_tag":[],"woo-feed-brand":[],"class_list":{"0":"post-70040","1":"product","2":"type-product","3":"status-publish","4":"has-post-thumbnail","6":"pwb-brand-pelle-petterson-fi","7":"product_cat-housut","8":"product_cat-miehet","9":"product_cat-tekniset-vaatteet","11":"first","12":"instock","13":"taxable","14":"shipping-taxable","15":"purchasable","16":"product-type-variable","17":"wvs-archive-product-wrapper"},"acf":[],"brands":[{"id":838,"name":"Pelle Petterson","slug":"pelle-petterson-fi"}],"_links":{"self":[{"href":"https:\/\/nautical.store\/fi\/wp-json\/wp\/v2\/product\/70040","targetHints":{"allow":["GET"]}}],"collection":[{"href":"https:\/\/nautical.store\/fi\/wp-json\/wp\/v2\/product"}],"about":[{"href":"https:\/\/nautical.store\/fi\/wp-json\/wp\/v2\/types\/product"}],"wp:featuredmedia":[{"embeddable":true,"href":"https:\/\/nautical.store\/fi\/wp-json\/wp\/v2\/media\/70560"}],"wp:attachment":[{"href":"https:\/\/nautical.store\/fi\/wp-json\/wp\/v2\/media?parent=70040"}],"wp:term":[{"taxonomy":"pwb-brand","embeddable":true,"href":"https:\/\/nautical.store\/fi\/wp-json\/wp\/v2\/pwb-brand?post=70040"},{"taxonomy":"product_brand","embeddable":true,"href":"https:\/\/nautical.store\/fi\/wp-json\/wp\/v2\/product_brand?post=70040"},{"taxonomy":"product_cat","embeddable":true,"href":"https:\/\/nautical.store\/fi\/wp-json\/wp\/v2\/product_cat?post=70040"},{"taxonomy":"product_tag","embeddable":true,"href":"https:\/\/nautical.store\/fi\/wp-json\/wp\/v2\/product_tag?post=70040"},{"taxonomy":"woo-feed-brand","embeddable":true,"href":"https:\/\/nautical.store\/fi\/wp-json\/wp\/v2\/woo-feed-brand?post=70040"}],"curies":[{"name":"wp","href":"https:\/\/api.w.org\/{rel}","templated":true}]}}