{"id":70043,"date":"2024-10-14T20:22:38","date_gmt":"2024-10-14T17:22:38","guid":{"rendered":"https:\/\/nautical.store\/?post_type=product&#038;p=70043"},"modified":"2025-10-16T10:22:06","modified_gmt":"2025-10-16T07:22:06","slug":"w-flow-toppahousut","status":"publish","type":"product","link":"https:\/\/nautical.store\/fi\/tuote\/w-flow-toppahousut\/","title":{"rendered":"PelleP Flow -naisten lasketteluhousut"},"content":{"rendered":"<p><!--StartFragment --><\/p>\n<p>Flow on topatut naisten lasketteluhousut, jotka on valmistettu vedenpit\u00e4v\u00e4st\u00e4 ja hengitt\u00e4v\u00e4st\u00e4 Hi:res\u00ae 20K2L-joustokalvokankaasta. Saumat ovat t\u00e4ysin teipatut, ja housut on topattu 100 % kierr\u00e4tetyll\u00e4 polyesterill\u00e4. Housuissa on YKK\u00ae-vetoketjut ja useita taskuja, mukaan lukien kaksi lahjetaskua YKK VISLON AquaGuard\u00ae -vetoketjuilla. Vy\u00f6t\u00e4r\u00f6 on s\u00e4\u00e4dett\u00e4viss\u00e4 tarrakiinnityksell\u00e4. Heijastavat Pelle P -logot ja RECCO\u00ae-heijastinj\u00e4rjestelm\u00e4 lahkeessa lis\u00e4\u00e4v\u00e4t turvallisuutta.<\/p>\n<ul>\n<li>Materiaali: 100 % polyesteri<\/li>\n<li>Vahvikekangas: 100 % polyamidi<\/li>\n<li>Cordura-vahvistetut lahkeensuut<\/li>\n<li>YKK\u00ae Coil -vetoketju<\/li>\n<li>Kaksi vetoketjullista sivutaskua ja yksi takatasku<\/li>\n<li>Pelle P -heijastin lahkeessa ja takavy\u00f6lenkiss\u00e4<\/li>\n<li>RECCO\u00ae kansainv\u00e4linen heijastinj\u00e4rjestelm\u00e4 lahkeessa<\/li>\n<li>Normaali istuvuus<\/li>\n<li>Koko M: s\u00e4\u00e4ren sis\u00e4pituus 76 cm, kokonaispituus 110 cm<\/li>\n<\/ul>\n<p><!--EndFragment --><\/p>\n","protected":false},"excerpt":{"rendered":"<p>Tekniset, l\u00e4mpim\u00e4t ja vedenpit\u00e4v\u00e4t naisten lasketteluhousut<\/p>\n","protected":false},"featured_media":70525,"template":"","meta":{"_acf_changed":false},"pwb-brand":[838],"product_brand":[],"product_cat":[640,827,726],"product_tag":[],"woo-feed-brand":[],"class_list":{"0":"post-70043","1":"product","2":"type-product","3":"status-publish","4":"has-post-thumbnail","6":"pwb-brand-pelle-petterson-fi","7":"product_cat-housut-fi","8":"product_cat-naiset","9":"product_cat-tekniset-vaatteet-naiset","11":"first","12":"instock","13":"sale","14":"taxable","15":"shipping-taxable","16":"purchasable","17":"product-type-variable","18":"wvs-archive-product-wrapper"},"acf":[],"brands":[{"id":838,"name":"Pelle Petterson","slug":"pelle-petterson-fi"}],"_links":{"self":[{"href":"https:\/\/nautical.store\/fi\/wp-json\/wp\/v2\/product\/70043","targetHints":{"allow":["GET"]}}],"collection":[{"href":"https:\/\/nautical.store\/fi\/wp-json\/wp\/v2\/product"}],"about":[{"href":"https:\/\/nautical.store\/fi\/wp-json\/wp\/v2\/types\/product"}],"wp:featuredmedia":[{"embeddable":true,"href":"https:\/\/nautical.store\/fi\/wp-json\/wp\/v2\/media\/70525"}],"wp:attachment":[{"href":"https:\/\/nautical.store\/fi\/wp-json\/wp\/v2\/media?parent=70043"}],"wp:term":[{"taxonomy":"pwb-brand","embeddable":true,"href":"https:\/\/nautical.store\/fi\/wp-json\/wp\/v2\/pwb-brand?post=70043"},{"taxonomy":"product_brand","embeddable":true,"href":"https:\/\/nautical.store\/fi\/wp-json\/wp\/v2\/product_brand?post=70043"},{"taxonomy":"product_cat","embeddable":true,"href":"https:\/\/nautical.store\/fi\/wp-json\/wp\/v2\/product_cat?post=70043"},{"taxonomy":"product_tag","embeddable":true,"href":"https:\/\/nautical.store\/fi\/wp-json\/wp\/v2\/product_tag?post=70043"},{"taxonomy":"woo-feed-brand","embeddable":true,"href":"https:\/\/nautical.store\/fi\/wp-json\/wp\/v2\/woo-feed-brand?post=70043"}],"curies":[{"name":"wp","href":"https:\/\/api.w.org\/{rel}","templated":true}]}}