{"id":70046,"date":"2024-10-15T16:08:17","date_gmt":"2024-10-15T13:08:17","guid":{"rendered":"https:\/\/nautical.store\/?post_type=product&#038;p=70046"},"modified":"2025-11-14T10:40:56","modified_gmt":"2025-11-14T08:40:56","slug":"w-molle-talvitakki","status":"publish","type":"product","link":"https:\/\/nautical.store\/fi\/tuote\/w-molle-talvitakki\/","title":{"rendered":"PelleP Naisten Takki Molle"},"content":{"rendered":"<p><!--StartFragment --><\/p>\n<p>L\u00e4mmin ja tyylik\u00e4s naisten talvitakki, joka pit\u00e4\u00e4 sinut mukavan l\u00e4mpim\u00e4n\u00e4 kylmin\u00e4kin p\u00e4ivin\u00e4. Molle-takki on valmistettu kierr\u00e4tetyst\u00e4 polyesterist\u00e4, ja sen pallokuitut\u00e4yte koostuu 30 % Sorona\u00ae-kuidusta ja 70 % kierr\u00e4tetyst\u00e4 PET-pulloista valmistetusta polyesterist\u00e4. P\u00e4\u00e4llikangas on vett\u00e4hylkiv\u00e4 ja k\u00e4sitelty PFC-vapaalla DWR-viimeistelyll\u00e4.<\/p>\n<ul>\n<li>Materiaali: 100 % kierr\u00e4tetty polyesteri<\/li>\n<li>Edess\u00e4 musta, mattapintainen YKK VISLON\u00ae Soft Touch -kaksisuuntainen vetoketju<\/li>\n<li>Kaksi etutaskua piilotetuilla magneettikiinnityksill\u00e4 ja kaksi fleecevuorattua sivutaskua<\/li>\n<li>Sis\u00e4puolella kaksi verkkotaskua ja vetoketjullinen rintatasku<\/li>\n<li>Vy\u00f6t\u00e4r\u00f6ll\u00e4 kiristysnauha, joka takaa mukavan istuvuuden<\/li>\n<li>S\u00e4\u00e4dett\u00e4v\u00e4 ja irrotettava huppu<\/li>\n<li>Hihansuissa peukaloaukot<\/li>\n<li>P-heijastinyksityiskohdat hupussa, kauluksessa ja etuosassa<\/li>\n<li>Joustavat hihansuut<\/li>\n<li>Vasemmassa hihassa kuminen logomerkki<\/li>\n<li>V\u00e4lj\u00e4 mitoitus<\/li>\n<li>Koko M sel\u00e4n pituus: 127 cm<\/li>\n<\/ul>\n<p><!--EndFragment --><\/p>\n","protected":false},"excerpt":{"rendered":"<p>L\u00e4mmin naisten talvitakki<\/p>\n","protected":false},"featured_media":70058,"template":"","meta":{"_acf_changed":false},"pwb-brand":[838],"product_brand":[],"product_cat":[827,617],"product_tag":[],"woo-feed-brand":[],"class_list":{"0":"post-70046","1":"product","2":"type-product","3":"status-publish","4":"has-post-thumbnail","6":"pwb-brand-pelle-petterson-fi","7":"product_cat-naiset","8":"product_cat-paallysvaatteet","10":"first","11":"instock","12":"taxable","13":"shipping-taxable","14":"purchasable","15":"product-type-variable","16":"wvs-archive-product-wrapper"},"acf":[],"brands":[{"id":838,"name":"Pelle Petterson","slug":"pelle-petterson-fi"}],"_links":{"self":[{"href":"https:\/\/nautical.store\/fi\/wp-json\/wp\/v2\/product\/70046","targetHints":{"allow":["GET"]}}],"collection":[{"href":"https:\/\/nautical.store\/fi\/wp-json\/wp\/v2\/product"}],"about":[{"href":"https:\/\/nautical.store\/fi\/wp-json\/wp\/v2\/types\/product"}],"wp:featuredmedia":[{"embeddable":true,"href":"https:\/\/nautical.store\/fi\/wp-json\/wp\/v2\/media\/70058"}],"wp:attachment":[{"href":"https:\/\/nautical.store\/fi\/wp-json\/wp\/v2\/media?parent=70046"}],"wp:term":[{"taxonomy":"pwb-brand","embeddable":true,"href":"https:\/\/nautical.store\/fi\/wp-json\/wp\/v2\/pwb-brand?post=70046"},{"taxonomy":"product_brand","embeddable":true,"href":"https:\/\/nautical.store\/fi\/wp-json\/wp\/v2\/product_brand?post=70046"},{"taxonomy":"product_cat","embeddable":true,"href":"https:\/\/nautical.store\/fi\/wp-json\/wp\/v2\/product_cat?post=70046"},{"taxonomy":"product_tag","embeddable":true,"href":"https:\/\/nautical.store\/fi\/wp-json\/wp\/v2\/product_tag?post=70046"},{"taxonomy":"woo-feed-brand","embeddable":true,"href":"https:\/\/nautical.store\/fi\/wp-json\/wp\/v2\/woo-feed-brand?post=70046"}],"curies":[{"name":"wp","href":"https:\/\/api.w.org\/{rel}","templated":true}]}}