{"id":70053,"date":"2024-10-09T16:14:25","date_gmt":"2024-10-09T13:14:25","guid":{"rendered":"https:\/\/nautical.store\/toode\/vallvik-kauluri\/"},"modified":"2026-01-06T17:25:10","modified_gmt":"2026-01-06T15:25:10","slug":"vallvik-kauluri","status":"publish","type":"product","link":"https:\/\/nautical.store\/fi\/tuote\/vallvik-kauluri\/","title":{"rendered":"Vallvik Neck Tube"},"content":{"rendered":"<p><!--StartFragment --><\/p>\n<p>Mohairista neulottu pehme\u00e4 ja p\u00f6rr\u00f6inen kauluri, jossa on joustinneulotut reunat. Suora malli. Valmistettu RMS\u2011sertifioidusta langasta.<\/p>\n<p><!--StartFragment --><\/p>\n<ul>\n<li>Materiaali: 81 % kid mohairia (RMS) \/ 17 % polyamidia \/ 2 % elastaania <!--EndFragment --><\/li>\n<li>Joustinneulotut reunat<\/li>\n<li>Suora istuvuus<\/li>\n<li>One size<\/li>\n<li>Suunniteltu Ruotsissa<\/li>\n<li>Valmistettu Euroopassa<\/li>\n<\/ul>\n<p><!--EndFragment --><\/p>\n","protected":false},"excerpt":{"rendered":"<p>Neulottu mohair-kauluri<\/p>\n","protected":false},"featured_media":69825,"template":"","meta":{"_acf_changed":false},"pwb-brand":[836],"product_brand":[],"product_cat":[629,877,827],"product_tag":[],"woo-feed-brand":[],"class_list":{"0":"post-70053","1":"product","2":"type-product","3":"status-publish","4":"has-post-thumbnail","6":"pwb-brand-holebrook-fi","7":"product_cat-asusteet-naiset","8":"product_cat-edullinen-hinta-naiset","9":"product_cat-naiset","11":"first","12":"instock","13":"sale","14":"taxable","15":"shipping-taxable","16":"purchasable","17":"product-type-variable","18":"wvs-archive-product-wrapper"},"acf":[],"brands":[{"id":836,"name":"Holebrook","slug":"holebrook-fi"}],"_links":{"self":[{"href":"https:\/\/nautical.store\/fi\/wp-json\/wp\/v2\/product\/70053","targetHints":{"allow":["GET"]}}],"collection":[{"href":"https:\/\/nautical.store\/fi\/wp-json\/wp\/v2\/product"}],"about":[{"href":"https:\/\/nautical.store\/fi\/wp-json\/wp\/v2\/types\/product"}],"wp:featuredmedia":[{"embeddable":true,"href":"https:\/\/nautical.store\/fi\/wp-json\/wp\/v2\/media\/69825"}],"wp:attachment":[{"href":"https:\/\/nautical.store\/fi\/wp-json\/wp\/v2\/media?parent=70053"}],"wp:term":[{"taxonomy":"pwb-brand","embeddable":true,"href":"https:\/\/nautical.store\/fi\/wp-json\/wp\/v2\/pwb-brand?post=70053"},{"taxonomy":"product_brand","embeddable":true,"href":"https:\/\/nautical.store\/fi\/wp-json\/wp\/v2\/product_brand?post=70053"},{"taxonomy":"product_cat","embeddable":true,"href":"https:\/\/nautical.store\/fi\/wp-json\/wp\/v2\/product_cat?post=70053"},{"taxonomy":"product_tag","embeddable":true,"href":"https:\/\/nautical.store\/fi\/wp-json\/wp\/v2\/product_tag?post=70053"},{"taxonomy":"woo-feed-brand","embeddable":true,"href":"https:\/\/nautical.store\/fi\/wp-json\/wp\/v2\/woo-feed-brand?post=70053"}],"curies":[{"name":"wp","href":"https:\/\/api.w.org\/{rel}","templated":true}]}}