{"id":70536,"date":"2024-10-14T15:26:04","date_gmt":"2024-10-14T12:26:04","guid":{"rendered":"https:\/\/nautical.store\/toode\/grete-silkkihuivi-nutria\/"},"modified":"2026-01-06T17:09:07","modified_gmt":"2026-01-06T15:09:07","slug":"grete-silkkihuivi-nutria","status":"publish","type":"product","link":"https:\/\/nautical.store\/fi\/tuote\/grete-silkkihuivi-nutria\/","title":{"rendered":"Greta Silkkihuivi Nutria"},"content":{"rendered":"<p><!--StartFragment --><\/p>\n<p>Greta\u2011silkkihuivin kaunis, Suomessa suunniteltu klassinen ornamenttikuosi on painettu Kiinassa valmistettuun kevyeseen ja pehme\u00e4\u00e4n 100 % silkkihuiviin. Silkkihuivi on monik\u00e4ytt\u00f6inen asuste, joka sopii sek\u00e4 arkeen ett\u00e4 juhlaan ja erilaisiin tilaisuuksiin.<\/p>\n<p>Materiaali: 100 % silkki\u00e4<br \/>\nUudistat helposti pukeutumisesi uudella huivilla \u2013 sen voi sitoa esimerkiksi kaulaan tai hiuksiin.<\/p>\n<p><!--EndFragment --><\/p>\n","protected":false},"excerpt":{"rendered":"<p>100 % silkist\u00e4 huivi<\/p>\n","protected":false},"featured_media":70468,"template":"","meta":{"_acf_changed":false},"pwb-brand":[2599],"product_brand":[],"product_cat":[629,827],"product_tag":[],"woo-feed-brand":[],"class_list":{"0":"post-70536","1":"product","2":"type-product","3":"status-publish","4":"has-post-thumbnail","6":"pwb-brand-lassessor-fi","7":"product_cat-asusteet-naiset","8":"product_cat-naiset","10":"first","11":"instock","12":"taxable","13":"shipping-taxable","14":"purchasable","15":"product-type-simple"},"acf":[],"brands":[{"id":2599,"name":"Lassessor","slug":"lassessor-fi"}],"_links":{"self":[{"href":"https:\/\/nautical.store\/fi\/wp-json\/wp\/v2\/product\/70536","targetHints":{"allow":["GET"]}}],"collection":[{"href":"https:\/\/nautical.store\/fi\/wp-json\/wp\/v2\/product"}],"about":[{"href":"https:\/\/nautical.store\/fi\/wp-json\/wp\/v2\/types\/product"}],"wp:featuredmedia":[{"embeddable":true,"href":"https:\/\/nautical.store\/fi\/wp-json\/wp\/v2\/media\/70468"}],"wp:attachment":[{"href":"https:\/\/nautical.store\/fi\/wp-json\/wp\/v2\/media?parent=70536"}],"wp:term":[{"taxonomy":"pwb-brand","embeddable":true,"href":"https:\/\/nautical.store\/fi\/wp-json\/wp\/v2\/pwb-brand?post=70536"},{"taxonomy":"product_brand","embeddable":true,"href":"https:\/\/nautical.store\/fi\/wp-json\/wp\/v2\/product_brand?post=70536"},{"taxonomy":"product_cat","embeddable":true,"href":"https:\/\/nautical.store\/fi\/wp-json\/wp\/v2\/product_cat?post=70536"},{"taxonomy":"product_tag","embeddable":true,"href":"https:\/\/nautical.store\/fi\/wp-json\/wp\/v2\/product_tag?post=70536"},{"taxonomy":"woo-feed-brand","embeddable":true,"href":"https:\/\/nautical.store\/fi\/wp-json\/wp\/v2\/woo-feed-brand?post=70536"}],"curies":[{"name":"wp","href":"https:\/\/api.w.org\/{rel}","templated":true}]}}