{"id":70540,"date":"2024-10-14T20:52:36","date_gmt":"2024-10-14T17:52:36","guid":{"rendered":"https:\/\/nautical.store\/toode\/grete-silkkihuivi-oliivi\/"},"modified":"2025-07-28T14:05:51","modified_gmt":"2025-07-28T11:05:51","slug":"grete-silkkihuivi-oliivi","status":"publish","type":"product","link":"https:\/\/nautical.store\/fi\/tuote\/grete-silkkihuivi-oliivi\/","title":{"rendered":"Greta Silkkihuivi Oliivi"},"content":{"rendered":"<p><!--StartFragment --><\/p>\n<p>Greta-silkkihuivi \u2013 Suomessa suunniteltua tyylikkyytt\u00e4<\/p>\n<p>Kaunis, Suomessa suunniteltu klassinen ornamentaalinen kuosi on painettu Kiinassa kevyelle ja pehme\u00e4lle 100 % silkkihuiville. Silkkihuivi on kevyt ja k\u00e4yt\u00e4nn\u00f6llinen asuste, joka sopii niin arkeen kuin juhlaan ja erilaisiin tapahtumiin.<\/p>\n<ul>\n<li>Materiaali: 100 % silkki\u00e4<\/li>\n<li>Tyylik\u00e4s huivi, jonka voit sitoa kaulaan, hiuksiin tai vaikka laukkuun<\/li>\n<li>Saat helposti uudistettua asukokonaisuutesi elegantilla silkkihuivilla<\/li>\n<\/ul>\n<p><!--EndFragment --><\/p>\n","protected":false},"excerpt":{"rendered":"<p>100 % silkkihuivi<\/p>\n","protected":false},"featured_media":70225,"template":"","meta":{"_acf_changed":false},"pwb-brand":[2599],"product_brand":[],"product_cat":[629,827],"product_tag":[],"woo-feed-brand":[],"class_list":{"0":"post-70540","1":"product","2":"type-product","3":"status-publish","4":"has-post-thumbnail","6":"pwb-brand-lassessor-fi","7":"product_cat-asusteet-naiset","8":"product_cat-naiset","10":"first","11":"instock","12":"taxable","13":"shipping-taxable","14":"purchasable","15":"product-type-simple"},"acf":[],"brands":[{"id":2599,"name":"Lassessor","slug":"lassessor-fi"}],"_links":{"self":[{"href":"https:\/\/nautical.store\/fi\/wp-json\/wp\/v2\/product\/70540","targetHints":{"allow":["GET"]}}],"collection":[{"href":"https:\/\/nautical.store\/fi\/wp-json\/wp\/v2\/product"}],"about":[{"href":"https:\/\/nautical.store\/fi\/wp-json\/wp\/v2\/types\/product"}],"wp:featuredmedia":[{"embeddable":true,"href":"https:\/\/nautical.store\/fi\/wp-json\/wp\/v2\/media\/70225"}],"wp:attachment":[{"href":"https:\/\/nautical.store\/fi\/wp-json\/wp\/v2\/media?parent=70540"}],"wp:term":[{"taxonomy":"pwb-brand","embeddable":true,"href":"https:\/\/nautical.store\/fi\/wp-json\/wp\/v2\/pwb-brand?post=70540"},{"taxonomy":"product_brand","embeddable":true,"href":"https:\/\/nautical.store\/fi\/wp-json\/wp\/v2\/product_brand?post=70540"},{"taxonomy":"product_cat","embeddable":true,"href":"https:\/\/nautical.store\/fi\/wp-json\/wp\/v2\/product_cat?post=70540"},{"taxonomy":"product_tag","embeddable":true,"href":"https:\/\/nautical.store\/fi\/wp-json\/wp\/v2\/product_tag?post=70540"},{"taxonomy":"woo-feed-brand","embeddable":true,"href":"https:\/\/nautical.store\/fi\/wp-json\/wp\/v2\/woo-feed-brand?post=70540"}],"curies":[{"name":"wp","href":"https:\/\/api.w.org\/{rel}","templated":true}]}}