{"id":70550,"date":"2024-10-12T14:42:26","date_gmt":"2024-10-12T11:42:26","guid":{"rendered":"https:\/\/nautical.store\/toode\/rosla-silkkihuivi-rose\/"},"modified":"2025-05-18T14:30:18","modified_gmt":"2025-05-18T11:30:18","slug":"rosla-silkkihuivi-rose","status":"publish","type":"product","link":"https:\/\/nautical.store\/fi\/tuote\/rosla-silkkihuivi-rose\/","title":{"rendered":"Rosla Silkkihuivi Rose"},"content":{"rendered":"<p>Rosla -silkkihuivin kaunis Suomessa suunniteltu klassinen ornamentaalinen kuosi on painettu Kiinassa kevyeen ja pehme\u00e4\u00e4n 100% silkkihuiviin. Silkkihuivi on kevyt ja k\u00e4yt\u00e4nn\u00f6llinen asuste niin arkeen kuin juhliin ja tapahtumiin.<\/p>\n<ul>\n<li>Koostumus: 100 % silkki\u00e4<\/li>\n<li><span data-contrast=\"auto\">Saat uudistettua pukeutumisesi uudella huivilla, jonka voit esimerkiksi sitoa kaulaan tai hiuksiin<\/span><\/li>\n<li>Materiaalivalinnoissa on pyritty suosimaan aikaa ja k\u00e4ytt\u00f6\u00e4 kest\u00e4vi\u00e4 luonnonkuituja sek\u00e4 selluloosapohjaisia muuntokuituja<\/li>\n<\/ul>\n<p>&nbsp;<\/p>\n","protected":false},"excerpt":{"rendered":"<p>Rosla -silkkihuivin kaunis Suomessa suunniteltu klassinen ornamentaalinen kuosi on painettu Kiinassa kevyeen ja pehme\u00e4\u00e4n 100% silkkihuiviin. Silkkihuivi on kevyt ja k\u00e4yt\u00e4nn\u00f6llinen asuste niin arkeen kuin juhliin ja tapahtumiin. Koostumus: 100 % silkki\u00e4 Saat uudistettua pukeutumisesi uudella huivilla, jonka voit esimerkiksi sitoa kaulaan tai hiuksiin Materiaalivalinnoissa on pyritty suosimaan aikaa ja k\u00e4ytt\u00f6\u00e4 kest\u00e4vi\u00e4 luonnonkuituja sek\u00e4 selluloosapohjaisia [&hellip;]<\/p>\n","protected":false},"featured_media":70244,"template":"","meta":{"_acf_changed":false},"pwb-brand":[],"product_brand":[],"product_cat":[629,827],"product_tag":[],"woo-feed-brand":[],"class_list":{"0":"post-70550","1":"product","2":"type-product","3":"status-publish","4":"has-post-thumbnail","6":"product_cat-asusteet-naiset","7":"product_cat-naiset","9":"first","10":"instock","11":"taxable","12":"shipping-taxable","13":"purchasable","14":"product-type-simple"},"acf":[],"brands":[],"_links":{"self":[{"href":"https:\/\/nautical.store\/fi\/wp-json\/wp\/v2\/product\/70550","targetHints":{"allow":["GET"]}}],"collection":[{"href":"https:\/\/nautical.store\/fi\/wp-json\/wp\/v2\/product"}],"about":[{"href":"https:\/\/nautical.store\/fi\/wp-json\/wp\/v2\/types\/product"}],"wp:featuredmedia":[{"embeddable":true,"href":"https:\/\/nautical.store\/fi\/wp-json\/wp\/v2\/media\/70244"}],"wp:attachment":[{"href":"https:\/\/nautical.store\/fi\/wp-json\/wp\/v2\/media?parent=70550"}],"wp:term":[{"taxonomy":"pwb-brand","embeddable":true,"href":"https:\/\/nautical.store\/fi\/wp-json\/wp\/v2\/pwb-brand?post=70550"},{"taxonomy":"product_brand","embeddable":true,"href":"https:\/\/nautical.store\/fi\/wp-json\/wp\/v2\/product_brand?post=70550"},{"taxonomy":"product_cat","embeddable":true,"href":"https:\/\/nautical.store\/fi\/wp-json\/wp\/v2\/product_cat?post=70550"},{"taxonomy":"product_tag","embeddable":true,"href":"https:\/\/nautical.store\/fi\/wp-json\/wp\/v2\/product_tag?post=70550"},{"taxonomy":"woo-feed-brand","embeddable":true,"href":"https:\/\/nautical.store\/fi\/wp-json\/wp\/v2\/woo-feed-brand?post=70550"}],"curies":[{"name":"wp","href":"https:\/\/api.w.org\/{rel}","templated":true}]}}