{"id":70552,"date":"2024-10-14T16:44:21","date_gmt":"2024-10-14T13:44:21","guid":{"rendered":"https:\/\/nautical.store\/toode\/rosla-silkkihuivi-oliivi\/"},"modified":"2025-07-28T11:43:31","modified_gmt":"2025-07-28T08:43:31","slug":"rosla-silkkihuivi-oliivi","status":"publish","type":"product","link":"https:\/\/nautical.store\/fi\/tuote\/rosla-silkkihuivi-oliivi\/","title":{"rendered":"Rosla Silkkihuivi Oliivi"},"content":{"rendered":"<p><!--StartFragment --><\/p>\n<p>Rosla-silkkihuivi \u2013 kepeytt\u00e4, eleganssia ja klassista tyyli\u00e4<\/p>\n<p>T\u00e4m\u00e4 Suomessa suunniteltu Rosla-silkkihuivi ihastuttaa klassisella ornamenttikuvioinnilla. Pehme\u00e4 ja kevyt 100 % silkki tekee siit\u00e4 t\u00e4ydellisen asusteen arkeen, juhlaan tai vaikka erityistilaisuuksiin. Kuosi on painettu huolellisesti Kiinassa laadukkaalle materiaalille.<\/p>\n<ul>\n<li>Materiaali: 100 % silkki\u00e4<\/li>\n<li>Tyylik\u00e4s, py\u00f6re\u00e4 logo tuo viimeistellyn yksityiskohdan<\/li>\n<li>Monik\u00e4ytt\u00f6inen \u2013 voit sitoa sen kaulaan, hiuksiin tai vaikka laukkuun<\/li>\n<li>Lis\u00e4\u00e4 pukeutumiseesi ripaus ylellisyytt\u00e4 uudella huivilla<\/li>\n<\/ul>\n<p><!--EndFragment --><\/p>\n","protected":false},"excerpt":{"rendered":"<p>Rosla-silkkihuivi \u2013 kepeytt\u00e4, eleganssia ja klassista tyyli\u00e4 T\u00e4m\u00e4 Suomessa suunniteltu Rosla-silkkihuivi ihastuttaa klassisella ornamenttikuvioinnilla. Pehme\u00e4 ja kevyt 100 % silkki tekee siit\u00e4 t\u00e4ydellisen asusteen arkeen, juhlaan tai vaikka erityistilaisuuksiin. Kuosi on painettu huolellisesti Kiinassa laadukkaalle materiaalille. Materiaali: 100 % silkki\u00e4 Tyylik\u00e4s, py\u00f6re\u00e4 logo tuo viimeistellyn yksityiskohdan Monik\u00e4ytt\u00f6inen \u2013 voit sitoa sen kaulaan, hiuksiin tai vaikka [&hellip;]<\/p>\n","protected":false},"featured_media":70210,"template":"","meta":{"_acf_changed":false},"pwb-brand":[],"product_brand":[],"product_cat":[629,827],"product_tag":[],"woo-feed-brand":[],"class_list":{"0":"post-70552","1":"product","2":"type-product","3":"status-publish","4":"has-post-thumbnail","6":"product_cat-asusteet-naiset","7":"product_cat-naiset","9":"first","10":"instock","11":"taxable","12":"shipping-taxable","13":"purchasable","14":"product-type-simple"},"acf":[],"brands":[],"_links":{"self":[{"href":"https:\/\/nautical.store\/fi\/wp-json\/wp\/v2\/product\/70552","targetHints":{"allow":["GET"]}}],"collection":[{"href":"https:\/\/nautical.store\/fi\/wp-json\/wp\/v2\/product"}],"about":[{"href":"https:\/\/nautical.store\/fi\/wp-json\/wp\/v2\/types\/product"}],"wp:featuredmedia":[{"embeddable":true,"href":"https:\/\/nautical.store\/fi\/wp-json\/wp\/v2\/media\/70210"}],"wp:attachment":[{"href":"https:\/\/nautical.store\/fi\/wp-json\/wp\/v2\/media?parent=70552"}],"wp:term":[{"taxonomy":"pwb-brand","embeddable":true,"href":"https:\/\/nautical.store\/fi\/wp-json\/wp\/v2\/pwb-brand?post=70552"},{"taxonomy":"product_brand","embeddable":true,"href":"https:\/\/nautical.store\/fi\/wp-json\/wp\/v2\/product_brand?post=70552"},{"taxonomy":"product_cat","embeddable":true,"href":"https:\/\/nautical.store\/fi\/wp-json\/wp\/v2\/product_cat?post=70552"},{"taxonomy":"product_tag","embeddable":true,"href":"https:\/\/nautical.store\/fi\/wp-json\/wp\/v2\/product_tag?post=70552"},{"taxonomy":"woo-feed-brand","embeddable":true,"href":"https:\/\/nautical.store\/fi\/wp-json\/wp\/v2\/woo-feed-brand?post=70552"}],"curies":[{"name":"wp","href":"https:\/\/api.w.org\/{rel}","templated":true}]}}