{"id":70746,"date":"2024-10-16T00:30:23","date_gmt":"2024-10-15T21:30:23","guid":{"rendered":"https:\/\/nautical.store\/toode\/romil-vyolaukku\/"},"modified":"2025-11-09T20:50:53","modified_gmt":"2025-11-09T18:50:53","slug":"romil-vyolaukku","status":"publish","type":"product","link":"https:\/\/nautical.store\/fi\/tuote\/romil-vyolaukku\/","title":{"rendered":"Romil Vy\u00f6laukku"},"content":{"rendered":"<p>Romil-vy\u00f6laukku tuo handsfree-mukavuuden arkeen \u2013 uusi lis\u00e4ys meid\u00e4n asustemallistoon.<br \/>\nLaukku on valmistettu pehme\u00e4st\u00e4 tekoturkiksesta ja siin\u00e4 on tilaa t\u00e4rkeimmille tavaroille.<br \/>\nKaksisuuntainen vetoketju pit\u00e4\u00e4 p\u00e4\u00e4osaston k\u00e4tev\u00e4sti suljettuna.<br \/>\nS\u00e4\u00e4dett\u00e4v\u00e4 hihna ja s\u00e4vyyn sopiva solki mahdollistavat monipuolisen kantamisen \u2013 vy\u00f6laukkuna tai olalla.<br \/>\nLeveys: 41 cm<\/p>\n","protected":false},"excerpt":{"rendered":"<p>Romil-vy\u00f6laukku tuo handsfree-mukavuuden arkeen \u2013 uusi lis\u00e4ys meid\u00e4n asustemallistoon. Laukku on valmistettu pehme\u00e4st\u00e4 tekoturkiksesta ja siin\u00e4 on tilaa t\u00e4rkeimmille tavaroille. Kaksisuuntainen vetoketju pit\u00e4\u00e4 p\u00e4\u00e4osaston k\u00e4tev\u00e4sti suljettuna. S\u00e4\u00e4dett\u00e4v\u00e4 hihna ja s\u00e4vyyn sopiva solki mahdollistavat monipuolisen kantamisen \u2013 vy\u00f6laukkuna tai olalla. Leveys: 41 cm<\/p>\n","protected":false},"featured_media":70646,"template":"","meta":{"_acf_changed":false},"pwb-brand":[1744],"product_brand":[],"product_cat":[629,877,827],"product_tag":[],"woo-feed-brand":[],"class_list":{"0":"post-70746","1":"product","2":"type-product","3":"status-publish","4":"has-post-thumbnail","6":"pwb-brand-save-the-duck-fi","7":"product_cat-asusteet-naiset","8":"product_cat-edullinen-hinta-naiset","9":"product_cat-naiset","11":"first","12":"instock","13":"sale","14":"taxable","15":"shipping-taxable","16":"purchasable","17":"product-type-variable","18":"wvs-archive-product-wrapper"},"acf":[],"brands":[{"id":1744,"name":"Save the Duck","slug":"save-the-duck-fi"}],"_links":{"self":[{"href":"https:\/\/nautical.store\/fi\/wp-json\/wp\/v2\/product\/70746","targetHints":{"allow":["GET"]}}],"collection":[{"href":"https:\/\/nautical.store\/fi\/wp-json\/wp\/v2\/product"}],"about":[{"href":"https:\/\/nautical.store\/fi\/wp-json\/wp\/v2\/types\/product"}],"wp:featuredmedia":[{"embeddable":true,"href":"https:\/\/nautical.store\/fi\/wp-json\/wp\/v2\/media\/70646"}],"wp:attachment":[{"href":"https:\/\/nautical.store\/fi\/wp-json\/wp\/v2\/media?parent=70746"}],"wp:term":[{"taxonomy":"pwb-brand","embeddable":true,"href":"https:\/\/nautical.store\/fi\/wp-json\/wp\/v2\/pwb-brand?post=70746"},{"taxonomy":"product_brand","embeddable":true,"href":"https:\/\/nautical.store\/fi\/wp-json\/wp\/v2\/product_brand?post=70746"},{"taxonomy":"product_cat","embeddable":true,"href":"https:\/\/nautical.store\/fi\/wp-json\/wp\/v2\/product_cat?post=70746"},{"taxonomy":"product_tag","embeddable":true,"href":"https:\/\/nautical.store\/fi\/wp-json\/wp\/v2\/product_tag?post=70746"},{"taxonomy":"woo-feed-brand","embeddable":true,"href":"https:\/\/nautical.store\/fi\/wp-json\/wp\/v2\/woo-feed-brand?post=70746"}],"curies":[{"name":"wp","href":"https:\/\/api.w.org\/{rel}","templated":true}]}}