{"id":70749,"date":"2024-10-15T17:13:11","date_gmt":"2024-10-15T14:13:11","guid":{"rendered":"https:\/\/nautical.store\/toode\/laila-hupputakki\/"},"modified":"2026-02-27T11:46:20","modified_gmt":"2026-02-27T09:46:20","slug":"laila-hupputakki","status":"publish","type":"product","link":"https:\/\/nautical.store\/fi\/tuote\/laila-hupputakki\/","title":{"rendered":"Laila Hupputakki"},"content":{"rendered":"<p><!--StartFragment --><\/p>\n<p>Laila on eritt\u00e4in l\u00e4mmin, kaksipuoleinen hupullinen takki. Toisella puolella on ylellinen tikattu design, toisella puolella pehme\u00e4 tekoturkis. Takki tarjoaa kaksi erilaista tyyli\u00e4 yhdess\u00e4 vaatteessa \u2013 valitse p\u00e4iv\u00e4n tunnelman mukaan.<\/p>\n<p>&nbsp;<\/p>\n<ul>\n<li>100 % kierr\u00e4tetty\u00e4 polyesteri\u00e4<\/li>\n<li>Vetoketjukiinnitys<\/li>\n<li>Tikatulla puolella vetoketjulliset sivutaskut, tekoturkispuolella avotaskut<\/li>\n<li>Tikatun puolen vasemmassa hihassa kuminen logomerkki<\/li>\n<li>Normaali istuvuus<\/li>\n<li>Koko S sel\u00e4n pituus: 56 cm<\/li>\n<\/ul>\n<p><!--EndFragment --><\/p>\n","protected":false},"excerpt":{"rendered":"<p>Naisten kaksipuoleinen hupullinen takki<\/p>\n","protected":false},"featured_media":70414,"template":"","meta":{"_acf_changed":false},"pwb-brand":[1744],"product_brand":[],"product_cat":[877,827,2183,617],"product_tag":[],"woo-feed-brand":[],"class_list":{"0":"post-70749","1":"product","2":"type-product","3":"status-publish","4":"has-post-thumbnail","6":"pwb-brand-save-the-duck-fi","7":"product_cat-edullinen-hinta-naiset","8":"product_cat-naiset","9":"product_cat-outlet-fi","10":"product_cat-paallysvaatteet","12":"first","13":"instock","14":"sale","15":"taxable","16":"shipping-taxable","17":"purchasable","18":"product-type-variable","19":"wvs-archive-product-wrapper"},"acf":[],"brands":[{"id":1744,"name":"Save the Duck","slug":"save-the-duck-fi"}],"_links":{"self":[{"href":"https:\/\/nautical.store\/fi\/wp-json\/wp\/v2\/product\/70749","targetHints":{"allow":["GET"]}}],"collection":[{"href":"https:\/\/nautical.store\/fi\/wp-json\/wp\/v2\/product"}],"about":[{"href":"https:\/\/nautical.store\/fi\/wp-json\/wp\/v2\/types\/product"}],"wp:featuredmedia":[{"embeddable":true,"href":"https:\/\/nautical.store\/fi\/wp-json\/wp\/v2\/media\/70414"}],"wp:attachment":[{"href":"https:\/\/nautical.store\/fi\/wp-json\/wp\/v2\/media?parent=70749"}],"wp:term":[{"taxonomy":"pwb-brand","embeddable":true,"href":"https:\/\/nautical.store\/fi\/wp-json\/wp\/v2\/pwb-brand?post=70749"},{"taxonomy":"product_brand","embeddable":true,"href":"https:\/\/nautical.store\/fi\/wp-json\/wp\/v2\/product_brand?post=70749"},{"taxonomy":"product_cat","embeddable":true,"href":"https:\/\/nautical.store\/fi\/wp-json\/wp\/v2\/product_cat?post=70749"},{"taxonomy":"product_tag","embeddable":true,"href":"https:\/\/nautical.store\/fi\/wp-json\/wp\/v2\/product_tag?post=70749"},{"taxonomy":"woo-feed-brand","embeddable":true,"href":"https:\/\/nautical.store\/fi\/wp-json\/wp\/v2\/woo-feed-brand?post=70749"}],"curies":[{"name":"wp","href":"https:\/\/api.w.org\/{rel}","templated":true}]}}