{"id":70756,"date":"2024-10-15T16:33:20","date_gmt":"2024-10-15T13:33:20","guid":{"rendered":"https:\/\/nautical.store\/toode\/ezra-hupputakki\/"},"modified":"2025-11-14T13:33:49","modified_gmt":"2025-11-14T11:33:49","slug":"ezra-hupputakki","status":"publish","type":"product","link":"https:\/\/nautical.store\/fi\/tuote\/ezra-hupputakki\/","title":{"rendered":"Ezra miesten k\u00e4\u00e4nnett\u00e4v\u00e4 hupputakki"},"content":{"rendered":"<p><!--StartFragment --><\/p>\n<p>Ezra on k\u00e4\u00e4nnett\u00e4v\u00e4 hupputakki \u2013 toinen puoli on sile\u00e4, toinen tikattu. Monik\u00e4ytt\u00f6inen ja tyylik\u00e4s valinta vaihteleviin s\u00e4\u00e4olosuhteisiin.<\/p>\n<ul>\n<li>P\u00e4\u00e4llikangas: 100 % kierr\u00e4tetty\u00e4 polyesteri\u00e4<\/li>\n<li>Vuori: 100 % kierr\u00e4tetty\u00e4 nailonia<\/li>\n<li>T\u00e4yte: kierr\u00e4tetty PET-materiaali (valmistettu muovipulloista)<\/li>\n<li>Vedenpit\u00e4v\u00e4 vetoketju<\/li>\n<li>Vesipilariarvo: 5000 mm \/ 24 h<\/li>\n<li>Hengitt\u00e4vyys: 5000 g\/m\u00b2 \/ 24 h<\/li>\n<li>Sile\u00e4ll\u00e4 puolella vetoketjullinen rintatasku vasemmalla<\/li>\n<li>Normaali istuvuus<\/li>\n<li>Koko M, sel\u00e4n pituus: 67 cm<\/li>\n<\/ul>\n<p><!--EndFragment --><\/p>\n","protected":false},"excerpt":{"rendered":"<p><!--StartFragment --><\/p>\n<p>Miesten k\u00e4\u00e4nnett\u00e4v\u00e4 hupputakki<\/p>\n<p><!--EndFragment --><\/p>\n<p><!--EndFragment --><\/p>\n","protected":false},"featured_media":70732,"template":"","meta":{"_acf_changed":false},"pwb-brand":[1744],"product_brand":[],"product_cat":[876,777,702],"product_tag":[],"woo-feed-brand":[],"class_list":{"0":"post-70756","1":"product","2":"type-product","3":"status-publish","4":"has-post-thumbnail","6":"pwb-brand-save-the-duck-fi","7":"product_cat-edullinen-hinta-miehet-fi","8":"product_cat-miehet","9":"product_cat-paallysvaatteet-miehet","11":"first","12":"instock","13":"sale","14":"taxable","15":"shipping-taxable","16":"purchasable","17":"product-type-variable","18":"wvs-archive-product-wrapper"},"acf":[],"brands":[{"id":1744,"name":"Save the Duck","slug":"save-the-duck-fi"}],"_links":{"self":[{"href":"https:\/\/nautical.store\/fi\/wp-json\/wp\/v2\/product\/70756","targetHints":{"allow":["GET"]}}],"collection":[{"href":"https:\/\/nautical.store\/fi\/wp-json\/wp\/v2\/product"}],"about":[{"href":"https:\/\/nautical.store\/fi\/wp-json\/wp\/v2\/types\/product"}],"wp:featuredmedia":[{"embeddable":true,"href":"https:\/\/nautical.store\/fi\/wp-json\/wp\/v2\/media\/70732"}],"wp:attachment":[{"href":"https:\/\/nautical.store\/fi\/wp-json\/wp\/v2\/media?parent=70756"}],"wp:term":[{"taxonomy":"pwb-brand","embeddable":true,"href":"https:\/\/nautical.store\/fi\/wp-json\/wp\/v2\/pwb-brand?post=70756"},{"taxonomy":"product_brand","embeddable":true,"href":"https:\/\/nautical.store\/fi\/wp-json\/wp\/v2\/product_brand?post=70756"},{"taxonomy":"product_cat","embeddable":true,"href":"https:\/\/nautical.store\/fi\/wp-json\/wp\/v2\/product_cat?post=70756"},{"taxonomy":"product_tag","embeddable":true,"href":"https:\/\/nautical.store\/fi\/wp-json\/wp\/v2\/product_tag?post=70756"},{"taxonomy":"woo-feed-brand","embeddable":true,"href":"https:\/\/nautical.store\/fi\/wp-json\/wp\/v2\/woo-feed-brand?post=70756"}],"curies":[{"name":"wp","href":"https:\/\/api.w.org\/{rel}","templated":true}]}}