{"id":70760,"date":"2024-10-15T16:31:30","date_gmt":"2024-10-15T13:31:30","guid":{"rendered":"https:\/\/nautical.store\/toode\/kennie-takki\/"},"modified":"2025-12-19T22:04:21","modified_gmt":"2025-12-19T20:04:21","slug":"kennie-takki","status":"publish","type":"product","link":"https:\/\/nautical.store\/fi\/tuote\/kennie-takki\/","title":{"rendered":"Kennie Takki"},"content":{"rendered":"<p><!--StartFragment --><\/p>\n<p>Kennie on tekoturkista valmistettu, korkeakauluksinen takki. Miellytt\u00e4v\u00e4n pehme\u00e4 ja eritt\u00e4in l\u00e4mmin.<\/p>\n<p>Materiaali: 100 % kierr\u00e4tetty polyesteri<\/p>\n<ul>\n<li>Vetoketjukiinnitys<\/li>\n<li>2 k\u00e4yt\u00e4nn\u00f6llist\u00e4 sivutaskua nepparikiinnityksell\u00e4<\/li>\n<li>Vasemmassa hihassa kuminen logo<\/li>\n<li>Koko M, sel\u00e4n pituus 60 cm<\/li>\n<\/ul>\n<p>&nbsp;<\/p>\n<p>&nbsp;<\/p>\n<p><!--EndFragment --><\/p>\n","protected":false},"excerpt":{"rendered":"<p>Kennie on tekoturkista valmistettu, korkeakauluksinen takki. Miellytt\u00e4v\u00e4n pehme\u00e4 ja eritt\u00e4in l\u00e4mmin. Materiaali: 100 % kierr\u00e4tetty polyesteri Vetoketjukiinnitys 2 k\u00e4yt\u00e4nn\u00f6llist\u00e4 sivutaskua nepparikiinnityksell\u00e4 Vasemmassa hihassa kuminen logo Koko M, sel\u00e4n pituus 60 cm &nbsp; &nbsp;<\/p>\n","protected":false},"featured_media":71725,"template":"","meta":{"_acf_changed":false},"pwb-brand":[1744],"product_brand":[],"product_cat":[877,827,2183,617],"product_tag":[],"woo-feed-brand":[],"class_list":{"0":"post-70760","1":"product","2":"type-product","3":"status-publish","4":"has-post-thumbnail","6":"pwb-brand-save-the-duck-fi","7":"product_cat-edullinen-hinta-naiset","8":"product_cat-naiset","9":"product_cat-outlet-fi","10":"product_cat-paallysvaatteet","12":"first","13":"instock","14":"sale","15":"taxable","16":"shipping-taxable","17":"purchasable","18":"product-type-variable","19":"wvs-archive-product-wrapper"},"acf":[],"brands":[{"id":1744,"name":"Save the Duck","slug":"save-the-duck-fi"}],"_links":{"self":[{"href":"https:\/\/nautical.store\/fi\/wp-json\/wp\/v2\/product\/70760","targetHints":{"allow":["GET"]}}],"collection":[{"href":"https:\/\/nautical.store\/fi\/wp-json\/wp\/v2\/product"}],"about":[{"href":"https:\/\/nautical.store\/fi\/wp-json\/wp\/v2\/types\/product"}],"wp:featuredmedia":[{"embeddable":true,"href":"https:\/\/nautical.store\/fi\/wp-json\/wp\/v2\/media\/71725"}],"wp:attachment":[{"href":"https:\/\/nautical.store\/fi\/wp-json\/wp\/v2\/media?parent=70760"}],"wp:term":[{"taxonomy":"pwb-brand","embeddable":true,"href":"https:\/\/nautical.store\/fi\/wp-json\/wp\/v2\/pwb-brand?post=70760"},{"taxonomy":"product_brand","embeddable":true,"href":"https:\/\/nautical.store\/fi\/wp-json\/wp\/v2\/product_brand?post=70760"},{"taxonomy":"product_cat","embeddable":true,"href":"https:\/\/nautical.store\/fi\/wp-json\/wp\/v2\/product_cat?post=70760"},{"taxonomy":"product_tag","embeddable":true,"href":"https:\/\/nautical.store\/fi\/wp-json\/wp\/v2\/product_tag?post=70760"},{"taxonomy":"woo-feed-brand","embeddable":true,"href":"https:\/\/nautical.store\/fi\/wp-json\/wp\/v2\/woo-feed-brand?post=70760"}],"curies":[{"name":"wp","href":"https:\/\/api.w.org\/{rel}","templated":true}]}}