{"id":71018,"date":"2024-10-19T16:39:40","date_gmt":"2024-10-19T13:39:40","guid":{"rendered":"https:\/\/nautical.store\/toode\/commodus-kasineet\/"},"modified":"2025-07-28T12:22:48","modified_gmt":"2025-07-28T09:22:48","slug":"commodus-kasineet","status":"publish","type":"product","link":"https:\/\/nautical.store\/fi\/tuote\/commodus-kasineet\/","title":{"rendered":"PelleP Commodus K\u00e4sineet"},"content":{"rendered":"<p><!--StartFragment --><\/p>\n<p>S\u00e4\u00e4nkest\u00e4v\u00e4t lapaset \u2013 l\u00e4mp\u00f6\u00e4 ja suojaa ulkoiluun<\/p>\n<p>N\u00e4m\u00e4 lapaset on valmistettu vedelt\u00e4 ja tuulelta suojaavasta kankaasta, jossa on joustava kalvo. Lis\u00e4l\u00e4mp\u00f6\u00e4 tuo kierr\u00e4tetty\u00e4 PET-muovia sis\u00e4lt\u00e4v\u00e4 polyesteripehmuste \u2013 ekologinen ja mukava valinta. Pehme\u00e4 resori pit\u00e4\u00e4 lapaset napakasti paikoillaan, ja edess\u00e4 on heijastava Pelle P -painatus n\u00e4kyvyyden parantamiseksi.<\/p>\n<ul>\n<li>Koostumus: 100 % polyesteri<\/li>\n<li>Heijastava Pelle P -painatus edess\u00e4<\/li>\n<li>Pehme\u00e4 resori pit\u00e4\u00e4 lapaset hyvin paikoillaan<\/li>\n<\/ul>\n<p><!--EndFragment --><\/p>\n","protected":false},"excerpt":{"rendered":"<p>S\u00e4\u00e4nkest\u00e4v\u00e4t lapaset \u2013 l\u00e4mp\u00f6\u00e4 ja suojaa ulkoiluun N\u00e4m\u00e4 lapaset on valmistettu vedelt\u00e4 ja tuulelta suojaavasta kankaasta, jossa on joustava kalvo. Lis\u00e4l\u00e4mp\u00f6\u00e4 tuo kierr\u00e4tetty\u00e4 PET-muovia sis\u00e4lt\u00e4v\u00e4 polyesteripehmuste \u2013 ekologinen ja mukava valinta. Pehme\u00e4 resori pit\u00e4\u00e4 lapaset napakasti paikoillaan, ja edess\u00e4 on heijastava Pelle P -painatus n\u00e4kyvyyden parantamiseksi. Koostumus: 100 % polyesteri Heijastava Pelle P -painatus edess\u00e4 [&hellip;]<\/p>\n","protected":false},"featured_media":70964,"template":"","meta":{"_acf_changed":false},"pwb-brand":[838],"product_brand":[],"product_cat":[629,827],"product_tag":[],"woo-feed-brand":[],"class_list":{"0":"post-71018","1":"product","2":"type-product","3":"status-publish","4":"has-post-thumbnail","6":"pwb-brand-pelle-petterson-fi","7":"product_cat-asusteet-naiset","8":"product_cat-naiset","10":"first","11":"outofstock","12":"sale","13":"taxable","14":"shipping-taxable","15":"purchasable","16":"product-type-variable","17":"wvs-archive-product-wrapper"},"acf":[],"brands":[{"id":838,"name":"Pelle Petterson","slug":"pelle-petterson-fi"}],"_links":{"self":[{"href":"https:\/\/nautical.store\/fi\/wp-json\/wp\/v2\/product\/71018","targetHints":{"allow":["GET"]}}],"collection":[{"href":"https:\/\/nautical.store\/fi\/wp-json\/wp\/v2\/product"}],"about":[{"href":"https:\/\/nautical.store\/fi\/wp-json\/wp\/v2\/types\/product"}],"wp:featuredmedia":[{"embeddable":true,"href":"https:\/\/nautical.store\/fi\/wp-json\/wp\/v2\/media\/70964"}],"wp:attachment":[{"href":"https:\/\/nautical.store\/fi\/wp-json\/wp\/v2\/media?parent=71018"}],"wp:term":[{"taxonomy":"pwb-brand","embeddable":true,"href":"https:\/\/nautical.store\/fi\/wp-json\/wp\/v2\/pwb-brand?post=71018"},{"taxonomy":"product_brand","embeddable":true,"href":"https:\/\/nautical.store\/fi\/wp-json\/wp\/v2\/product_brand?post=71018"},{"taxonomy":"product_cat","embeddable":true,"href":"https:\/\/nautical.store\/fi\/wp-json\/wp\/v2\/product_cat?post=71018"},{"taxonomy":"product_tag","embeddable":true,"href":"https:\/\/nautical.store\/fi\/wp-json\/wp\/v2\/product_tag?post=71018"},{"taxonomy":"woo-feed-brand","embeddable":true,"href":"https:\/\/nautical.store\/fi\/wp-json\/wp\/v2\/woo-feed-brand?post=71018"}],"curies":[{"name":"wp","href":"https:\/\/api.w.org\/{rel}","templated":true}]}}