{"id":71021,"date":"2024-10-19T16:11:26","date_gmt":"2024-10-19T13:11:26","guid":{"rendered":"https:\/\/nautical.store\/toode\/commodus-takki-koirille\/"},"modified":"2025-07-28T12:52:34","modified_gmt":"2025-07-28T09:52:34","slug":"commodus-takki-koirille","status":"publish","type":"product","link":"https:\/\/nautical.store\/fi\/tuote\/commodus-takki-koirille\/","title":{"rendered":"Commodus takki koirille"},"content":{"rendered":"<p><!--StartFragment --><\/p>\n<p>Koiran takki \u2013 veden- ja tuulenpit\u00e4v\u00e4, mukava p\u00e4\u00e4ll\u00e4<\/p>\n<p>T\u00e4m\u00e4 koiran takki suojaa tehokkaasti s\u00e4\u00e4lt\u00e4 joustavan kalvon ja vedenpit\u00e4v\u00e4n kankaan ansiosta. Pehmustettu kierr\u00e4tetyll\u00e4 polyesterill\u00e4, joka on valmistettu PET-pulloista \u2013 l\u00e4mp\u00f6\u00e4 ja ekologisuutta samassa paketissa. Joustavat nauhat takajalkojen ymp\u00e4rill\u00e4 pit\u00e4v\u00e4t takin hyvin paikoillaan, ja sel\u00e4ss\u00e4 on k\u00e4tev\u00e4 aukko hihnan kiinnitykselle.<\/p>\n<ul>\n<li>Materiaali: 100 % polyesteri<\/li>\n<li>Heijastavat painatukset molemmilla puolilla<\/li>\n<li>Heijastava nauha takin reunoissa lis\u00e4\u00e4 n\u00e4kyvyytt\u00e4<\/li>\n<li>Pelle P -logo edess\u00e4 rinnassa<\/li>\n<li>Joustavat kiinnitysnauhat takajalkojen ymp\u00e4rille<\/li>\n<li>Aukko hihnan kiinnitt\u00e4mist\u00e4 varten sel\u00e4ss\u00e4<\/li>\n<li>Koko M\/L: sel\u00e4n pituus 40,5 cm<\/li>\n<\/ul>\n<p><!--EndFragment --><\/p>\n","protected":false},"excerpt":{"rendered":"<p>Koiran takki \u2013 veden- ja tuulenpit\u00e4v\u00e4, mukava p\u00e4\u00e4ll\u00e4 T\u00e4m\u00e4 koiran takki suojaa tehokkaasti s\u00e4\u00e4lt\u00e4 joustavan kalvon ja vedenpit\u00e4v\u00e4n kankaan ansiosta. Pehmustettu kierr\u00e4tetyll\u00e4 polyesterill\u00e4, joka on valmistettu PET-pulloista \u2013 l\u00e4mp\u00f6\u00e4 ja ekologisuutta samassa paketissa. Joustavat nauhat takajalkojen ymp\u00e4rill\u00e4 pit\u00e4v\u00e4t takin hyvin paikoillaan, ja sel\u00e4ss\u00e4 on k\u00e4tev\u00e4 aukko hihnan kiinnitykselle. Materiaali: 100 % polyesteri Heijastavat painatukset molemmilla [&hellip;]<\/p>\n","protected":false},"featured_media":70940,"template":"","meta":{"_acf_changed":false},"pwb-brand":[838],"product_brand":[],"product_cat":[628,629],"product_tag":[],"woo-feed-brand":[],"class_list":{"0":"post-71021","1":"product","2":"type-product","3":"status-publish","4":"has-post-thumbnail","6":"pwb-brand-pelle-petterson-fi","7":"product_cat-asusteet","8":"product_cat-asusteet-naiset","10":"first","11":"instock","12":"taxable","13":"shipping-taxable","14":"purchasable","15":"product-type-variable","16":"wvs-archive-product-wrapper"},"acf":[],"brands":[{"id":838,"name":"Pelle Petterson","slug":"pelle-petterson-fi"}],"_links":{"self":[{"href":"https:\/\/nautical.store\/fi\/wp-json\/wp\/v2\/product\/71021","targetHints":{"allow":["GET"]}}],"collection":[{"href":"https:\/\/nautical.store\/fi\/wp-json\/wp\/v2\/product"}],"about":[{"href":"https:\/\/nautical.store\/fi\/wp-json\/wp\/v2\/types\/product"}],"wp:featuredmedia":[{"embeddable":true,"href":"https:\/\/nautical.store\/fi\/wp-json\/wp\/v2\/media\/70940"}],"wp:attachment":[{"href":"https:\/\/nautical.store\/fi\/wp-json\/wp\/v2\/media?parent=71021"}],"wp:term":[{"taxonomy":"pwb-brand","embeddable":true,"href":"https:\/\/nautical.store\/fi\/wp-json\/wp\/v2\/pwb-brand?post=71021"},{"taxonomy":"product_brand","embeddable":true,"href":"https:\/\/nautical.store\/fi\/wp-json\/wp\/v2\/product_brand?post=71021"},{"taxonomy":"product_cat","embeddable":true,"href":"https:\/\/nautical.store\/fi\/wp-json\/wp\/v2\/product_cat?post=71021"},{"taxonomy":"product_tag","embeddable":true,"href":"https:\/\/nautical.store\/fi\/wp-json\/wp\/v2\/product_tag?post=71021"},{"taxonomy":"woo-feed-brand","embeddable":true,"href":"https:\/\/nautical.store\/fi\/wp-json\/wp\/v2\/woo-feed-brand?post=71021"}],"curies":[{"name":"wp","href":"https:\/\/api.w.org\/{rel}","templated":true}]}}