{"id":71023,"date":"2024-10-19T16:09:34","date_gmt":"2024-10-19T13:09:34","guid":{"rendered":"https:\/\/nautical.store\/toode\/commodus-heijastava-takki-koirille\/"},"modified":"2025-07-28T13:37:45","modified_gmt":"2025-07-28T10:37:45","slug":"commodus-heijastava-takki-koirille","status":"publish","type":"product","link":"https:\/\/nautical.store\/fi\/tuote\/commodus-heijastava-takki-koirille\/","title":{"rendered":"Commodus heijastava takki koirille"},"content":{"rendered":"<p><!--StartFragment --><\/p>\n<p>Koiran takki \u2013 vedenpit\u00e4v\u00e4, tuulta suojaava ja hyvin n\u00e4kyv\u00e4<\/p>\n<p>T\u00e4m\u00e4 takki on valmistettu veden- ja tuulenpit\u00e4v\u00e4st\u00e4 kankaasta, jossa on joustava kalvo. P\u00e4\u00e4kangas on heijastavaa materiaalia, joka parantaa n\u00e4kyvyytt\u00e4 h\u00e4m\u00e4r\u00e4ss\u00e4. Joustavat nauhat takaavat mukavan ja varman istuvuuden.<\/p>\n<ul>\n<li>Materiaali: 100 % polyesteri<\/li>\n<li>Heijastavat painatukset molemmilla puolilla<\/li>\n<li>Pehmustettu kierr\u00e4tetyll\u00e4 polyesterill\u00e4 (valmistettu PET-pulloista)<\/li>\n<li>Pelle P -logo edess\u00e4 rinnassa<\/li>\n<li>Joustavat kiinnitysnauhat takajalkojen ymp\u00e4rille<\/li>\n<li>Aukko hihnan kiinnitt\u00e4mist\u00e4 varten sel\u00e4ss\u00e4<\/li>\n<li>Koko XS\/S: sel\u00e4n pituus 33 cm<\/li>\n<li>Koko M\/L: sel\u00e4n pituus 40,5 cm<\/li>\n<\/ul>\n<p><!--EndFragment --><\/p>\n","protected":false},"excerpt":{"rendered":"<p>Koiran takki \u2013 vedenpit\u00e4v\u00e4, tuulta suojaava ja hyvin n\u00e4kyv\u00e4 T\u00e4m\u00e4 takki on valmistettu veden- ja tuulenpit\u00e4v\u00e4st\u00e4 kankaasta, jossa on joustava kalvo. P\u00e4\u00e4kangas on heijastavaa materiaalia, joka parantaa n\u00e4kyvyytt\u00e4 h\u00e4m\u00e4r\u00e4ss\u00e4. Joustavat nauhat takaavat mukavan ja varman istuvuuden. Materiaali: 100 % polyesteri Heijastavat painatukset molemmilla puolilla Pehmustettu kierr\u00e4tetyll\u00e4 polyesterill\u00e4 (valmistettu PET-pulloista) Pelle P -logo edess\u00e4 rinnassa Joustavat [&hellip;]<\/p>\n","protected":false},"featured_media":70914,"template":"","meta":{"_acf_changed":false},"pwb-brand":[838],"product_brand":[],"product_cat":[628,629],"product_tag":[],"woo-feed-brand":[],"class_list":{"0":"post-71023","1":"product","2":"type-product","3":"status-publish","4":"has-post-thumbnail","6":"pwb-brand-pelle-petterson-fi","7":"product_cat-asusteet","8":"product_cat-asusteet-naiset","10":"first","11":"instock","12":"taxable","13":"shipping-taxable","14":"purchasable","15":"product-type-variable","16":"wvs-archive-product-wrapper"},"acf":[],"brands":[{"id":838,"name":"Pelle Petterson","slug":"pelle-petterson-fi"}],"_links":{"self":[{"href":"https:\/\/nautical.store\/fi\/wp-json\/wp\/v2\/product\/71023","targetHints":{"allow":["GET"]}}],"collection":[{"href":"https:\/\/nautical.store\/fi\/wp-json\/wp\/v2\/product"}],"about":[{"href":"https:\/\/nautical.store\/fi\/wp-json\/wp\/v2\/types\/product"}],"wp:featuredmedia":[{"embeddable":true,"href":"https:\/\/nautical.store\/fi\/wp-json\/wp\/v2\/media\/70914"}],"wp:attachment":[{"href":"https:\/\/nautical.store\/fi\/wp-json\/wp\/v2\/media?parent=71023"}],"wp:term":[{"taxonomy":"pwb-brand","embeddable":true,"href":"https:\/\/nautical.store\/fi\/wp-json\/wp\/v2\/pwb-brand?post=71023"},{"taxonomy":"product_brand","embeddable":true,"href":"https:\/\/nautical.store\/fi\/wp-json\/wp\/v2\/product_brand?post=71023"},{"taxonomy":"product_cat","embeddable":true,"href":"https:\/\/nautical.store\/fi\/wp-json\/wp\/v2\/product_cat?post=71023"},{"taxonomy":"product_tag","embeddable":true,"href":"https:\/\/nautical.store\/fi\/wp-json\/wp\/v2\/product_tag?post=71023"},{"taxonomy":"woo-feed-brand","embeddable":true,"href":"https:\/\/nautical.store\/fi\/wp-json\/wp\/v2\/woo-feed-brand?post=71023"}],"curies":[{"name":"wp","href":"https:\/\/api.w.org\/{rel}","templated":true}]}}