{"id":71032,"date":"2024-10-19T16:21:47","date_gmt":"2024-10-19T13:21:47","guid":{"rendered":"https:\/\/nautical.store\/toode\/commodus-kosmetiikkalaukku\/"},"modified":"2025-07-28T12:28:44","modified_gmt":"2025-07-28T09:28:44","slug":"commodus-kosmetiikkalaukku","status":"publish","type":"product","link":"https:\/\/nautical.store\/fi\/tuote\/commodus-kosmetiikkalaukku\/","title":{"rendered":"PelleP Commodus &#8211; Hygieniatarvikepussi"},"content":{"rendered":"<p><!--StartFragment --><\/p>\n<p>Kosmetiikkapussi \u2013 vedenpit\u00e4v\u00e4 ja k\u00e4yt\u00e4nn\u00f6llinen<\/p>\n<p>Kest\u00e4v\u00e4st\u00e4, vedenpit\u00e4v\u00e4st\u00e4 kankaasta tehty kosmetiikkapussi, jossa on joustava kalvo \u2013 suojaa tavarasi kosteudelta ja pysyy muodossaan. Sisus on pehmustettu kierr\u00e4tetyll\u00e4 polyesterill\u00e4, joka on valmistettu PET-pulloista. K\u00e4yt\u00e4nn\u00f6llinen vetoketju, vetoketjullinen sis\u00e4tasku ja verkkotasku pit\u00e4v\u00e4t tavarat j\u00e4rjestyksess\u00e4. Edess\u00e4 keskell\u00e4 Pelle P -merkki tuo ripauksen tyyli\u00e4.<\/p>\n<ul>\n<li>Materiaali: 100 % polyesteri<\/li>\n<li>Vetoketju<\/li>\n<li>Edess\u00e4 keskell\u00e4 Pelle P -logo<\/li>\n<li>Pehmustettu kierr\u00e4tetyll\u00e4 polyesterill\u00e4 (PET-pulloista)<\/li>\n<li>Sis\u00e4ll\u00e4 vetoketjutasku ja verkkotasku<\/li>\n<\/ul>\n<p><!--EndFragment --><\/p>\n","protected":false},"excerpt":{"rendered":"<p>Kosmetiikkapussi \u2013 vedenpit\u00e4v\u00e4 ja k\u00e4yt\u00e4nn\u00f6llinen Kest\u00e4v\u00e4st\u00e4, vedenpit\u00e4v\u00e4st\u00e4 kankaasta tehty kosmetiikkapussi, jossa on joustava kalvo \u2013 suojaa tavarasi kosteudelta ja pysyy muodossaan. Sisus on pehmustettu kierr\u00e4tetyll\u00e4 polyesterill\u00e4, joka on valmistettu PET-pulloista. K\u00e4yt\u00e4nn\u00f6llinen vetoketju, vetoketjullinen sis\u00e4tasku ja verkkotasku pit\u00e4v\u00e4t tavarat j\u00e4rjestyksess\u00e4. Edess\u00e4 keskell\u00e4 Pelle P -merkki tuo ripauksen tyyli\u00e4. Materiaali: 100 % polyesteri Vetoketju Edess\u00e4 keskell\u00e4 Pelle [&hellip;]<\/p>\n","protected":false},"featured_media":70953,"template":"","meta":{"_acf_changed":false},"pwb-brand":[838],"product_brand":[],"product_cat":[628,629,777,827],"product_tag":[],"woo-feed-brand":[],"class_list":{"0":"post-71032","1":"product","2":"type-product","3":"status-publish","4":"has-post-thumbnail","6":"pwb-brand-pelle-petterson-fi","7":"product_cat-asusteet","8":"product_cat-asusteet-naiset","9":"product_cat-miehet","10":"product_cat-naiset","12":"first","13":"outofstock","14":"sale","15":"taxable","16":"shipping-taxable","17":"purchasable","18":"product-type-variable","19":"wvs-archive-product-wrapper"},"acf":[],"brands":[{"id":838,"name":"Pelle Petterson","slug":"pelle-petterson-fi"}],"_links":{"self":[{"href":"https:\/\/nautical.store\/fi\/wp-json\/wp\/v2\/product\/71032","targetHints":{"allow":["GET"]}}],"collection":[{"href":"https:\/\/nautical.store\/fi\/wp-json\/wp\/v2\/product"}],"about":[{"href":"https:\/\/nautical.store\/fi\/wp-json\/wp\/v2\/types\/product"}],"wp:featuredmedia":[{"embeddable":true,"href":"https:\/\/nautical.store\/fi\/wp-json\/wp\/v2\/media\/70953"}],"wp:attachment":[{"href":"https:\/\/nautical.store\/fi\/wp-json\/wp\/v2\/media?parent=71032"}],"wp:term":[{"taxonomy":"pwb-brand","embeddable":true,"href":"https:\/\/nautical.store\/fi\/wp-json\/wp\/v2\/pwb-brand?post=71032"},{"taxonomy":"product_brand","embeddable":true,"href":"https:\/\/nautical.store\/fi\/wp-json\/wp\/v2\/product_brand?post=71032"},{"taxonomy":"product_cat","embeddable":true,"href":"https:\/\/nautical.store\/fi\/wp-json\/wp\/v2\/product_cat?post=71032"},{"taxonomy":"product_tag","embeddable":true,"href":"https:\/\/nautical.store\/fi\/wp-json\/wp\/v2\/product_tag?post=71032"},{"taxonomy":"woo-feed-brand","embeddable":true,"href":"https:\/\/nautical.store\/fi\/wp-json\/wp\/v2\/woo-feed-brand?post=71032"}],"curies":[{"name":"wp","href":"https:\/\/api.w.org\/{rel}","templated":true}]}}