{"id":71047,"date":"2024-10-19T14:11:20","date_gmt":"2024-10-19T11:11:20","guid":{"rendered":"https:\/\/nautical.store\/toode\/w-tempest-takki\/"},"modified":"2026-01-22T21:26:01","modified_gmt":"2026-01-22T19:26:01","slug":"w-tempest-takki","status":"publish","type":"product","link":"https:\/\/nautical.store\/fi\/tuote\/w-tempest-takki\/","title":{"rendered":"PelleP Naisten Takki Tempest"},"content":{"rendered":"<p><!--StartFragment --><\/p>\n<p>Naisten Tempest on kevyt ja tuulenpit\u00e4v\u00e4 naisten takki. Vy\u00f6t\u00e4r\u00f6ll\u00e4 on s\u00e4\u00e4dett\u00e4v\u00e4 kiristysnauha ommeltussa kanavassa. Irrotettava huppu, sis\u00e4tasku ja YKK\u00ae\u2011vetoketju P\u2011logolla. T\u00e4m\u00e4 takki sopii erinomaisesti heille, jotka arvostavat mukavuutta, laatua ja kest\u00e4vyytt\u00e4 \u2013 sek\u00e4 ymp\u00e4rist\u00f6yst\u00e4v\u00e4llisyytt\u00e4 kierr\u00e4tettyjen materiaalien ansiosta.<\/p>\n<ul>\n<li>Materiaali: 100 % polyesteri<\/li>\n<li>Vuori kierr\u00e4tetty\u00e4 polyesteri\u00e4<\/li>\n<li>S\u00e4\u00e4dett\u00e4v\u00e4 huppu<\/li>\n<li>P\u2011logomerkki vasemmassa hihassa<\/li>\n<li>Pelle P \u2011heijastinpainatus vasemmalla rinnassa<\/li>\n<li>P\u2011logon heijastinpainatus hupussa<\/li>\n<li>Joustavat hihansuut<\/li>\n<li>Normaali istuvuus<\/li>\n<\/ul>\n<p><!--EndFragment --><\/p>\n","protected":false},"excerpt":{"rendered":"<p><!--StartFragment --><\/p>\n<p>Naisten kevyt ulkotakki<\/p>\n<p><!--EndFragment --><\/p>\n","protected":false},"featured_media":88516,"template":"","meta":{"_acf_changed":false},"pwb-brand":[838],"product_brand":[],"product_cat":[827,617],"product_tag":[],"woo-feed-brand":[],"class_list":{"0":"post-71047","1":"product","2":"type-product","3":"status-publish","4":"has-post-thumbnail","6":"pwb-brand-pelle-petterson-fi","7":"product_cat-naiset","8":"product_cat-paallysvaatteet","10":"first","11":"instock","12":"taxable","13":"shipping-taxable","14":"purchasable","15":"product-type-variable","16":"wvs-archive-product-wrapper"},"acf":[],"brands":[{"id":838,"name":"Pelle Petterson","slug":"pelle-petterson-fi"}],"_links":{"self":[{"href":"https:\/\/nautical.store\/fi\/wp-json\/wp\/v2\/product\/71047","targetHints":{"allow":["GET"]}}],"collection":[{"href":"https:\/\/nautical.store\/fi\/wp-json\/wp\/v2\/product"}],"about":[{"href":"https:\/\/nautical.store\/fi\/wp-json\/wp\/v2\/types\/product"}],"wp:featuredmedia":[{"embeddable":true,"href":"https:\/\/nautical.store\/fi\/wp-json\/wp\/v2\/media\/88516"}],"wp:attachment":[{"href":"https:\/\/nautical.store\/fi\/wp-json\/wp\/v2\/media?parent=71047"}],"wp:term":[{"taxonomy":"pwb-brand","embeddable":true,"href":"https:\/\/nautical.store\/fi\/wp-json\/wp\/v2\/pwb-brand?post=71047"},{"taxonomy":"product_brand","embeddable":true,"href":"https:\/\/nautical.store\/fi\/wp-json\/wp\/v2\/product_brand?post=71047"},{"taxonomy":"product_cat","embeddable":true,"href":"https:\/\/nautical.store\/fi\/wp-json\/wp\/v2\/product_cat?post=71047"},{"taxonomy":"product_tag","embeddable":true,"href":"https:\/\/nautical.store\/fi\/wp-json\/wp\/v2\/product_tag?post=71047"},{"taxonomy":"woo-feed-brand","embeddable":true,"href":"https:\/\/nautical.store\/fi\/wp-json\/wp\/v2\/woo-feed-brand?post=71047"}],"curies":[{"name":"wp","href":"https:\/\/api.w.org\/{rel}","templated":true}]}}