{"id":71346,"date":"2024-10-30T12:29:54","date_gmt":"2024-10-30T10:29:54","guid":{"rendered":"https:\/\/nautical.store\/toode\/kini-pipo\/"},"modified":"2025-07-28T11:35:02","modified_gmt":"2025-07-28T08:35:02","slug":"kini-pipo","status":"publish","type":"product","link":"https:\/\/nautical.store\/fi\/tuote\/kini-pipo\/","title":{"rendered":"Kini Pipo"},"content":{"rendered":"<p><!--StartFragment --><\/p>\n<p>Kini-pipo \u2013 superpehme\u00e4 ja tyylik\u00e4s l\u00e4mp\u00f6 talvip\u00e4iviin<\/p>\n<p>T\u00e4m\u00e4 pipo on neulottu pehme\u00e4st\u00e4 langasta, joka muistuttaa tekoturkista \u2013 lopputuloksena p\u00f6rr\u00f6inen ja ylellinen look. Ihanan l\u00e4mmin valinta kylmiin s\u00e4ihin!<\/p>\n<ul>\n<li>Materiaali: 100 % polyesteri<\/li>\n<li>Edess\u00e4 pieni, py\u00f6re\u00e4 logo<\/li>\n<li>Erityisen l\u00e4mmin malli<\/li>\n<li>Huom! Husk green -v\u00e4riss\u00e4 n\u00e4kyv\u00e4 kuva on viitteellinen \u2013 n\u00e4et siit\u00e4 s\u00e4vyn<\/li>\n<\/ul>\n<p><!--EndFragment --><\/p>\n","protected":false},"excerpt":{"rendered":"<p>Kini-pipo \u2013 superpehme\u00e4 ja tyylik\u00e4s l\u00e4mp\u00f6 talvip\u00e4iviin T\u00e4m\u00e4 pipo on neulottu pehme\u00e4st\u00e4 langasta, joka muistuttaa tekoturkista \u2013 lopputuloksena p\u00f6rr\u00f6inen ja ylellinen look. Ihanan l\u00e4mmin valinta kylmiin s\u00e4ihin! Materiaali: 100 % polyesteri Edess\u00e4 pieni, py\u00f6re\u00e4 logo Erityisen l\u00e4mmin malli Huom! Husk green -v\u00e4riss\u00e4 n\u00e4kyv\u00e4 kuva on viitteellinen \u2013 n\u00e4et siit\u00e4 s\u00e4vyn<\/p>\n","protected":false},"featured_media":70369,"template":"","meta":{"_acf_changed":false},"pwb-brand":[1744],"product_brand":[],"product_cat":[629,877,827],"product_tag":[],"woo-feed-brand":[],"class_list":{"0":"post-71346","1":"product","2":"type-product","3":"status-publish","4":"has-post-thumbnail","6":"pwb-brand-save-the-duck-fi","7":"product_cat-asusteet-naiset","8":"product_cat-edullinen-hinta-naiset","9":"product_cat-naiset","11":"first","12":"instock","13":"sale","14":"taxable","15":"shipping-taxable","16":"purchasable","17":"product-type-variable","18":"wvs-archive-product-wrapper"},"acf":[],"brands":[{"id":1744,"name":"Save the Duck","slug":"save-the-duck-fi"}],"_links":{"self":[{"href":"https:\/\/nautical.store\/fi\/wp-json\/wp\/v2\/product\/71346","targetHints":{"allow":["GET"]}}],"collection":[{"href":"https:\/\/nautical.store\/fi\/wp-json\/wp\/v2\/product"}],"about":[{"href":"https:\/\/nautical.store\/fi\/wp-json\/wp\/v2\/types\/product"}],"wp:featuredmedia":[{"embeddable":true,"href":"https:\/\/nautical.store\/fi\/wp-json\/wp\/v2\/media\/70369"}],"wp:attachment":[{"href":"https:\/\/nautical.store\/fi\/wp-json\/wp\/v2\/media?parent=71346"}],"wp:term":[{"taxonomy":"pwb-brand","embeddable":true,"href":"https:\/\/nautical.store\/fi\/wp-json\/wp\/v2\/pwb-brand?post=71346"},{"taxonomy":"product_brand","embeddable":true,"href":"https:\/\/nautical.store\/fi\/wp-json\/wp\/v2\/product_brand?post=71346"},{"taxonomy":"product_cat","embeddable":true,"href":"https:\/\/nautical.store\/fi\/wp-json\/wp\/v2\/product_cat?post=71346"},{"taxonomy":"product_tag","embeddable":true,"href":"https:\/\/nautical.store\/fi\/wp-json\/wp\/v2\/product_tag?post=71346"},{"taxonomy":"woo-feed-brand","embeddable":true,"href":"https:\/\/nautical.store\/fi\/wp-json\/wp\/v2\/woo-feed-brand?post=71346"}],"curies":[{"name":"wp","href":"https:\/\/api.w.org\/{rel}","templated":true}]}}