{"id":71593,"date":"2024-12-04T15:59:08","date_gmt":"2024-12-04T13:59:08","guid":{"rendered":"https:\/\/nautical.store\/toode\/commodus-hansikkaat\/"},"modified":"2025-07-28T11:32:19","modified_gmt":"2025-07-28T08:32:19","slug":"commodus-hansikkaat","status":"publish","type":"product","link":"https:\/\/nautical.store\/fi\/tuote\/commodus-hansikkaat\/","title":{"rendered":"COMMODUS HEIJASTINHANSKAT"},"content":{"rendered":"<p><!--StartFragment --><\/p>\n<p>L\u00e4mpim\u00e4t heijastinhanskat \u2013 suojaa, n\u00e4kyvyytt\u00e4 ja mukavuutta kylm\u00e4\u00e4n s\u00e4\u00e4h\u00e4n<\/p>\n<p>N\u00e4m\u00e4 hanskat pit\u00e4v\u00e4t k\u00e4det l\u00e4mpimin\u00e4 ja n\u00e4kyviss\u00e4. Vesi- ja tuulenkest\u00e4v\u00e4 p\u00e4\u00e4llikangas yhdistettyn\u00e4 joustavaan kalvoon suojaa s\u00e4\u00e4ss\u00e4 kuin s\u00e4\u00e4ss\u00e4. Pehmuste on tehty kierr\u00e4tetyst\u00e4 polyesterist\u00e4 \u2013 vastuullinen valinta, joka on valmistettu PET-pulloista.<\/p>\n<ul>\n<li>Materiaali: 100 % kierr\u00e4tetty\u00e4 polyesteri\u00e4<\/li>\n<li>Edess\u00e4 heijastava Pelle P -painatus \u2013 parempi n\u00e4kyvyys h\u00e4m\u00e4r\u00e4ss\u00e4<\/li>\n<li>Pehme\u00e4t resorit pit\u00e4v\u00e4t hanskat mukavasti paikallaan<\/li>\n<\/ul>\n<p><!--EndFragment --><\/p>\n","protected":false},"excerpt":{"rendered":"<p>L\u00e4mpim\u00e4t heijastinhanskat \u2013 suojaa, n\u00e4kyvyytt\u00e4 ja mukavuutta kylm\u00e4\u00e4n s\u00e4\u00e4h\u00e4n N\u00e4m\u00e4 hanskat pit\u00e4v\u00e4t k\u00e4det l\u00e4mpimin\u00e4 ja n\u00e4kyviss\u00e4. Vesi- ja tuulenkest\u00e4v\u00e4 p\u00e4\u00e4llikangas yhdistettyn\u00e4 joustavaan kalvoon suojaa s\u00e4\u00e4ss\u00e4 kuin s\u00e4\u00e4ss\u00e4. Pehmuste on tehty kierr\u00e4tetyst\u00e4 polyesterist\u00e4 \u2013 vastuullinen valinta, joka on valmistettu PET-pulloista. Materiaali: 100 % kierr\u00e4tetty\u00e4 polyesteri\u00e4 Edess\u00e4 heijastava Pelle P -painatus \u2013 parempi n\u00e4kyvyys h\u00e4m\u00e4r\u00e4ss\u00e4 Pehme\u00e4t resorit [&hellip;]<\/p>\n","protected":false},"featured_media":71575,"template":"","meta":{"_acf_changed":false},"pwb-brand":[838],"product_brand":[],"product_cat":[628,629,876,877,777,827],"product_tag":[],"woo-feed-brand":[],"class_list":{"0":"post-71593","1":"product","2":"type-product","3":"status-publish","4":"has-post-thumbnail","6":"pwb-brand-pelle-petterson-fi","7":"product_cat-asusteet","8":"product_cat-asusteet-naiset","9":"product_cat-edullinen-hinta-miehet-fi","10":"product_cat-edullinen-hinta-naiset","11":"product_cat-miehet","12":"product_cat-naiset","14":"first","15":"instock","16":"sale","17":"taxable","18":"shipping-taxable","19":"purchasable","20":"product-type-variable","21":"wvs-archive-product-wrapper"},"acf":[],"brands":[{"id":838,"name":"Pelle Petterson","slug":"pelle-petterson-fi"}],"_links":{"self":[{"href":"https:\/\/nautical.store\/fi\/wp-json\/wp\/v2\/product\/71593","targetHints":{"allow":["GET"]}}],"collection":[{"href":"https:\/\/nautical.store\/fi\/wp-json\/wp\/v2\/product"}],"about":[{"href":"https:\/\/nautical.store\/fi\/wp-json\/wp\/v2\/types\/product"}],"wp:featuredmedia":[{"embeddable":true,"href":"https:\/\/nautical.store\/fi\/wp-json\/wp\/v2\/media\/71575"}],"wp:attachment":[{"href":"https:\/\/nautical.store\/fi\/wp-json\/wp\/v2\/media?parent=71593"}],"wp:term":[{"taxonomy":"pwb-brand","embeddable":true,"href":"https:\/\/nautical.store\/fi\/wp-json\/wp\/v2\/pwb-brand?post=71593"},{"taxonomy":"product_brand","embeddable":true,"href":"https:\/\/nautical.store\/fi\/wp-json\/wp\/v2\/product_brand?post=71593"},{"taxonomy":"product_cat","embeddable":true,"href":"https:\/\/nautical.store\/fi\/wp-json\/wp\/v2\/product_cat?post=71593"},{"taxonomy":"product_tag","embeddable":true,"href":"https:\/\/nautical.store\/fi\/wp-json\/wp\/v2\/product_tag?post=71593"},{"taxonomy":"woo-feed-brand","embeddable":true,"href":"https:\/\/nautical.store\/fi\/wp-json\/wp\/v2\/woo-feed-brand?post=71593"}],"curies":[{"name":"wp","href":"https:\/\/api.w.org\/{rel}","templated":true}]}}