{"id":71602,"date":"2024-12-04T15:12:14","date_gmt":"2024-12-04T13:12:14","guid":{"rendered":"https:\/\/nautical.store\/toode\/naisten-lasketteluhousut-nixi\/"},"modified":"2025-05-15T21:10:56","modified_gmt":"2025-05-15T18:10:56","slug":"naisten-lasketteluhousut-nixi","status":"publish","type":"product","link":"https:\/\/nautical.store\/fi\/tuote\/naisten-lasketteluhousut-nixi\/","title":{"rendered":"NAISTEN LASKETTELUHOUSUT NIXI"},"content":{"rendered":"<p>Nixi naisten lasketteluhousut on valmistettu 3-kerroksisesta, hengitt\u00e4v\u00e4st\u00e4, tuulen- ja vedenpit\u00e4v\u00e4st\u00e4 Hi:res\u00ae 15K3L joustavasta kalvokankaasta.<\/p>\n<ul>\n<li>Koostumus: 80 % polyamidi, 20 % elastaani, vuori: 100 % polyesteri<\/li>\n<li>Cordura-vahvistettu kangas lahkeiden alaosissa<\/li>\n<li>PFC-vapaa DWR-k\u00e4sittely (vett\u00e4 hylkiv\u00e4)<\/li>\n<li>YKK-vetoketjut lahkeissa, jotta ne sopivat laskettelumonojen kanssa<\/li>\n<li>Joustava vy\u00f6t\u00e4r\u00f6, s\u00e4\u00e4dett\u00e4viss\u00e4 vy\u00f6ll\u00e4<\/li>\n<li>Fleece-vuorattu sis\u00e4kangas<\/li>\n<li>Pelle P -heijastin vasemmassa lahkeessa<\/li>\n<li>&#8221;True Experience&#8221; -painatus oikeassa lahkeessa<\/li>\n<li>Tiukka istuvuus<\/li>\n<li>Koko XL: lahkeen sis\u00e4pituus 81 cm, kokonaispituus 111 cm<\/li>\n<\/ul>\n","protected":false},"excerpt":{"rendered":"<p>Nixi naisten lasketteluhousut on valmistettu 3-kerroksisesta, hengitt\u00e4v\u00e4st\u00e4, tuulen- ja vedenpit\u00e4v\u00e4st\u00e4 Hi:res\u00ae 15K3L joustavasta kalvokankaasta. Koostumus: 80 % polyamidi, 20 % elastaani, vuori: 100 % polyesteri Cordura-vahvistettu kangas lahkeiden alaosissa PFC-vapaa DWR-k\u00e4sittely (vett\u00e4 hylkiv\u00e4) YKK-vetoketjut lahkeissa, jotta ne sopivat laskettelumonojen kanssa Joustava vy\u00f6t\u00e4r\u00f6, s\u00e4\u00e4dett\u00e4viss\u00e4 vy\u00f6ll\u00e4 Fleece-vuorattu sis\u00e4kangas Pelle P -heijastin vasemmassa lahkeessa &#8221;True Experience&#8221; -painatus oikeassa [&hellip;]<\/p>\n","protected":false},"featured_media":71535,"template":"","meta":{"_acf_changed":false},"pwb-brand":[838],"product_brand":[],"product_cat":[827,617,726],"product_tag":[],"woo-feed-brand":[],"class_list":{"0":"post-71602","1":"product","2":"type-product","3":"status-publish","4":"has-post-thumbnail","6":"pwb-brand-pelle-petterson-fi","7":"product_cat-naiset","8":"product_cat-paallysvaatteet","9":"product_cat-tekniset-vaatteet-naiset","11":"first","12":"instock","13":"taxable","14":"shipping-taxable","15":"purchasable","16":"product-type-variable","17":"wvs-archive-product-wrapper"},"acf":[],"brands":[{"id":838,"name":"Pelle Petterson","slug":"pelle-petterson-fi"}],"_links":{"self":[{"href":"https:\/\/nautical.store\/fi\/wp-json\/wp\/v2\/product\/71602","targetHints":{"allow":["GET"]}}],"collection":[{"href":"https:\/\/nautical.store\/fi\/wp-json\/wp\/v2\/product"}],"about":[{"href":"https:\/\/nautical.store\/fi\/wp-json\/wp\/v2\/types\/product"}],"wp:featuredmedia":[{"embeddable":true,"href":"https:\/\/nautical.store\/fi\/wp-json\/wp\/v2\/media\/71535"}],"wp:attachment":[{"href":"https:\/\/nautical.store\/fi\/wp-json\/wp\/v2\/media?parent=71602"}],"wp:term":[{"taxonomy":"pwb-brand","embeddable":true,"href":"https:\/\/nautical.store\/fi\/wp-json\/wp\/v2\/pwb-brand?post=71602"},{"taxonomy":"product_brand","embeddable":true,"href":"https:\/\/nautical.store\/fi\/wp-json\/wp\/v2\/product_brand?post=71602"},{"taxonomy":"product_cat","embeddable":true,"href":"https:\/\/nautical.store\/fi\/wp-json\/wp\/v2\/product_cat?post=71602"},{"taxonomy":"product_tag","embeddable":true,"href":"https:\/\/nautical.store\/fi\/wp-json\/wp\/v2\/product_tag?post=71602"},{"taxonomy":"woo-feed-brand","embeddable":true,"href":"https:\/\/nautical.store\/fi\/wp-json\/wp\/v2\/woo-feed-brand?post=71602"}],"curies":[{"name":"wp","href":"https:\/\/api.w.org\/{rel}","templated":true}]}}