{"id":71714,"date":"2024-12-11T09:18:26","date_gmt":"2024-12-11T07:18:26","guid":{"rendered":"https:\/\/nautical.store\/?post_type=product&#038;p=71714"},"modified":"2025-07-28T11:07:48","modified_gmt":"2025-07-28T08:07:48","slug":"jacinda-huppuhuivi","status":"publish","type":"product","link":"https:\/\/nautical.store\/fi\/tuote\/jacinda-huppuhuivi\/","title":{"rendered":"JACINDA HUPPUHUIVI"},"content":{"rendered":"<p><!--StartFragment --><\/p>\n<p>Tyylik\u00e4s huppuhuivi \u2013 l\u00e4mp\u00f6\u00e4 ja mukavuutta kylmiin p\u00e4iviin<\/p>\n<p>K\u00e4yt\u00e4nn\u00f6llinen huppuhuivi yhdist\u00e4\u00e4 hupun ja huivin yhdeksi kokonaisuudeksi \u2013 suojaa sek\u00e4 p\u00e4\u00e4n ett\u00e4 kaulan viimalta. Pehme\u00e4 ja kest\u00e4v\u00e4 materiaali tuntuu kevyelt\u00e4 mutta pit\u00e4\u00e4 l\u00e4mpim\u00e4n\u00e4. T\u00e4ydellinen valinta arkeen, retkille tai talvip\u00e4iviin.<\/p>\n<ul>\n<li>Materiaali: 100 % kierr\u00e4tetty\u00e4 polyesteri\u00e4<\/li>\n<li>Kevyt, l\u00e4mmin ja vastuullinen<\/li>\n<li>Monik\u00e4ytt\u00f6inen malli \u2013 helppo yhdist\u00e4\u00e4 eri asuihin<\/li>\n<li>Valmistettu huolella kylmemp\u00e4\u00e4n s\u00e4\u00e4h\u00e4n<\/li>\n<\/ul>\n<p><!--EndFragment --><\/p>\n","protected":false},"excerpt":{"rendered":"<p>Tyylik\u00e4s huppuhuivi \u2013 l\u00e4mp\u00f6\u00e4 ja mukavuutta kylmiin p\u00e4iviin K\u00e4yt\u00e4nn\u00f6llinen huppuhuivi yhdist\u00e4\u00e4 hupun ja huivin yhdeksi kokonaisuudeksi \u2013 suojaa sek\u00e4 p\u00e4\u00e4n ett\u00e4 kaulan viimalta. Pehme\u00e4 ja kest\u00e4v\u00e4 materiaali tuntuu kevyelt\u00e4 mutta pit\u00e4\u00e4 l\u00e4mpim\u00e4n\u00e4. T\u00e4ydellinen valinta arkeen, retkille tai talvip\u00e4iviin. Materiaali: 100 % kierr\u00e4tetty\u00e4 polyesteri\u00e4 Kevyt, l\u00e4mmin ja vastuullinen Monik\u00e4ytt\u00f6inen malli \u2013 helppo yhdist\u00e4\u00e4 eri asuihin Valmistettu [&hellip;]<\/p>\n","protected":false},"featured_media":71668,"template":"","meta":{"_acf_changed":false},"pwb-brand":[1744],"product_brand":[],"product_cat":[629,877,827,2183],"product_tag":[],"woo-feed-brand":[],"class_list":{"0":"post-71714","1":"product","2":"type-product","3":"status-publish","4":"has-post-thumbnail","6":"pwb-brand-save-the-duck-fi","7":"product_cat-asusteet-naiset","8":"product_cat-edullinen-hinta-naiset","9":"product_cat-naiset","10":"product_cat-outlet-fi","12":"first","13":"instock","14":"sale","15":"taxable","16":"shipping-taxable","17":"purchasable","18":"product-type-variable","19":"wvs-archive-product-wrapper"},"acf":[],"brands":[{"id":1744,"name":"Save the Duck","slug":"save-the-duck-fi"}],"_links":{"self":[{"href":"https:\/\/nautical.store\/fi\/wp-json\/wp\/v2\/product\/71714","targetHints":{"allow":["GET"]}}],"collection":[{"href":"https:\/\/nautical.store\/fi\/wp-json\/wp\/v2\/product"}],"about":[{"href":"https:\/\/nautical.store\/fi\/wp-json\/wp\/v2\/types\/product"}],"wp:featuredmedia":[{"embeddable":true,"href":"https:\/\/nautical.store\/fi\/wp-json\/wp\/v2\/media\/71668"}],"wp:attachment":[{"href":"https:\/\/nautical.store\/fi\/wp-json\/wp\/v2\/media?parent=71714"}],"wp:term":[{"taxonomy":"pwb-brand","embeddable":true,"href":"https:\/\/nautical.store\/fi\/wp-json\/wp\/v2\/pwb-brand?post=71714"},{"taxonomy":"product_brand","embeddable":true,"href":"https:\/\/nautical.store\/fi\/wp-json\/wp\/v2\/product_brand?post=71714"},{"taxonomy":"product_cat","embeddable":true,"href":"https:\/\/nautical.store\/fi\/wp-json\/wp\/v2\/product_cat?post=71714"},{"taxonomy":"product_tag","embeddable":true,"href":"https:\/\/nautical.store\/fi\/wp-json\/wp\/v2\/product_tag?post=71714"},{"taxonomy":"woo-feed-brand","embeddable":true,"href":"https:\/\/nautical.store\/fi\/wp-json\/wp\/v2\/woo-feed-brand?post=71714"}],"curies":[{"name":"wp","href":"https:\/\/api.w.org\/{rel}","templated":true}]}}