{"id":73641,"date":"2025-03-30T20:49:32","date_gmt":"2025-03-30T17:49:32","guid":{"rendered":"https:\/\/nautical.store\/toode\/dock-paita\/"},"modified":"2026-04-06T12:40:02","modified_gmt":"2026-04-06T09:40:02","slug":"dock-paita","status":"publish","type":"product","link":"https:\/\/nautical.store\/fi\/tuote\/dock-paita\/","title":{"rendered":"PelleP Miesten Paita Dock"},"content":{"rendered":"<p>Kepe\u00e4sti teksturoitu puuvillakangas tuntuu iholla pehme\u00e4lt\u00e4 ja kevyelt\u00e4, erityisesti kuumina kes\u00e4p\u00e4ivin\u00e4. Paidassa on p\u00e4\u00e4lle ommeltu rintatasku ja etulista Pelle P \u2011napeilla. Helppo ja nopea valinta kes\u00e4p\u00e4iv\u00e4\u00e4n \u2013 toimii t\u00e4ydellisesti Dock\u2011sarjan shortsien kanssa.<\/p>\n<ul>\n<li>Materiaalit: 95 % puuvilla, 5 % elastaani<\/li>\n<li>Pehme\u00e4 seersucker\u2011jerseykangas<\/li>\n<li>Kaulus ja kauluskanta<\/li>\n<li>Etulista Pelle P \u2011logonapeilla<\/li>\n<li>Sivuhalkiot<\/li>\n<li>P\u00e4\u00e4lle ommeltu rintatasku<\/li>\n<li>P\u2011logokirjailulla<\/li>\n<li>Pelle P \u2011metallimerkki vasemmassa hihassa<\/li>\n<li>P\u2011logokirjailu sel\u00e4ss\u00e4<\/li>\n<li>Kontrastiv\u00e4riset bartack\u2011ompeleet<\/li>\n<\/ul>\n","protected":false},"excerpt":{"rendered":"<p>Tyylik\u00e4s miesten paita<\/p>\n","protected":false},"featured_media":94530,"template":"","meta":{"_acf_changed":false},"pwb-brand":[838],"product_brand":[],"product_cat":[777,633],"product_tag":[],"woo-feed-brand":[],"class_list":{"0":"post-73641","1":"product","2":"type-product","3":"status-publish","4":"has-post-thumbnail","6":"pwb-brand-pelle-petterson-fi","7":"product_cat-miehet","8":"product_cat-paidat-fi","10":"first","11":"instock","12":"taxable","13":"shipping-taxable","14":"purchasable","15":"product-type-variable","16":"wvs-archive-product-wrapper"},"acf":[],"brands":[{"id":838,"name":"Pelle Petterson","slug":"pelle-petterson-fi"}],"_links":{"self":[{"href":"https:\/\/nautical.store\/fi\/wp-json\/wp\/v2\/product\/73641","targetHints":{"allow":["GET"]}}],"collection":[{"href":"https:\/\/nautical.store\/fi\/wp-json\/wp\/v2\/product"}],"about":[{"href":"https:\/\/nautical.store\/fi\/wp-json\/wp\/v2\/types\/product"}],"wp:featuredmedia":[{"embeddable":true,"href":"https:\/\/nautical.store\/fi\/wp-json\/wp\/v2\/media\/94530"}],"wp:attachment":[{"href":"https:\/\/nautical.store\/fi\/wp-json\/wp\/v2\/media?parent=73641"}],"wp:term":[{"taxonomy":"pwb-brand","embeddable":true,"href":"https:\/\/nautical.store\/fi\/wp-json\/wp\/v2\/pwb-brand?post=73641"},{"taxonomy":"product_brand","embeddable":true,"href":"https:\/\/nautical.store\/fi\/wp-json\/wp\/v2\/product_brand?post=73641"},{"taxonomy":"product_cat","embeddable":true,"href":"https:\/\/nautical.store\/fi\/wp-json\/wp\/v2\/product_cat?post=73641"},{"taxonomy":"product_tag","embeddable":true,"href":"https:\/\/nautical.store\/fi\/wp-json\/wp\/v2\/product_tag?post=73641"},{"taxonomy":"woo-feed-brand","embeddable":true,"href":"https:\/\/nautical.store\/fi\/wp-json\/wp\/v2\/woo-feed-brand?post=73641"}],"curies":[{"name":"wp","href":"https:\/\/api.w.org\/{rel}","templated":true}]}}