{"id":73645,"date":"2025-03-30T19:20:30","date_gmt":"2025-03-30T16:20:30","guid":{"rendered":"https:\/\/nautical.store\/toode\/dock-camp-collar-paita\/"},"modified":"2026-04-15T15:32:55","modified_gmt":"2026-04-15T12:32:55","slug":"dock-camp-collar-paita","status":"publish","type":"product","link":"https:\/\/nautical.store\/fi\/tuote\/dock-camp-collar-paita\/","title":{"rendered":"PelleP Dock Camp Collar Paita"},"content":{"rendered":"<p data-start=\"199\" data-end=\"276\">Mukavan tuntuinen, lyhythihainen puuvillapikeepaita arkeen ja rentoon menoon.<\/p>\n<p data-start=\"278\" data-end=\"518\">Kevyesti teksturoitu materiaali tuntuu miellytt\u00e4v\u00e4lt\u00e4 ihoa vasten. Pienet halkiot helmassa tuovat lis\u00e4mukavuutta liikkumiseen, ja tyylikk\u00e4\u00e4t yksityiskohdat \u2013 kuten Pelle P -metallilogo hihassa ja brodeeraus niskassa \u2013 viimeistelev\u00e4t ilmeen.<\/p>\n<p data-start=\"520\" data-end=\"583\">Materiaali: 95 % puuvillaa, 5 % elastaania<br data-start=\"562\" data-end=\"565\" \/>Istuvuus: normaali<\/p>\n","protected":false},"excerpt":{"rendered":"<p>Mukava ja kevyt miesten pikee<\/p>\n","protected":false},"featured_media":95263,"template":"","meta":{"_acf_changed":false},"pwb-brand":[838],"product_brand":[],"product_cat":[777,633],"product_tag":[],"woo-feed-brand":[],"class_list":{"0":"post-73645","1":"product","2":"type-product","3":"status-publish","4":"has-post-thumbnail","6":"pwb-brand-pelle-petterson-fi","7":"product_cat-miehet","8":"product_cat-paidat-fi","10":"first","11":"instock","12":"featured","13":"taxable","14":"shipping-taxable","15":"purchasable","16":"product-type-variable","17":"wvs-archive-product-wrapper"},"acf":[],"brands":[{"id":838,"name":"Pelle Petterson","slug":"pelle-petterson-fi"}],"_links":{"self":[{"href":"https:\/\/nautical.store\/fi\/wp-json\/wp\/v2\/product\/73645","targetHints":{"allow":["GET"]}}],"collection":[{"href":"https:\/\/nautical.store\/fi\/wp-json\/wp\/v2\/product"}],"about":[{"href":"https:\/\/nautical.store\/fi\/wp-json\/wp\/v2\/types\/product"}],"wp:featuredmedia":[{"embeddable":true,"href":"https:\/\/nautical.store\/fi\/wp-json\/wp\/v2\/media\/95263"}],"wp:attachment":[{"href":"https:\/\/nautical.store\/fi\/wp-json\/wp\/v2\/media?parent=73645"}],"wp:term":[{"taxonomy":"pwb-brand","embeddable":true,"href":"https:\/\/nautical.store\/fi\/wp-json\/wp\/v2\/pwb-brand?post=73645"},{"taxonomy":"product_brand","embeddable":true,"href":"https:\/\/nautical.store\/fi\/wp-json\/wp\/v2\/product_brand?post=73645"},{"taxonomy":"product_cat","embeddable":true,"href":"https:\/\/nautical.store\/fi\/wp-json\/wp\/v2\/product_cat?post=73645"},{"taxonomy":"product_tag","embeddable":true,"href":"https:\/\/nautical.store\/fi\/wp-json\/wp\/v2\/product_tag?post=73645"},{"taxonomy":"woo-feed-brand","embeddable":true,"href":"https:\/\/nautical.store\/fi\/wp-json\/wp\/v2\/woo-feed-brand?post=73645"}],"curies":[{"name":"wp","href":"https:\/\/api.w.org\/{rel}","templated":true}]}}