{"id":73656,"date":"2025-03-30T18:16:16","date_gmt":"2025-03-30T15:16:16","guid":{"rendered":"https:\/\/nautical.store\/toode\/brassie-camp-collar-paita\/"},"modified":"2025-03-30T18:16:16","modified_gmt":"2025-03-30T15:16:16","slug":"brassie-camp-collar-paita","status":"publish","type":"product","link":"https:\/\/nautical.store\/fi\/tuote\/brassie-camp-collar-paita\/","title":{"rendered":"Brassie Camp Collar Paita"},"content":{"rendered":"<p class=\"\" data-start=\"0\" data-end=\"193\">Mukava tekstiilipintainen polyesterin ja puuvillan sekoitteesta valmistettu lyhythihainen paita. T\u00e4m\u00e4 on osa Pelle P:n juhla-kokoelmaa, joka on kunnianosoitus Pelle P:n ajattomalle muotoilulle.<\/p>\n<ul>\n<li data-start=\"195\" data-end=\"476\">Koostumus: 75% polyesteri\u00e4, 15% puuvillaa, 10% viskoosia<\/li>\n<li data-start=\"195\" data-end=\"476\">K\u00e4\u00e4nnetyt hihansuut<\/li>\n<li data-start=\"195\" data-end=\"476\">Pelle P -logolla varustettu nappikiinnitys rintataskussa<\/li>\n<li data-start=\"195\" data-end=\"476\">Pelle P -logo vasemmassa hihassa<\/li>\n<li data-start=\"195\" data-end=\"476\">Halkiot sivuilla<\/li>\n<li data-start=\"195\" data-end=\"476\">Normaali istuvuus<\/li>\n<li data-start=\"195\" data-end=\"476\">Yhdist\u00e4 Brassie-shorteihin luodaksesi t\u00e4ydellinen retrohenkinen asu<\/li>\n<\/ul>\n","protected":false},"excerpt":{"rendered":"<p>Mukava tekstiilipintainen polyesterin ja puuvillan sekoitteesta valmistettu lyhythihainen paita. T\u00e4m\u00e4 on osa Pelle P:n juhla-kokoelmaa, joka on kunnianosoitus Pelle P:n ajattomalle muotoilulle. Koostumus: 75% polyesteri\u00e4, 15% puuvillaa, 10% viskoosia K\u00e4\u00e4nnetyt hihansuut Pelle P -logolla varustettu nappikiinnitys rintataskussa Pelle P -logo vasemmassa hihassa Halkiot sivuilla Normaali istuvuus Yhdist\u00e4 Brassie-shorteihin luodaksesi t\u00e4ydellinen retrohenkinen asu<\/p>\n","protected":false},"featured_media":73458,"template":"","meta":{"_acf_changed":false},"pwb-brand":[838],"product_brand":[],"product_cat":[777,633],"product_tag":[],"woo-feed-brand":[],"class_list":{"0":"post-73656","1":"product","2":"type-product","3":"status-publish","4":"has-post-thumbnail","6":"pwb-brand-pelle-petterson-fi","7":"product_cat-miehet","8":"product_cat-paidat-fi","10":"first","11":"instock","12":"taxable","13":"shipping-taxable","14":"purchasable","15":"product-type-variable","16":"wvs-archive-product-wrapper"},"acf":[],"brands":[{"id":838,"name":"Pelle Petterson","slug":"pelle-petterson-fi"}],"_links":{"self":[{"href":"https:\/\/nautical.store\/fi\/wp-json\/wp\/v2\/product\/73656","targetHints":{"allow":["GET"]}}],"collection":[{"href":"https:\/\/nautical.store\/fi\/wp-json\/wp\/v2\/product"}],"about":[{"href":"https:\/\/nautical.store\/fi\/wp-json\/wp\/v2\/types\/product"}],"wp:featuredmedia":[{"embeddable":true,"href":"https:\/\/nautical.store\/fi\/wp-json\/wp\/v2\/media\/73458"}],"wp:attachment":[{"href":"https:\/\/nautical.store\/fi\/wp-json\/wp\/v2\/media?parent=73656"}],"wp:term":[{"taxonomy":"pwb-brand","embeddable":true,"href":"https:\/\/nautical.store\/fi\/wp-json\/wp\/v2\/pwb-brand?post=73656"},{"taxonomy":"product_brand","embeddable":true,"href":"https:\/\/nautical.store\/fi\/wp-json\/wp\/v2\/product_brand?post=73656"},{"taxonomy":"product_cat","embeddable":true,"href":"https:\/\/nautical.store\/fi\/wp-json\/wp\/v2\/product_cat?post=73656"},{"taxonomy":"product_tag","embeddable":true,"href":"https:\/\/nautical.store\/fi\/wp-json\/wp\/v2\/product_tag?post=73656"},{"taxonomy":"woo-feed-brand","embeddable":true,"href":"https:\/\/nautical.store\/fi\/wp-json\/wp\/v2\/woo-feed-brand?post=73656"}],"curies":[{"name":"wp","href":"https:\/\/api.w.org\/{rel}","templated":true}]}}