{"id":73667,"date":"2025-03-30T18:00:19","date_gmt":"2025-03-30T15:00:19","guid":{"rendered":"https:\/\/nautical.store\/toode\/w-dock-strap-toppi\/"},"modified":"2025-03-30T18:00:19","modified_gmt":"2025-03-30T15:00:19","slug":"w-dock-strap-toppi","status":"publish","type":"product","link":"https:\/\/nautical.store\/fi\/tuote\/w-dock-strap-toppi\/","title":{"rendered":"W Dock Strap Toppi"},"content":{"rendered":"<p class=\"\" data-start=\"0\" data-end=\"60\">S\u00e4\u00e4dett\u00e4vill\u00e4 olkahihnoilla varustettu kes\u00e4inen lyhyt toppi.<\/p>\n<ul>\n<li data-start=\"62\" data-end=\"210\">Materiaali: 95% puuvillaa, 5% elastaania<\/li>\n<li data-start=\"62\" data-end=\"210\">Vasemman alareunan Pelle-P -metallilogo<\/li>\n<li data-start=\"62\" data-end=\"210\">P-logo takana<\/li>\n<li data-start=\"62\" data-end=\"210\">Vuori topin yl\u00e4osassa<\/li>\n<li data-start=\"62\" data-end=\"210\">Pienet halkiot sivuilla<\/li>\n<\/ul>\n","protected":false},"excerpt":{"rendered":"<p>S\u00e4\u00e4dett\u00e4vill\u00e4 olkahihnoilla varustettu kes\u00e4inen lyhyt toppi. Materiaali: 95% puuvillaa, 5% elastaania Vasemman alareunan Pelle-P -metallilogo P-logo takana Vuori topin yl\u00e4osassa Pienet halkiot sivuilla<\/p>\n","protected":false},"featured_media":73494,"template":"","meta":{"_acf_changed":false},"pwb-brand":[838],"product_brand":[],"product_cat":[827,590],"product_tag":[],"woo-feed-brand":[],"class_list":{"0":"post-73667","1":"product","2":"type-product","3":"status-publish","4":"has-post-thumbnail","6":"pwb-brand-pelle-petterson-fi","7":"product_cat-naiset","8":"product_cat-paidat","10":"first","11":"instock","12":"taxable","13":"shipping-taxable","14":"purchasable","15":"product-type-variable","16":"wvs-archive-product-wrapper"},"acf":[],"brands":[{"id":838,"name":"Pelle Petterson","slug":"pelle-petterson-fi"}],"_links":{"self":[{"href":"https:\/\/nautical.store\/fi\/wp-json\/wp\/v2\/product\/73667","targetHints":{"allow":["GET"]}}],"collection":[{"href":"https:\/\/nautical.store\/fi\/wp-json\/wp\/v2\/product"}],"about":[{"href":"https:\/\/nautical.store\/fi\/wp-json\/wp\/v2\/types\/product"}],"wp:featuredmedia":[{"embeddable":true,"href":"https:\/\/nautical.store\/fi\/wp-json\/wp\/v2\/media\/73494"}],"wp:attachment":[{"href":"https:\/\/nautical.store\/fi\/wp-json\/wp\/v2\/media?parent=73667"}],"wp:term":[{"taxonomy":"pwb-brand","embeddable":true,"href":"https:\/\/nautical.store\/fi\/wp-json\/wp\/v2\/pwb-brand?post=73667"},{"taxonomy":"product_brand","embeddable":true,"href":"https:\/\/nautical.store\/fi\/wp-json\/wp\/v2\/product_brand?post=73667"},{"taxonomy":"product_cat","embeddable":true,"href":"https:\/\/nautical.store\/fi\/wp-json\/wp\/v2\/product_cat?post=73667"},{"taxonomy":"product_tag","embeddable":true,"href":"https:\/\/nautical.store\/fi\/wp-json\/wp\/v2\/product_tag?post=73667"},{"taxonomy":"woo-feed-brand","embeddable":true,"href":"https:\/\/nautical.store\/fi\/wp-json\/wp\/v2\/woo-feed-brand?post=73667"}],"curies":[{"name":"wp","href":"https:\/\/api.w.org\/{rel}","templated":true}]}}