{"id":73678,"date":"2025-03-29T19:00:20","date_gmt":"2025-03-29T17:00:20","guid":{"rendered":"https:\/\/nautical.store\/toode\/w-1200-active-housut\/"},"modified":"2025-07-28T10:30:34","modified_gmt":"2025-07-28T07:30:34","slug":"w-1200-active-housut","status":"publish","type":"product","link":"https:\/\/nautical.store\/fi\/tuote\/w-1200-active-housut\/","title":{"rendered":"PelleP Naisten Housut 1200 Active"},"content":{"rendered":"<p><!--StartFragment --><\/p>\n<p>Aktiiviseen menoon sopivat tekniset naisten housut.<\/p>\n<p>Mukavat ja joustavat housut, jotka on tehty nopeasti kuivuvasta kankaasta \u2013 loistavat ulkoiluun, retkille ja arjen seikkailuihin.<\/p>\n<ul>\n<li>Materiaali: 89 % nailonia, 11 % elastaania<\/li>\n<li>Vett\u00e4hylkiv\u00e4 pinta<\/li>\n<li>Kaksi takataskua silikonireunalla<\/li>\n<li>Kaksi sivutaskua + kaksi vetoketjullista lahjetaskua<\/li>\n<li>S\u00e4\u00e4dett\u00e4v\u00e4 vy\u00f6t\u00e4r\u00f6 tuo t\u00e4ydellisen istuvuuden<\/li>\n<li>Tyylik\u00e4s Pelle P -brodeeraus lahkeessa ja vy\u00f6lenkiss\u00e4<\/li>\n<li>&#8221;Navigare necesse est&#8221; printti vy\u00f6t\u00e4r\u00f6n sis\u00e4puolella tuo persoonallisen yksityiskohdan<\/li>\n<\/ul>\n<p><!--EndFragment --><\/p>\n","protected":false},"excerpt":{"rendered":"<p>Mukavat ja monik\u00e4ytt\u00f6iset housut naisille<\/p>\n","protected":false},"featured_media":78235,"template":"","meta":{"_acf_changed":false},"pwb-brand":[838],"product_brand":[],"product_cat":[1180,640,827,1260,726],"product_tag":[],"woo-feed-brand":[],"class_list":{"0":"post-73678","1":"product","2":"type-product","3":"status-publish","4":"has-post-thumbnail","6":"pwb-brand-pelle-petterson-fi","7":"product_cat-golf-fi","8":"product_cat-housut-fi","9":"product_cat-naiset","10":"product_cat-naisten-golfvaatteet","11":"product_cat-tekniset-vaatteet-naiset","13":"first","14":"instock","15":"taxable","16":"shipping-taxable","17":"purchasable","18":"product-type-variable","19":"wvs-archive-product-wrapper"},"acf":[],"brands":[{"id":838,"name":"Pelle Petterson","slug":"pelle-petterson-fi"}],"_links":{"self":[{"href":"https:\/\/nautical.store\/fi\/wp-json\/wp\/v2\/product\/73678","targetHints":{"allow":["GET"]}}],"collection":[{"href":"https:\/\/nautical.store\/fi\/wp-json\/wp\/v2\/product"}],"about":[{"href":"https:\/\/nautical.store\/fi\/wp-json\/wp\/v2\/types\/product"}],"wp:featuredmedia":[{"embeddable":true,"href":"https:\/\/nautical.store\/fi\/wp-json\/wp\/v2\/media\/78235"}],"wp:attachment":[{"href":"https:\/\/nautical.store\/fi\/wp-json\/wp\/v2\/media?parent=73678"}],"wp:term":[{"taxonomy":"pwb-brand","embeddable":true,"href":"https:\/\/nautical.store\/fi\/wp-json\/wp\/v2\/pwb-brand?post=73678"},{"taxonomy":"product_brand","embeddable":true,"href":"https:\/\/nautical.store\/fi\/wp-json\/wp\/v2\/product_brand?post=73678"},{"taxonomy":"product_cat","embeddable":true,"href":"https:\/\/nautical.store\/fi\/wp-json\/wp\/v2\/product_cat?post=73678"},{"taxonomy":"product_tag","embeddable":true,"href":"https:\/\/nautical.store\/fi\/wp-json\/wp\/v2\/product_tag?post=73678"},{"taxonomy":"woo-feed-brand","embeddable":true,"href":"https:\/\/nautical.store\/fi\/wp-json\/wp\/v2\/woo-feed-brand?post=73678"}],"curies":[{"name":"wp","href":"https:\/\/api.w.org\/{rel}","templated":true}]}}