{"id":73694,"date":"2025-03-29T18:37:41","date_gmt":"2025-03-29T16:37:41","guid":{"rendered":"https:\/\/nautical.store\/toode\/brassie-tee\/"},"modified":"2025-03-29T18:37:41","modified_gmt":"2025-03-29T16:37:41","slug":"brassie-tee","status":"publish","type":"product","link":"https:\/\/nautical.store\/fi\/tuote\/brassie-tee\/","title":{"rendered":"Brassie Tee"},"content":{"rendered":"<p class=\"\" data-start=\"0\" data-end=\"101\">T-paita, joka on valmistettu helposti hoidettavasta ja kest\u00e4v\u00e4st\u00e4 tekstuuripinta-materiaalista.<\/p>\n<ul>\n<li data-start=\"103\" data-end=\"289\">Koostumus: 75% polyesteri\u00e4, 15% puuvillaa, 10% viskoosia<\/li>\n<li data-start=\"103\" data-end=\"289\">Py\u00f6re\u00e4 kaulus<\/li>\n<li data-start=\"103\" data-end=\"289\">Pienet halkiot sivuilla<\/li>\n<li data-start=\"103\" data-end=\"289\">Pelle P -logo vasemmassa alareunassa<\/li>\n<li data-start=\"103\" data-end=\"289\">Normaali istuvuus<\/li>\n<li data-start=\"103\" data-end=\"289\">Yhdist\u00e4 Brassie-shorteihin<\/li>\n<\/ul>\n","protected":false},"excerpt":{"rendered":"<p>T-paita, joka on valmistettu helposti hoidettavasta ja kest\u00e4v\u00e4st\u00e4 tekstuuripinta-materiaalista. Koostumus: 75% polyesteri\u00e4, 15% puuvillaa, 10% viskoosia Py\u00f6re\u00e4 kaulus Pienet halkiot sivuilla Pelle P -logo vasemmassa alareunassa Normaali istuvuus Yhdist\u00e4 Brassie-shorteihin<\/p>\n","protected":false},"featured_media":73397,"template":"","meta":{"_acf_changed":false},"pwb-brand":[838],"product_brand":[],"product_cat":[777,633],"product_tag":[],"woo-feed-brand":[],"class_list":{"0":"post-73694","1":"product","2":"type-product","3":"status-publish","4":"has-post-thumbnail","6":"pwb-brand-pelle-petterson-fi","7":"product_cat-miehet","8":"product_cat-paidat-fi","10":"first","11":"instock","12":"sale","13":"taxable","14":"shipping-taxable","15":"purchasable","16":"product-type-variable","17":"wvs-archive-product-wrapper"},"acf":[],"brands":[{"id":838,"name":"Pelle Petterson","slug":"pelle-petterson-fi"}],"_links":{"self":[{"href":"https:\/\/nautical.store\/fi\/wp-json\/wp\/v2\/product\/73694","targetHints":{"allow":["GET"]}}],"collection":[{"href":"https:\/\/nautical.store\/fi\/wp-json\/wp\/v2\/product"}],"about":[{"href":"https:\/\/nautical.store\/fi\/wp-json\/wp\/v2\/types\/product"}],"wp:featuredmedia":[{"embeddable":true,"href":"https:\/\/nautical.store\/fi\/wp-json\/wp\/v2\/media\/73397"}],"wp:attachment":[{"href":"https:\/\/nautical.store\/fi\/wp-json\/wp\/v2\/media?parent=73694"}],"wp:term":[{"taxonomy":"pwb-brand","embeddable":true,"href":"https:\/\/nautical.store\/fi\/wp-json\/wp\/v2\/pwb-brand?post=73694"},{"taxonomy":"product_brand","embeddable":true,"href":"https:\/\/nautical.store\/fi\/wp-json\/wp\/v2\/product_brand?post=73694"},{"taxonomy":"product_cat","embeddable":true,"href":"https:\/\/nautical.store\/fi\/wp-json\/wp\/v2\/product_cat?post=73694"},{"taxonomy":"product_tag","embeddable":true,"href":"https:\/\/nautical.store\/fi\/wp-json\/wp\/v2\/product_tag?post=73694"},{"taxonomy":"woo-feed-brand","embeddable":true,"href":"https:\/\/nautical.store\/fi\/wp-json\/wp\/v2\/woo-feed-brand?post=73694"}],"curies":[{"name":"wp","href":"https:\/\/api.w.org\/{rel}","templated":true}]}}