{"id":73715,"date":"2025-03-29T17:56:56","date_gmt":"2025-03-29T15:56:56","guid":{"rendered":"https:\/\/nautical.store\/toode\/brassie-shortsit\/"},"modified":"2026-04-09T21:05:03","modified_gmt":"2026-04-09T18:05:03","slug":"brassie-shortsit","status":"publish","type":"product","link":"https:\/\/nautical.store\/fi\/tuote\/brassie-shortsit\/","title":{"rendered":"PelleP Brassie Shortsit"},"content":{"rendered":"<p data-start=\"0\" data-end=\"209\">Rennot unisex-henkiset kes\u00e4shortsit, jotka luovat rennon mutta tyylikk\u00e4\u00e4n kes\u00e4lookin. Brassie-shortsit kuuluvat suosittuun juhlavuosimallistoomme, joka on saanut inspiraationsa Pellen ajattomasta designista.<\/p>\n<p data-start=\"211\" data-end=\"488\">Mukavasta, tekstuuripintaisesta polyesteri-puuvillasekoitteesta valmistetuissa shortseissa on s\u00e4\u00e4dett\u00e4v\u00e4 kiristysny\u00f6ri vy\u00f6t\u00e4r\u00f6ll\u00e4. Kaksi k\u00e4yt\u00e4nn\u00f6llist\u00e4 etutaskua ja yksi takatasku tarjoavat tilaa pienille tavaroille. Hillityt raidat tuovat shortseihin persoonallista ilmett\u00e4.<\/p>\n<p data-start=\"490\" data-end=\"611\">Yhdist\u00e4 Brassie-pikeepaitaan tai lyhythihaiseen kauluspaitaan ja luo rento retrohenkinen setti, joka toimii koko kes\u00e4n.<\/p>\n<ul>\n<li data-start=\"613\" data-end=\"869\">Materiaali: 75 % polyesteri, 15 % puuvilla, 10 % viskoosi<\/li>\n<li data-start=\"613\" data-end=\"869\">Polyesteri-puuvillasekoite, jossa tekstuuripinta<\/li>\n<li data-start=\"613\" data-end=\"869\">Vy\u00f6t\u00e4r\u00f6ll\u00e4 kiristysny\u00f6ri<\/li>\n<li data-start=\"613\" data-end=\"869\">Kaksi etutaskua<\/li>\n<li data-start=\"613\" data-end=\"869\">Yksi takatasku<\/li>\n<li data-start=\"613\" data-end=\"869\">Vasemman lahkeen P-logomerkki<\/li>\n<li data-start=\"613\" data-end=\"869\">Kontrastiset bartack-tikkaukset<\/li>\n<li data-start=\"613\" data-end=\"869\">Normaali istuvuus<\/li>\n<\/ul>\n","protected":false},"excerpt":{"rendered":"<p>Miesten kes\u00e4shortsit<\/p>\n","protected":false},"featured_media":94995,"template":"","meta":{"_acf_changed":false},"pwb-brand":[838],"product_brand":[],"product_cat":[610,777],"product_tag":[],"woo-feed-brand":[],"class_list":{"0":"post-73715","1":"product","2":"type-product","3":"status-publish","4":"has-post-thumbnail","6":"pwb-brand-pelle-petterson-fi","7":"product_cat-housut","8":"product_cat-miehet","10":"first","11":"instock","12":"sale","13":"taxable","14":"shipping-taxable","15":"purchasable","16":"product-type-variable","17":"wvs-archive-product-wrapper"},"acf":[],"brands":[{"id":838,"name":"Pelle Petterson","slug":"pelle-petterson-fi"}],"_links":{"self":[{"href":"https:\/\/nautical.store\/fi\/wp-json\/wp\/v2\/product\/73715","targetHints":{"allow":["GET"]}}],"collection":[{"href":"https:\/\/nautical.store\/fi\/wp-json\/wp\/v2\/product"}],"about":[{"href":"https:\/\/nautical.store\/fi\/wp-json\/wp\/v2\/types\/product"}],"wp:featuredmedia":[{"embeddable":true,"href":"https:\/\/nautical.store\/fi\/wp-json\/wp\/v2\/media\/94995"}],"wp:attachment":[{"href":"https:\/\/nautical.store\/fi\/wp-json\/wp\/v2\/media?parent=73715"}],"wp:term":[{"taxonomy":"pwb-brand","embeddable":true,"href":"https:\/\/nautical.store\/fi\/wp-json\/wp\/v2\/pwb-brand?post=73715"},{"taxonomy":"product_brand","embeddable":true,"href":"https:\/\/nautical.store\/fi\/wp-json\/wp\/v2\/product_brand?post=73715"},{"taxonomy":"product_cat","embeddable":true,"href":"https:\/\/nautical.store\/fi\/wp-json\/wp\/v2\/product_cat?post=73715"},{"taxonomy":"product_tag","embeddable":true,"href":"https:\/\/nautical.store\/fi\/wp-json\/wp\/v2\/product_tag?post=73715"},{"taxonomy":"woo-feed-brand","embeddable":true,"href":"https:\/\/nautical.store\/fi\/wp-json\/wp\/v2\/woo-feed-brand?post=73715"}],"curies":[{"name":"wp","href":"https:\/\/api.w.org\/{rel}","templated":true}]}}