{"id":73733,"date":"2025-03-28T23:41:39","date_gmt":"2025-03-28T21:41:39","guid":{"rendered":"https:\/\/nautical.store\/toode\/1200-active-shortsit\/"},"modified":"2026-04-09T21:56:02","modified_gmt":"2026-04-09T18:56:02","slug":"1200-active-shortsit","status":"publish","type":"product","link":"https:\/\/nautical.store\/fi\/tuote\/1200-active-shortsit\/","title":{"rendered":"PelleP 1200 Active Shortsit"},"content":{"rendered":"<p data-start=\"0\" data-end=\"463\">Mukavat ja liikkumiseen suunnitellut shortsit aktiiviseen el\u00e4m\u00e4ntyyliin, valmistettu vett\u00e4hylkiv\u00e4st\u00e4 ja nopeasti kuivuvasta joustavasta kankaasta. 1200 Active Shorts -shortseissa on edess\u00e4 vetoketju, s\u00e4\u00e4dett\u00e4v\u00e4 vy\u00f6t\u00e4r\u00f6, kaksi sivutaskua, kaksi piilotettua vetoketjullista taskua lahkeissa sek\u00e4 kaksi takataskua silikoniyksityiskohdalla. Tunnusomaiset bartack-tikkaukset ja brodeerattu Pelle P -logo vasemmassa lahkeessa sek\u00e4 takavy\u00f6lenkiss\u00e4 viimeistelev\u00e4t ilmeen.<\/p>\n<p data-start=\"465\" data-end=\"1123\" data-is-last-node=\"\" data-is-only-node=\"\">\u2022 Materiaali: 89 % nailon, 11 % elastaani<br data-start=\"506\" data-end=\"509\" \/>\u2022 Vett\u00e4hylkiv\u00e4 ja nopeasti kuivuva joustava kangas<br data-start=\"559\" data-end=\"562\" \/>\u2022 S\u00e4\u00e4dett\u00e4v\u00e4 vy\u00f6t\u00e4r\u00f6 tarrakiinnityksell\u00e4 ja vahvistetuilla nauhoilla<br data-start=\"630\" data-end=\"633\" \/>\u2022 Kaksi piilotettua vetoketjullista taskua lahkeissa (autolock-vetoketju)<br data-start=\"706\" data-end=\"709\" \/>\u2022 Takatasku silikoniyksityiskohdalla \u2013 sopii erityisesti golfiin<br data-start=\"773\" data-end=\"776\" \/>\u2022 Kaksi sivutaskua<br data-start=\"794\" data-end=\"797\" \/>\u2022 Mattamusta Pelle P -painonappi kohokuvioidulla logolla<br data-start=\"853\" data-end=\"856\" \/>\u2022 Liimatut saumat lahkeensuussa<br data-start=\"887\" data-end=\"890\" \/>\u2022 Vetoketjullinen etukiinnitys<br data-start=\"920\" data-end=\"923\" \/>\u2022 Kontrastiset bartack-tikkaukset<br data-start=\"956\" data-end=\"959\" \/>\u2022 Brodeerattu Pelle P -logo vasemmassa lahkeessa ja takavy\u00f6lenkiss\u00e4<br data-start=\"1026\" data-end=\"1029\" \/>\u2022 P-logo brodeeraus takataskun alla<br data-start=\"1064\" data-end=\"1067\" \/>\u2022 \u201cNavigare necesse est\u201d -painatus vy\u00f6t\u00e4r\u00f6n sis\u00e4puolella<\/p>\n","protected":false},"excerpt":{"rendered":"<p>Mukavat housut aktiiviseen k\u00e4ytt\u00f6\u00f6n<\/p>\n","protected":false},"featured_media":95039,"template":"","meta":{"_acf_changed":false},"pwb-brand":[838],"product_brand":[],"product_cat":[1180,610,777,1259,682],"product_tag":[],"woo-feed-brand":[],"class_list":{"0":"post-73733","1":"product","2":"type-product","3":"status-publish","4":"has-post-thumbnail","6":"pwb-brand-pelle-petterson-fi","7":"product_cat-golf-fi","8":"product_cat-housut","9":"product_cat-miehet","10":"product_cat-miesten-golfvaatteet","11":"product_cat-tekniset-vaatteet","13":"first","14":"instock","15":"taxable","16":"shipping-taxable","17":"purchasable","18":"product-type-variable","19":"wvs-archive-product-wrapper"},"acf":[],"brands":[{"id":838,"name":"Pelle Petterson","slug":"pelle-petterson-fi"}],"_links":{"self":[{"href":"https:\/\/nautical.store\/fi\/wp-json\/wp\/v2\/product\/73733","targetHints":{"allow":["GET"]}}],"collection":[{"href":"https:\/\/nautical.store\/fi\/wp-json\/wp\/v2\/product"}],"about":[{"href":"https:\/\/nautical.store\/fi\/wp-json\/wp\/v2\/types\/product"}],"wp:featuredmedia":[{"embeddable":true,"href":"https:\/\/nautical.store\/fi\/wp-json\/wp\/v2\/media\/95039"}],"wp:attachment":[{"href":"https:\/\/nautical.store\/fi\/wp-json\/wp\/v2\/media?parent=73733"}],"wp:term":[{"taxonomy":"pwb-brand","embeddable":true,"href":"https:\/\/nautical.store\/fi\/wp-json\/wp\/v2\/pwb-brand?post=73733"},{"taxonomy":"product_brand","embeddable":true,"href":"https:\/\/nautical.store\/fi\/wp-json\/wp\/v2\/product_brand?post=73733"},{"taxonomy":"product_cat","embeddable":true,"href":"https:\/\/nautical.store\/fi\/wp-json\/wp\/v2\/product_cat?post=73733"},{"taxonomy":"product_tag","embeddable":true,"href":"https:\/\/nautical.store\/fi\/wp-json\/wp\/v2\/product_tag?post=73733"},{"taxonomy":"woo-feed-brand","embeddable":true,"href":"https:\/\/nautical.store\/fi\/wp-json\/wp\/v2\/woo-feed-brand?post=73733"}],"curies":[{"name":"wp","href":"https:\/\/api.w.org\/{rel}","templated":true}]}}