{"id":73766,"date":"2025-03-28T22:50:51","date_gmt":"2025-03-28T20:50:51","guid":{"rendered":"https:\/\/nautical.store\/toode\/mons-pipo\/"},"modified":"2025-11-24T10:59:16","modified_gmt":"2025-11-24T08:59:16","slug":"mons-pipo","status":"publish","type":"product","link":"https:\/\/nautical.store\/fi\/tuote\/mons-pipo\/","title":{"rendered":"Mons Pipo"},"content":{"rendered":"<p><!--StartFragment --><\/p>\n<p>Mons\u2011neulepipo on valmistettu puuvillan ja kashmirin sekoitteesta. Pipon pinta on 1&#215;1 kaksipuolisella joustinneuleella, joka on elastinen ja pehme\u00e4. Kaksinkertainen reuna lis\u00e4\u00e4 l\u00e4mp\u00f6\u00e4 ja mukavuutta. Edess\u00e4 on py\u00f6re\u00e4 kumista ja metallista valmistettu P\u2011logo\u2011merkki.<\/p>\n<ul>\n<li>Materiaali: 92 % puuvilla, 8 % kashmir<\/li>\n<li>Koko: yksi koko, unisex\u2011malli<\/li>\n<li>1&#215;1 kaksipuolinen joustinneule<\/li>\n<li>Kaksinkertainen reuna<\/li>\n<li>Py\u00f6re\u00e4 P\u2011logo kumista ja metallista edess\u00e4<\/li>\n<\/ul>\n<p><!--EndFragment --><\/p>\n","protected":false},"excerpt":{"rendered":"<p><!--StartFragment --><\/p>\n<p>Puuvilla\u2011kashmir pipo<\/p>\n<p><!--EndFragment --><\/p>\n","protected":false},"featured_media":86692,"template":"","meta":{"_acf_changed":false},"pwb-brand":[838],"product_brand":[],"product_cat":[628,629,877,876,777,827],"product_tag":[],"woo-feed-brand":[],"class_list":{"0":"post-73766","1":"product","2":"type-product","3":"status-publish","4":"has-post-thumbnail","6":"pwb-brand-pelle-petterson-fi","7":"product_cat-asusteet","8":"product_cat-asusteet-naiset","9":"product_cat-edullinen-hinta-naiset","10":"product_cat-edullinen-hinta-miehet-fi","11":"product_cat-miehet","12":"product_cat-naiset","14":"first","15":"instock","16":"sale","17":"taxable","18":"shipping-taxable","19":"purchasable","20":"product-type-variable","21":"wvs-archive-product-wrapper"},"acf":[],"brands":[{"id":838,"name":"Pelle Petterson","slug":"pelle-petterson-fi"}],"_links":{"self":[{"href":"https:\/\/nautical.store\/fi\/wp-json\/wp\/v2\/product\/73766","targetHints":{"allow":["GET"]}}],"collection":[{"href":"https:\/\/nautical.store\/fi\/wp-json\/wp\/v2\/product"}],"about":[{"href":"https:\/\/nautical.store\/fi\/wp-json\/wp\/v2\/types\/product"}],"wp:featuredmedia":[{"embeddable":true,"href":"https:\/\/nautical.store\/fi\/wp-json\/wp\/v2\/media\/86692"}],"wp:attachment":[{"href":"https:\/\/nautical.store\/fi\/wp-json\/wp\/v2\/media?parent=73766"}],"wp:term":[{"taxonomy":"pwb-brand","embeddable":true,"href":"https:\/\/nautical.store\/fi\/wp-json\/wp\/v2\/pwb-brand?post=73766"},{"taxonomy":"product_brand","embeddable":true,"href":"https:\/\/nautical.store\/fi\/wp-json\/wp\/v2\/product_brand?post=73766"},{"taxonomy":"product_cat","embeddable":true,"href":"https:\/\/nautical.store\/fi\/wp-json\/wp\/v2\/product_cat?post=73766"},{"taxonomy":"product_tag","embeddable":true,"href":"https:\/\/nautical.store\/fi\/wp-json\/wp\/v2\/product_tag?post=73766"},{"taxonomy":"woo-feed-brand","embeddable":true,"href":"https:\/\/nautical.store\/fi\/wp-json\/wp\/v2\/woo-feed-brand?post=73766"}],"curies":[{"name":"wp","href":"https:\/\/api.w.org\/{rel}","templated":true}]}}