{"id":73787,"date":"2025-03-28T18:01:29","date_gmt":"2025-03-28T16:01:29","guid":{"rendered":"https:\/\/nautical.store\/toode\/corinne-shortsit\/"},"modified":"2026-01-09T15:00:04","modified_gmt":"2026-01-09T13:00:04","slug":"corinne-shortsit","status":"publish","type":"product","link":"https:\/\/nautical.store\/fi\/tuote\/corinne-shortsit\/","title":{"rendered":"Corinne Shortsit"},"content":{"rendered":"<p><!--StartFragment --><\/p>\n<p>Pehme\u00e4st\u00e4 puuvillasekoitteesta valmistetut, sis\u00e4lt\u00e4 harjatut lyhyet shortsit.<\/p>\n<p>Materiaali: 80 % luomupuuvilla, 20 % polyesteri<\/p>\n<ul>\n<li>Joustava vy\u00f6t\u00e4r\u00f6 takaa mukavan istuvuuden<\/li>\n<li>S\u00e4\u00e4dett\u00e4v\u00e4 kiristysnauha<\/li>\n<li>Valmistettu Euroopassa<\/li>\n<\/ul>\n<p><!--EndFragment --><\/p>\n","protected":false},"excerpt":{"rendered":"<p>Pehme\u00e4st\u00e4 puuvillasekoitteesta valmistetut, sis\u00e4lt\u00e4 harjatut lyhyet shortsit. Materiaali: 80 % luomupuuvilla, 20 % polyesteri Joustava vy\u00f6t\u00e4r\u00f6 takaa mukavan istuvuuden S\u00e4\u00e4dett\u00e4v\u00e4 kiristysnauha Valmistettu Euroopassa<\/p>\n","protected":false},"featured_media":73251,"template":"","meta":{"_acf_changed":false},"pwb-brand":[836],"product_brand":[],"product_cat":[877,640,827,2183],"product_tag":[],"woo-feed-brand":[],"class_list":{"0":"post-73787","1":"product","2":"type-product","3":"status-publish","4":"has-post-thumbnail","6":"pwb-brand-holebrook-fi","7":"product_cat-edullinen-hinta-naiset","8":"product_cat-housut-fi","9":"product_cat-naiset","10":"product_cat-outlet-fi","12":"first","13":"instock","14":"sale","15":"taxable","16":"shipping-taxable","17":"purchasable","18":"product-type-variable","19":"wvs-archive-product-wrapper"},"acf":[],"brands":[{"id":836,"name":"Holebrook","slug":"holebrook-fi"}],"_links":{"self":[{"href":"https:\/\/nautical.store\/fi\/wp-json\/wp\/v2\/product\/73787","targetHints":{"allow":["GET"]}}],"collection":[{"href":"https:\/\/nautical.store\/fi\/wp-json\/wp\/v2\/product"}],"about":[{"href":"https:\/\/nautical.store\/fi\/wp-json\/wp\/v2\/types\/product"}],"wp:featuredmedia":[{"embeddable":true,"href":"https:\/\/nautical.store\/fi\/wp-json\/wp\/v2\/media\/73251"}],"wp:attachment":[{"href":"https:\/\/nautical.store\/fi\/wp-json\/wp\/v2\/media?parent=73787"}],"wp:term":[{"taxonomy":"pwb-brand","embeddable":true,"href":"https:\/\/nautical.store\/fi\/wp-json\/wp\/v2\/pwb-brand?post=73787"},{"taxonomy":"product_brand","embeddable":true,"href":"https:\/\/nautical.store\/fi\/wp-json\/wp\/v2\/product_brand?post=73787"},{"taxonomy":"product_cat","embeddable":true,"href":"https:\/\/nautical.store\/fi\/wp-json\/wp\/v2\/product_cat?post=73787"},{"taxonomy":"product_tag","embeddable":true,"href":"https:\/\/nautical.store\/fi\/wp-json\/wp\/v2\/product_tag?post=73787"},{"taxonomy":"woo-feed-brand","embeddable":true,"href":"https:\/\/nautical.store\/fi\/wp-json\/wp\/v2\/woo-feed-brand?post=73787"}],"curies":[{"name":"wp","href":"https:\/\/api.w.org\/{rel}","templated":true}]}}