{"id":73801,"date":"2025-03-28T17:24:40","date_gmt":"2025-03-28T15:24:40","guid":{"rendered":"https:\/\/nautical.store\/toode\/micaela-toppi\/"},"modified":"2025-03-28T17:24:40","modified_gmt":"2025-03-28T15:24:40","slug":"micaela-toppi","status":"publish","type":"product","link":"https:\/\/nautical.store\/fi\/tuote\/micaela-toppi\/","title":{"rendered":"Micaela Toppi"},"content":{"rendered":"<p class=\"\" data-start=\"0\" data-end=\"168\">Kevyt ja ilmava kes\u00e4inen toppi, valmistettu 100% korkealaatuisesta puuvillasta. Popliini on tihe\u00e4 kudontatekniikka, joka tekee kankaasta erityisen kest\u00e4v\u00e4n ja kevyen.<\/p>\n<ul>\n<li data-start=\"170\" data-end=\"387\">Koostumus: 100% puuvillaa<\/li>\n<li data-start=\"170\" data-end=\"387\">Halkiot sivuilla<\/li>\n<li data-start=\"170\" data-end=\"387\">Sivunapit mahdollistavat topin helpon muotoilun vy\u00f6t\u00e4r\u00f6lle<\/li>\n<li data-start=\"170\" data-end=\"387\">Normaali istuvuus<\/li>\n<li data-start=\"170\" data-end=\"387\">Valmistettu Euroopassa<\/li>\n<li data-start=\"170\" data-end=\"387\">Yhdist\u00e4 Micaela-hameeseen luodaksesi tyylikk\u00e4\u00e4n asukokonaisuuden<\/li>\n<\/ul>\n","protected":false},"excerpt":{"rendered":"<p>Kevyt ja ilmava kes\u00e4inen toppi, valmistettu 100% korkealaatuisesta puuvillasta. Popliini on tihe\u00e4 kudontatekniikka, joka tekee kankaasta erityisen kest\u00e4v\u00e4n ja kevyen. Koostumus: 100% puuvillaa Halkiot sivuilla Sivunapit mahdollistavat topin helpon muotoilun vy\u00f6t\u00e4r\u00f6lle Normaali istuvuus Valmistettu Euroopassa Yhdist\u00e4 Micaela-hameeseen luodaksesi tyylikk\u00e4\u00e4n asukokonaisuuden<\/p>\n","protected":false},"featured_media":73219,"template":"","meta":{"_acf_changed":false},"pwb-brand":[836],"product_brand":[],"product_cat":[877,827,590],"product_tag":[],"woo-feed-brand":[],"class_list":{"0":"post-73801","1":"product","2":"type-product","3":"status-publish","4":"has-post-thumbnail","6":"pwb-brand-holebrook-fi","7":"product_cat-edullinen-hinta-naiset","8":"product_cat-naiset","9":"product_cat-paidat","11":"first","12":"instock","13":"sale","14":"taxable","15":"shipping-taxable","16":"purchasable","17":"product-type-variable","18":"wvs-archive-product-wrapper"},"acf":[],"brands":[{"id":836,"name":"Holebrook","slug":"holebrook-fi"}],"_links":{"self":[{"href":"https:\/\/nautical.store\/fi\/wp-json\/wp\/v2\/product\/73801","targetHints":{"allow":["GET"]}}],"collection":[{"href":"https:\/\/nautical.store\/fi\/wp-json\/wp\/v2\/product"}],"about":[{"href":"https:\/\/nautical.store\/fi\/wp-json\/wp\/v2\/types\/product"}],"wp:featuredmedia":[{"embeddable":true,"href":"https:\/\/nautical.store\/fi\/wp-json\/wp\/v2\/media\/73219"}],"wp:attachment":[{"href":"https:\/\/nautical.store\/fi\/wp-json\/wp\/v2\/media?parent=73801"}],"wp:term":[{"taxonomy":"pwb-brand","embeddable":true,"href":"https:\/\/nautical.store\/fi\/wp-json\/wp\/v2\/pwb-brand?post=73801"},{"taxonomy":"product_brand","embeddable":true,"href":"https:\/\/nautical.store\/fi\/wp-json\/wp\/v2\/product_brand?post=73801"},{"taxonomy":"product_cat","embeddable":true,"href":"https:\/\/nautical.store\/fi\/wp-json\/wp\/v2\/product_cat?post=73801"},{"taxonomy":"product_tag","embeddable":true,"href":"https:\/\/nautical.store\/fi\/wp-json\/wp\/v2\/product_tag?post=73801"},{"taxonomy":"woo-feed-brand","embeddable":true,"href":"https:\/\/nautical.store\/fi\/wp-json\/wp\/v2\/woo-feed-brand?post=73801"}],"curies":[{"name":"wp","href":"https:\/\/api.w.org\/{rel}","templated":true}]}}