{"id":73868,"date":"2025-03-27T22:53:33","date_gmt":"2025-03-27T20:53:33","guid":{"rendered":"https:\/\/nautical.store\/toode\/juni-neule\/"},"modified":"2025-03-27T22:53:33","modified_gmt":"2025-03-27T20:53:33","slug":"juni-neule","status":"publish","type":"product","link":"https:\/\/nautical.store\/fi\/tuote\/juni-neule\/","title":{"rendered":"Juni Neule"},"content":{"rendered":"<p class=\"\" data-start=\"0\" data-end=\"71\">Lyhythihainen neule, valmistettu tekstuurikuvioidusta langasta.<\/p>\n<ul>\n<li data-start=\"73\" data-end=\"265\">Koostumus: 100% puuvillaa<\/li>\n<li data-start=\"73\" data-end=\"265\">Normaali istuvuus<\/li>\n<li data-start=\"73\" data-end=\"265\">Py\u00f6re\u00e4 p\u00e4\u00e4ntie<\/li>\n<li data-start=\"73\" data-end=\"265\">Vasemman alareunan Holebrook-logo<\/li>\n<li data-start=\"73\" data-end=\"265\">Valmistettu Euroopassa<\/li>\n<li data-start=\"73\" data-end=\"265\">Yhdist\u00e4 Cissi-hameen kanssa luodaksesi tyylikk\u00e4\u00e4n asukokonaisuuden<\/li>\n<\/ul>\n","protected":false},"excerpt":{"rendered":"<p>Lyhythihainen neule, valmistettu tekstuurikuvioidusta langasta. Koostumus: 100% puuvillaa Normaali istuvuus Py\u00f6re\u00e4 p\u00e4\u00e4ntie Vasemman alareunan Holebrook-logo Valmistettu Euroopassa Yhdist\u00e4 Cissi-hameen kanssa luodaksesi tyylikk\u00e4\u00e4n asukokonaisuuden<\/p>\n","protected":false},"featured_media":73056,"template":"","meta":{"_acf_changed":false},"pwb-brand":[836],"product_brand":[],"product_cat":[877,827,601],"product_tag":[],"woo-feed-brand":[],"class_list":{"0":"post-73868","1":"product","2":"type-product","3":"status-publish","4":"has-post-thumbnail","6":"pwb-brand-holebrook-fi","7":"product_cat-edullinen-hinta-naiset","8":"product_cat-naiset","9":"product_cat-neuleet","11":"first","12":"instock","13":"sale","14":"taxable","15":"shipping-taxable","16":"purchasable","17":"product-type-variable","18":"wvs-archive-product-wrapper"},"acf":[],"brands":[{"id":836,"name":"Holebrook","slug":"holebrook-fi"}],"_links":{"self":[{"href":"https:\/\/nautical.store\/fi\/wp-json\/wp\/v2\/product\/73868","targetHints":{"allow":["GET"]}}],"collection":[{"href":"https:\/\/nautical.store\/fi\/wp-json\/wp\/v2\/product"}],"about":[{"href":"https:\/\/nautical.store\/fi\/wp-json\/wp\/v2\/types\/product"}],"wp:featuredmedia":[{"embeddable":true,"href":"https:\/\/nautical.store\/fi\/wp-json\/wp\/v2\/media\/73056"}],"wp:attachment":[{"href":"https:\/\/nautical.store\/fi\/wp-json\/wp\/v2\/media?parent=73868"}],"wp:term":[{"taxonomy":"pwb-brand","embeddable":true,"href":"https:\/\/nautical.store\/fi\/wp-json\/wp\/v2\/pwb-brand?post=73868"},{"taxonomy":"product_brand","embeddable":true,"href":"https:\/\/nautical.store\/fi\/wp-json\/wp\/v2\/product_brand?post=73868"},{"taxonomy":"product_cat","embeddable":true,"href":"https:\/\/nautical.store\/fi\/wp-json\/wp\/v2\/product_cat?post=73868"},{"taxonomy":"product_tag","embeddable":true,"href":"https:\/\/nautical.store\/fi\/wp-json\/wp\/v2\/product_tag?post=73868"},{"taxonomy":"woo-feed-brand","embeddable":true,"href":"https:\/\/nautical.store\/fi\/wp-json\/wp\/v2\/woo-feed-brand?post=73868"}],"curies":[{"name":"wp","href":"https:\/\/api.w.org\/{rel}","templated":true}]}}