{"id":73889,"date":"2025-03-27T20:45:18","date_gmt":"2025-03-27T18:45:18","guid":{"rendered":"https:\/\/nautical.store\/toode\/liselotte-neule\/"},"modified":"2025-06-21T22:45:16","modified_gmt":"2025-06-21T19:45:16","slug":"liselotte-neule","status":"publish","type":"product","link":"https:\/\/nautical.store\/fi\/tuote\/liselotte-neule\/","title":{"rendered":"Liselotte Neule"},"content":{"rendered":"<p><!--StartFragment --><\/p>\n<p>Neulottu pusero, valmistettu korkealaatuisesta \u00d6ko-Tex-sertifioidusta pellava\u2013puuvillasekoitteesta. Materiaali on hengitt\u00e4v\u00e4 ja pehme\u00e4n tuntuinen \u2013 t\u00e4ydellinen valinta arkeen ja vapaalle. Rennossa mallissa on laskettu olkalinja, V-p\u00e4\u00e4ntie resorikauluksella ja sivuhalkiot, jotka lis\u00e4\u00e4v\u00e4t k\u00e4ytt\u00f6mukavuutta. Vasemmassa sivusaumassa pieni Holebrook-logo.<\/p>\n<p>Materiaali<strong>:<\/strong> 70\u202f% puuvillaa, 30\u202f% pellavaa<br \/>\nValmistettu Euroopassa<br \/>\nKoko XS <strong>\u2013 <\/strong>pituus olkasaumasta mitattuna 73 cm<\/p>\n<p><!--EndFragment --><\/p>\n","protected":false},"excerpt":{"rendered":"<p>Neulottu pusero, valmistettu korkealaatuisesta \u00d6ko-Tex-sertifioidusta pellava\u2013puuvillasekoitteesta. Materiaali on hengitt\u00e4v\u00e4 ja pehme\u00e4n tuntuinen \u2013 t\u00e4ydellinen valinta arkeen ja vapaalle. Rennossa mallissa on laskettu olkalinja, V-p\u00e4\u00e4ntie resorikauluksella ja sivuhalkiot, jotka lis\u00e4\u00e4v\u00e4t k\u00e4ytt\u00f6mukavuutta. Vasemmassa sivusaumassa pieni Holebrook-logo. Materiaali: 70\u202f% puuvillaa, 30\u202f% pellavaa Valmistettu Euroopassa Koko XS \u2013 pituus olkasaumasta mitattuna 73 cm<\/p>\n","protected":false},"featured_media":72996,"template":"","meta":{"_acf_changed":false},"pwb-brand":[836],"product_brand":[],"product_cat":[877,827,601],"product_tag":[],"woo-feed-brand":[],"class_list":{"0":"post-73889","1":"product","2":"type-product","3":"status-publish","4":"has-post-thumbnail","6":"pwb-brand-holebrook-fi","7":"product_cat-edullinen-hinta-naiset","8":"product_cat-naiset","9":"product_cat-neuleet","11":"first","12":"instock","13":"sale","14":"taxable","15":"shipping-taxable","16":"purchasable","17":"product-type-variable","18":"wvs-archive-product-wrapper"},"acf":[],"brands":[{"id":836,"name":"Holebrook","slug":"holebrook-fi"}],"_links":{"self":[{"href":"https:\/\/nautical.store\/fi\/wp-json\/wp\/v2\/product\/73889","targetHints":{"allow":["GET"]}}],"collection":[{"href":"https:\/\/nautical.store\/fi\/wp-json\/wp\/v2\/product"}],"about":[{"href":"https:\/\/nautical.store\/fi\/wp-json\/wp\/v2\/types\/product"}],"wp:featuredmedia":[{"embeddable":true,"href":"https:\/\/nautical.store\/fi\/wp-json\/wp\/v2\/media\/72996"}],"wp:attachment":[{"href":"https:\/\/nautical.store\/fi\/wp-json\/wp\/v2\/media?parent=73889"}],"wp:term":[{"taxonomy":"pwb-brand","embeddable":true,"href":"https:\/\/nautical.store\/fi\/wp-json\/wp\/v2\/pwb-brand?post=73889"},{"taxonomy":"product_brand","embeddable":true,"href":"https:\/\/nautical.store\/fi\/wp-json\/wp\/v2\/product_brand?post=73889"},{"taxonomy":"product_cat","embeddable":true,"href":"https:\/\/nautical.store\/fi\/wp-json\/wp\/v2\/product_cat?post=73889"},{"taxonomy":"product_tag","embeddable":true,"href":"https:\/\/nautical.store\/fi\/wp-json\/wp\/v2\/product_tag?post=73889"},{"taxonomy":"woo-feed-brand","embeddable":true,"href":"https:\/\/nautical.store\/fi\/wp-json\/wp\/v2\/woo-feed-brand?post=73889"}],"curies":[{"name":"wp","href":"https:\/\/api.w.org\/{rel}","templated":true}]}}